{"id":1119,"date":"2023-10-10T12:43:46","date_gmt":"2023-10-10T11:43:46","guid":{"rendered":"https:\/\/oanhbeautyspa.com\/?post_type=product&#038;p=1119"},"modified":"2023-10-31T21:36:41","modified_gmt":"2023-10-31T21:36:41","slug":"lip-zone-corrective-complex-15ml","status":"publish","type":"product","link":"https:\/\/oanhbeautyspa.com\/index.php\/product\/lip-zone-corrective-complex-15ml\/","title":{"rendered":"Lip Zone Corrective Complex &#8211; 15ml"},"content":{"rendered":"<p>Nh\u0169 t\u01b0\u01a1ng tr\u1ebb h\u00f3a to\u00e0n di\u1ec7n v\u00f9ng m\u00f4i v\u00e0 c\u1eb1m<\/p>\n<p><strong>C\u00d4NG D\u1ee4NG V\u00c0 TH\u00c0NH PH\u1ea6N CH\u00cdNH:<\/strong><br \/>\nCh\u1ed1ng l\u00e3o h\u00f3a, ph\u1ee5c h\u1ed3i t\u00e1i t\u1ea1o t\u1ebf b\u00e0o m\u00f4i, s\u00e1p ong v\u00e0 Vitamin E cung c\u1ea5p dinh d\u01b0\u1ee1ng t\u1ed1i \u0111a cho b\u1edd m\u00f4i m\u1ec1m m\u01b0\u1ee3t, \u0111\u1ed3ng th\u1eddi m\u00e0n l\u1ecdc UVA UVB ng\u0103n ch\u1eb7n tia c\u1ef1c t\u00edm c\u00f3 h\u1ea1i l\u00e0m th\u00e2m m\u00f4i, h\u1ee3p ch\u1ea5t Tripeptide ch\u1ed1ng s\u1ef1 \u0111\u1ee9t \u0111o\u1ea1n s\u1ee3i collagen v\u00e0 ch\u1ed1ng l\u00e3o h\u00f3a tuy\u1ec7t \u0111\u1ed1i l\u00e0m ph\u1eb3ng c\u00e1c n\u1ebfp g\u1ea5p quanh v\u00f9ng m\u00f4i v\u00e0 c\u1eb1m.<\/p>\n<p><strong>LO\u1ea0I DA PH\u00d9 H\u1ee2P<\/strong><br \/>\nT\u1ea5t c\u1ea3 lo\u1ea1i da<\/p>\n<p><strong>C\u00c1CH S\u1eec D\u1ee4NG<\/strong><br \/>\nThoa tr\u1ef1c ti\u1ebfp m\u1ed9t gi\u1ecdt l\u00ean m\u00f4i v\u00e0 tr\u00ean to\u00e0n b\u1ed9 v\u00f9ng m\u00f4i (vi\u1ec1n m\u00f4i v\u00e0 v\u00f9ng vi\u1ec1n m\u00f4i).<br \/>\nL\u1eb7p l\u1ea1i th\u01b0\u1eddng xuy\u00ean nh\u01b0 mong mu\u1ed1n.<br \/>\nCho ph\u00e9p th\u1ea9m th\u1ea5u tr\u01b0\u1edbc khi ti\u1ebfn h\u00e0nh trang \u0111i\u1ec3m.<br \/>\nC\u0169ng n\u00ean thoa v\u00e0o bu\u1ed5i t\u1ed1i tr\u01b0\u1edbc khi ng\u1ee7<\/p>\n","protected":false},"excerpt":{"rendered":"<p>Ch\u1ed1ng l\u00e3o h\u00f3a, ph\u1ee5c h\u1ed3i t\u00e1i t\u1ea1o t\u1ebf b\u00e0o m\u00f4i, s\u00e1p ong v\u00e0 Vitamin E cung c\u1ea5p dinh d\u01b0\u1ee1ng t\u1ed1i \u0111a cho b\u1edd m\u00f4i m\u1ec1m m\u01b0\u1ee3t, \u0111\u1ed3ng th\u1eddi m\u00e0n l\u1ecdc UVA UVB ng\u0103n ch\u1eb7n tia c\u1ef1c t\u00edm c\u00f3 h\u1ea1i l\u00e0m th\u00e2m m\u00f4i, h\u1ee3p ch\u1ea5t Tripeptide ch\u1ed1ng s\u1ef1 \u0111\u1ee9t \u0111o\u1ea1n s\u1ee3i collagen v\u00e0 ch\u1ed1ng l\u00e3o h\u00f3a tuy\u1ec7t \u0111\u1ed1i l\u00e0m ph\u1eb3ng c\u00e1c n\u1ebfp g\u1ea5p quanh v\u00f9ng m\u00f4i v\u00e0 c\u1eb1m.<\/p>\n","protected":false},"featured_media":1285,"comment_status":"open","ping_status":"closed","template":"","meta":{"site-sidebar-layout":"default","site-content-layout":"default","ast-global-header-display":"","ast-banner-title-visibility":"","ast-main-header-display":"","ast-hfb-above-header-display":"","ast-hfb-below-header-display":"","ast-hfb-mobile-header-display":"","site-post-title":"","ast-breadcrumbs-content":"","ast-featured-img":"","footer-sml-layout":"","theme-transparent-header-meta":"default","adv-header-id-meta":"","stick-header-meta":"","header-above-stick-meta":"","header-main-stick-meta":"","header-below-stick-meta":""},"product_cat":[36,39],"product_tag":[],"_links":{"self":[{"href":"https:\/\/oanhbeautyspa.com\/index.php\/wp-json\/wp\/v2\/product\/1119"}],"collection":[{"href":"https:\/\/oanhbeautyspa.com\/index.php\/wp-json\/wp\/v2\/product"}],"about":[{"href":"https:\/\/oanhbeautyspa.com\/index.php\/wp-json\/wp\/v2\/types\/product"}],"replies":[{"embeddable":true,"href":"https:\/\/oanhbeautyspa.com\/index.php\/wp-json\/wp\/v2\/comments?post=1119"}],"wp:featuredmedia":[{"embeddable":true,"href":"https:\/\/oanhbeautyspa.com\/index.php\/wp-json\/wp\/v2\/media\/1285"}],"wp:attachment":[{"href":"https:\/\/oanhbeautyspa.com\/index.php\/wp-json\/wp\/v2\/media?parent=1119"}],"wp:term":[{"taxonomy":"product_cat","embeddable":true,"href":"https:\/\/oanhbeautyspa.com\/index.php\/wp-json\/wp\/v2\/product_cat?post=1119"},{"taxonomy":"product_tag","embeddable":true,"href":"https:\/\/oanhbeautyspa.com\/index.php\/wp-json\/wp\/v2\/product_tag?post=1119"}],"curies":[{"name":"wp","href":"https:\/\/api.w.org\/{rel}","templated":true}]}}