{"id":1117,"date":"2023-10-10T12:43:46","date_gmt":"2023-10-10T11:43:46","guid":{"rendered":"https:\/\/oanhbeautyspa.com\/?post_type=product&#038;p=1117"},"modified":"2023-10-31T21:35:22","modified_gmt":"2023-10-31T21:35:22","slug":"aqua-pure-enzymatic-mask-75ml","status":"publish","type":"product","link":"https:\/\/oanhbeautyspa.com\/index.php\/product\/aqua-pure-enzymatic-mask-75ml\/","title":{"rendered":"Aqua Pure Enzymatic Mask &#8211; 75ml"},"content":{"rendered":"<p>M\u1eb7t n\u1ea1 tinh khi\u1ebft da, \u0111\u1eb7c tr\u1ecb da d\u1ea7u, m\u1ee5n v\u00e0 ph\u1ee5c h\u1ed3i da<\/p>\n<p><strong>C\u00d4NG D\u1ee4NG V\u00c0 TH\u00c0NH PH\u1ea6N CH\u00cdNH<\/strong><br \/>\nChi\u1ebft xu\u1ea5t t\u1eeb Enzym \u0111u \u0111\u1ee7 xanh, \u0111\u1ea5t s\u00e9t Kaolin, tr\u00e0 xanh v\u00e0 l\u00e1 c\u00e2y h\u01b0\u01a1ng th\u1ea3o. L\u00e0 m\u1eb7t n\u1ea1 \u0111\u1ea5t s\u00e9t d\u1ea1ng kem si\u00eau m\u1ecbn ch\u1ee9a th\u00e0nh ph\u1ea7n ch\u1ed1ng l\u00e3o h\u00f3a v\u00e0 \u00eam d\u1ecbu da, l\u00e0m tan r\u00e3 v\u00e0 lo\u1ea1i b\u1ecf t\u1ebf b\u00e0o ch\u1ebft tr\u00ean da, c\u00f3 kh\u1ea3 n\u0103ng h\u00fat d\u1ea7u v\u00e0 b\u00e3 nh\u1eddn, cung c\u1ea5p kho\u00e1ng ch\u1ea5t cho da, di\u1ec7t khu\u1ea9n, k\u1ebft h\u1ee3p h\u01b0\u01a1ng th\u1ea3o v\u00e0 tinh d\u1ea7u Bisabolo, chi\u1ebft xu\u1ea5t hoa c\u00fac ch\u1ed1ng oxy h\u00f3a v\u00e0 s\u1ee3 tho\u00e1i h\u00f3a b\u00e3 nh\u1eddn, nguy\u00ean nh\u00e2n g\u00e2y n\u00ean m\u1ee5n.<\/p>\n<p><strong>LO\u1ea0I DA PH\u00d9 H\u1ee2P<\/strong><br \/>\nDa d\u1ea7u, m\u1ee5n, c\u00f3 b\u00edt l\u1ed7 ch\u00e2n l\u00f4ng<\/p>\n<p><strong>C\u00c1CH S\u1eec D\u1ee4NG<\/strong><br \/>\nL\u00e0m s\u1ea1ch v\u00e0 lau kh\u00f4 da, tr\u01b0\u1edbc khi thoa m\u1ed9t l\u1edbp m\u1ecfng m\u1eb7t n\u1ea1 l\u00ean m\u1eb7t v\u00e0 d\u01b0\u1edbi quai h\u00e0m, nh\u1eefng n\u01a1i c\u00f2n xu\u1ea5t hi\u1ec7n c\u00e1c khuy\u1ebft \u0111i\u1ec3m. Tr\u00e1nh v\u00f9ng m\u1eaft. \u0110\u1ec3 trong 10-15 ph\u00fat, sau \u0111\u00f3 r\u1eeda s\u1ea1ch b\u1eb1ng n\u01b0\u1edbc \u1ea5m.<br \/>\nT\u1ea7n su\u1ea5t \u00e1p d\u1ee5ng thay \u0111\u1ed5i t\u00f9y theo t\u00ecnh tr\u1ea1ng da:.<br \/>\nL\u01b0u \u00fd: B\u1ea1n c\u00f3 th\u1ec3 c\u1ea3m th\u1ea5y ng\u1ee9a ran nh\u1eb9 khi c\u00e1c enzym c\u1ee7a \u0111u \u0111\u1ee7 th\u1ea9m th\u1ea5u v\u00e0o da. \u0110i\u1ec1u n\u00e0y cho b\u1ea1n bi\u1ebft r\u1eb1ng m\u1eb7t n\u1ea1 \u0111ang ho\u1ea1t \u0111\u1ed9ng \u0111\u1ec3 gi\u1ea3i \u0111\u1ed9c cho l\u00e0n da c\u1ee7a b\u1ea1n, kh\u00f4ng g\u00e2y k\u00edch \u1ee9ng. Tuy nhi\u00ean, ng\u01b0ng s\u1eed d\u1ee5ng n\u1ebfu da b\u1ecb kh\u00f3 ch\u1ecbu m\u1ea1nh ho\u1eb7c th\u1eed gi\u1ea3m t\u1ea7n su\u1ea5t s\u1eed d\u1ee5ng.<\/p>\n","protected":false},"excerpt":{"rendered":"<p>Chi\u1ebft xu\u1ea5t t\u1eeb Enzym \u0111u \u0111\u1ee7 xanh, \u0111\u1ea5t s\u00e9t Kaolin, tr\u00e0 xanh v\u00e0 l\u00e1 c\u00e2y h\u01b0\u01a1ng th\u1ea3o. L\u00e0 m\u1eb7t n\u1ea1 \u0111\u1ea5t s\u00e9t d\u1ea1ng kem si\u00eau m\u1ecbn ch\u1ee9a th\u00e0nh ph\u1ea7n ch\u1ed1ng l\u00e3o h\u00f3a v\u00e0 \u00eam d\u1ecbu da, l\u00e0m tan r\u00e3 v\u00e0 lo\u1ea1i b\u1ecf t\u1ebf b\u00e0o ch\u1ebft tr\u00ean da, c\u00f3 kh\u1ea3 n\u0103ng h\u00fat d\u1ea7u v\u00e0 b\u00e3 nh\u1eddn, cung c\u1ea5p kho\u00e1ng ch\u1ea5t cho da, di\u1ec7t khu\u1ea9n, k\u1ebft h\u1ee3p h\u01b0\u01a1ng th\u1ea3o v\u00e0 tinh d\u1ea7u Bisabolo, chi\u1ebft xu\u1ea5t hoa c\u00fac ch\u1ed1ng oxy h\u00f3a v\u00e0 s\u1ee3 tho\u00e1i h\u00f3a b\u00e3 nh\u1eddn, nguy\u00ean nh\u00e2n g\u00e2y n\u00ean m\u1ee5n.<\/p>\n","protected":false},"featured_media":1283,"comment_status":"open","ping_status":"closed","template":"","meta":{"site-sidebar-layout":"default","site-content-layout":"default","ast-global-header-display":"","ast-banner-title-visibility":"","ast-main-header-display":"","ast-hfb-above-header-display":"","ast-hfb-below-header-display":"","ast-hfb-mobile-header-display":"","site-post-title":"","ast-breadcrumbs-content":"","ast-featured-img":"","footer-sml-layout":"","theme-transparent-header-meta":"default","adv-header-id-meta":"","stick-header-meta":"","header-above-stick-meta":"","header-main-stick-meta":"","header-below-stick-meta":""},"product_cat":[36,40],"product_tag":[],"_links":{"self":[{"href":"https:\/\/oanhbeautyspa.com\/index.php\/wp-json\/wp\/v2\/product\/1117"}],"collection":[{"href":"https:\/\/oanhbeautyspa.com\/index.php\/wp-json\/wp\/v2\/product"}],"about":[{"href":"https:\/\/oanhbeautyspa.com\/index.php\/wp-json\/wp\/v2\/types\/product"}],"replies":[{"embeddable":true,"href":"https:\/\/oanhbeautyspa.com\/index.php\/wp-json\/wp\/v2\/comments?post=1117"}],"wp:featuredmedia":[{"embeddable":true,"href":"https:\/\/oanhbeautyspa.com\/index.php\/wp-json\/wp\/v2\/media\/1283"}],"wp:attachment":[{"href":"https:\/\/oanhbeautyspa.com\/index.php\/wp-json\/wp\/v2\/media?parent=1117"}],"wp:term":[{"taxonomy":"product_cat","embeddable":true,"href":"https:\/\/oanhbeautyspa.com\/index.php\/wp-json\/wp\/v2\/product_cat?post=1117"},{"taxonomy":"product_tag","embeddable":true,"href":"https:\/\/oanhbeautyspa.com\/index.php\/wp-json\/wp\/v2\/product_tag?post=1117"}],"curies":[{"name":"wp","href":"https:\/\/api.w.org\/{rel}","templated":true}]}}