{"id":1115,"date":"2023-10-10T12:43:46","date_gmt":"2023-10-10T11:43:46","guid":{"rendered":"https:\/\/oanhbeautyspa.com\/?post_type=product&#038;p=1115"},"modified":"2023-10-31T21:36:04","modified_gmt":"2023-10-31T21:36:04","slug":"aqua-vitale-gel-cream-50ml","status":"publish","type":"product","link":"https:\/\/oanhbeautyspa.com\/index.php\/product\/aqua-vitale-gel-cream-50ml\/","title":{"rendered":"Aqua Vitale Gel Cream &#8211; 50ml"},"content":{"rendered":"<p>Gel ti\u1ebfp n\u01b0\u1edbc v\u00e0 n\u0103ng l\u01b0\u1ee3ng ho\u00e0n h\u1ea3o<\/p>\n<p><strong>C\u00d4NG D\u1ee4NG<\/strong><br \/>\nGel c\u00f3 kh\u1ea3 n\u0103ng gi\u1eef n\u01b0\u1edbc c\u1ef1c \u0111\u1ea1i, duy tr\u00ec \u0111\u1ed9 \u1ea9m t\u1ed1i \u0111a, gi\u1ea3i t\u1ecfa t\u1ee9c th\u00ec c\u01a1n kh\u00e1t \u0111\u1ed9 \u1ea9m c\u1ee7a da, t\u0103ng s\u1ee9c \u0111\u1ec1 kh\u00e1ng cho da. V\u1edbi c\u00f4ng ngh\u1ec7 ti\u1ebfp n\u01b0\u1edbc c\u1ea3i ti\u1ebfn kh\u00f4ng d\u1ea7u, kh\u00f4ng g\u00e2y b\u00f3ng nh\u1eddn, kh\u00f3 ch\u1ecbu v\u00e0 ng\u1ed9p da, th\u00edch h\u1ee3p v\u1edbi th\u1eddi ti\u1ebft n\u1eafng n\u00f3ng. Lo\u1ea1i b\u1ecf m\u1ecdi d\u1ea5u hi\u1ec7u kh\u00f4 c\u0103ng v\u00e0 ch\u00e2m ch\u00edch tr\u00ean da, t\u0103ng c\u01b0\u1eddng h\u1ec7 mi\u1ec5n d\u1ecbch v\u00e0 kh\u1ea3 n\u0103ng ch\u1ecbu \u0111\u1ef1ng c\u1ee7a da. Gi\u1eef n\u01b0\u1edbc \u0111\u01b0\u1ee3c cho da trong v\u00f2ng 5 ng\u00e0y.<\/p>\n<p><strong>LO\u1ea0I DA PH\u00d9 H\u1ee2P<br \/>\n<\/strong>Lo\u1ea1i da: Da th\u01b0\u1eddng, da h\u1ed7n h\u1ee3p, da d\u1ea7u, da m\u1ea5t n\u01b0\u1edbc, nh\u1ea1y c\u1ea3m<\/p>\n<p><strong>TH\u00c0NH PH\u1ea6N CH\u00cdNH<\/strong><br \/>\nN\u01b0\u1edbc t\u1eeb \u0111\u1ec9nh n\u00fai Alpine, 24 lo\u1ea1i vitamin kh\u00e1c nhau ch\u1ee7 y\u1ebfu t\u1eeb g\u1ea1o, qu\u1ea3 l\u1ef1u, c\u00e2y h\u1ecd d\u1ec1n, ng\u00f4, \u0111\u1eadu n\u00e0nh&#8230;<\/p>\n<p><strong>C\u00c1CH S\u1eec D\u1ee4NG<\/strong><br \/>\nS\u1eed d\u1ee5ng: s\u00e1ng &#8211; t\u1ed1i sau b\u01b0\u1edbc l\u00e0m s\u1ea1ch da v\u00e0 d\u00f9ng Serum Aqua Gel cho tr\u01b0\u1eddng h\u1ee3p da c\u1ea7n ti\u1ebfp n\u01b0\u1edbc \u0111\u1eb7c bi\u1ec7t.<\/p>\n","protected":false},"excerpt":{"rendered":"<p>Gel c\u00f3 kh\u1ea3 n\u0103ng gi\u1eef n\u01b0\u1edbc c\u1ef1c \u0111\u1ea1i, duy tr\u00ec \u0111\u1ed9 \u1ea9m t\u1ed1i \u0111a, gi\u1ea3i t\u1ecfa t\u1ee9c th\u00ec c\u01a1n kh\u00e1t \u0111\u1ed9 \u1ea9m c\u1ee7a da, t\u0103ng s\u1ee9c \u0111\u1ec1 kh\u00e1ng cho da. V\u1edbi c\u00f4ng ngh\u1ec7 ti\u1ebfp n\u01b0\u1edbc c\u1ea3i ti\u1ebfn kh\u00f4ng d\u1ea7u, kh\u00f4ng g\u00e2y b\u00f3ng nh\u1eddn, kh\u00f3 ch\u1ecbu v\u00e0 ng\u1ed9p da, th\u00edch h\u1ee3p v\u1edbi th\u1eddi ti\u1ebft n\u1eafng n\u00f3ng. Lo\u1ea1i b\u1ecf m\u1ecdi d\u1ea5u hi\u1ec7u kh\u00f4 c\u0103ng v\u00e0 ch\u00e2m ch\u00edch tr\u00ean da, t\u0103ng c\u01b0\u1eddng h\u1ec7 mi\u1ec5n d\u1ecbch v\u00e0 kh\u1ea3 n\u0103ng ch\u1ecbu \u0111\u1ef1ng c\u1ee7a da. Gi\u1eef n\u01b0\u1edbc \u0111\u01b0\u1ee3c cho da trong v\u00f2ng 5 ng\u00e0y.<\/p>\n","protected":false},"featured_media":1279,"comment_status":"open","ping_status":"closed","template":"","meta":{"site-sidebar-layout":"default","site-content-layout":"default","ast-global-header-display":"","ast-banner-title-visibility":"","ast-main-header-display":"","ast-hfb-above-header-display":"","ast-hfb-below-header-display":"","ast-hfb-mobile-header-display":"","site-post-title":"","ast-breadcrumbs-content":"","ast-featured-img":"","footer-sml-layout":"","theme-transparent-header-meta":"default","adv-header-id-meta":"","stick-header-meta":"","header-above-stick-meta":"","header-main-stick-meta":"","header-below-stick-meta":""},"product_cat":[36,41],"product_tag":[],"_links":{"self":[{"href":"https:\/\/oanhbeautyspa.com\/index.php\/wp-json\/wp\/v2\/product\/1115"}],"collection":[{"href":"https:\/\/oanhbeautyspa.com\/index.php\/wp-json\/wp\/v2\/product"}],"about":[{"href":"https:\/\/oanhbeautyspa.com\/index.php\/wp-json\/wp\/v2\/types\/product"}],"replies":[{"embeddable":true,"href":"https:\/\/oanhbeautyspa.com\/index.php\/wp-json\/wp\/v2\/comments?post=1115"}],"wp:featuredmedia":[{"embeddable":true,"href":"https:\/\/oanhbeautyspa.com\/index.php\/wp-json\/wp\/v2\/media\/1279"}],"wp:attachment":[{"href":"https:\/\/oanhbeautyspa.com\/index.php\/wp-json\/wp\/v2\/media?parent=1115"}],"wp:term":[{"taxonomy":"product_cat","embeddable":true,"href":"https:\/\/oanhbeautyspa.com\/index.php\/wp-json\/wp\/v2\/product_cat?post=1115"},{"taxonomy":"product_tag","embeddable":true,"href":"https:\/\/oanhbeautyspa.com\/index.php\/wp-json\/wp\/v2\/product_tag?post=1115"}],"curies":[{"name":"wp","href":"https:\/\/api.w.org\/{rel}","templated":true}]}}