{"id":1114,"date":"2023-10-10T12:43:46","date_gmt":"2023-10-10T11:43:46","guid":{"rendered":"https:\/\/oanhbeautyspa.com\/?post_type=product&#038;p=1114"},"modified":"2023-10-31T21:37:14","modified_gmt":"2023-10-31T21:37:14","slug":"aqua-vitale-serum-24-30ml","status":"publish","type":"product","link":"https:\/\/oanhbeautyspa.com\/index.php\/product\/aqua-vitale-serum-24-30ml\/","title":{"rendered":"Aqua Vitale Serum 24 &#8211; 30ml"},"content":{"rendered":"<p>D\u01b0\u1ee1ng ch\u1ea5t 24h ti\u1ebfp n\u01b0\u1edbc v\u00e0 ph\u1ee5c h\u1ed3i da c\u1ea5p t\u1ed1c<\/p>\n<p><strong>C\u00d4NG D\u1ee4NG<\/strong><br \/>\nV\u1edbi 24 th\u00e0nh ph\u1ea7n dinh d\u01b0\u1ee1ng v\u00e0 kho\u00e1ng ch\u1ea5t thi\u00ean nhi\u00ean, c\u00f3 t\u00e1c d\u1ee5ng \u0111\u1ea9y l\u00f9i t\u1ee9c th\u00ec l\u00e0n da m\u1ec7t m\u1ecfi, c\u0103ng th\u1eb3ng v\u00e0 kh\u00f4 c\u0103ng. Salicornia l\u00e0 lo\u00e0i th\u1ef1c v\u1eadt s\u1ed1ng \u1edf ven bi\u1ec3n c\u00f3 kh\u1ea3 n\u0103ng ch\u1ed1ng th\u1ea5t tho\u00e1t n\u01b0\u1edbc tr\u00ean b\u1ec1 m\u1eb7t da, hoa nhung tuy\u1ebft, kh\u1ed5 s\u00e2m v\u00e0ng, l\u00e1 ch\u00e2n ng\u1ef1a, hoa c\u00fac, c\u00f3 t\u00ednh n\u0103ng ch\u1ed1ng l\u00e3o h\u00f3a, b\u1ea3o v\u1ec7 t\u1ebf b\u00e0o, v\u1ecf c\u00e2y Chile v\u00f9ng Nam M\u1ef9, gi\u00e0u vitamin PP, A, C k\u00edch th\u00edch t\u1ed5ng h\u1ee3p collagen l\u00e0m gi\u1ea3m \u0111\u00e1ng k\u1ec3 c\u00e1c \u0111\u1ed1m n\u00e2u, kho\u00e1ng ch\u1ea5t Oligo k\u00edch th\u00edch qu\u00e1 tr\u00ecnh trao \u0111\u1ed5i ch\u1ea5t c\u1ee7a t\u1ebf b\u00e0o. C\u1ea3m gi\u00e1c s\u1ea3ng kho\u00e1i, r\u1ea1ng r\u1ee1, m\u1ecbn m\u00e0ng<\/p>\n<p><strong>LO\u1ea0I DA PH\u00d9 H\u1ee2P<\/strong><br \/>\nM\u1ecdi lo\u1ea1i da, \u0111\u1eb7c bi\u1ec7t l\u00e0 da h\u1ed7n h\u1ee3p, da kh\u00f4 thi\u1ebfu n\u01b0\u1edbc<\/p>\n<p><strong>C\u00c1CH S\u1eec D\u1ee4NG<\/strong><br \/>\nS\u00e1ng, t\u1ed1i: v\u1ed7 nh\u1eb9 nh\u00e0ng serum kh\u1eafp m\u1eb7t v\u00e0 c\u1ed5, c\u00f3 th\u1ec3 k\u1ebft h\u1ee3p v\u1edbi c\u00e1c s\u1ea3n ph\u1ea9m dinh d\u01b0\u1ee1ng kh\u00e1c c\u1ee7a SWISSLINE<\/p>\n","protected":false},"excerpt":{"rendered":"<p>V\u1edbi 24 th\u00e0nh ph\u1ea7n dinh d\u01b0\u1ee1ng v\u00e0 kho\u00e1ng ch\u1ea5t thi\u00ean nhi\u00ean, c\u00f3 t\u00e1c d\u1ee5ng \u0111\u1ea9y l\u00f9i t\u1ee9c th\u00ec l\u00e0n da m\u1ec7t m\u1ecfi, c\u0103ng th\u1eb3ng v\u00e0 kh\u00f4 c\u0103ng. Salicornia l\u00e0 lo\u00e0i th\u1ef1c v\u1eadt s\u1ed1ng \u1edf ven bi\u1ec3n c\u00f3 kh\u1ea3 n\u0103ng ch\u1ed1ng th\u1ea5t tho\u00e1t n\u01b0\u1edbc tr\u00ean b\u1ec1 m\u1eb7t da, hoa nhung tuy\u1ebft, kh\u1ed5 s\u00e2m v\u00e0ng, l\u00e1 ch\u00e2n ng\u1ef1a, hoa c\u00fac, c\u00f3 t\u00ednh n\u0103ng ch\u1ed1ng l\u00e3o h\u00f3a, b\u1ea3o v\u1ec7 t\u1ebf b\u00e0o, v\u1ecf c\u00e2y Chile v\u00f9ng Nam M\u1ef9, gi\u00e0u vitamin PP, A, C k\u00edch th\u00edch t\u1ed5ng h\u1ee3p collagen l\u00e0m gi\u1ea3m \u0111\u00e1ng k\u1ec3 c\u00e1c \u0111\u1ed1m n\u00e2u, kho\u00e1ng ch\u1ea5t Oligo k\u00edch th\u00edch qu\u00e1 tr\u00ecnh trao \u0111\u1ed5i ch\u1ea5t c\u1ee7a t\u1ebf b\u00e0o. C\u1ea3m gi\u00e1c s\u1ea3ng kho\u00e1i, r\u1ea1ng r\u1ee1, m\u1ecbn m\u00e0ng<\/p>\n","protected":false},"featured_media":1278,"comment_status":"open","ping_status":"closed","template":"","meta":{"site-sidebar-layout":"default","site-content-layout":"default","ast-global-header-display":"","ast-banner-title-visibility":"","ast-main-header-display":"","ast-hfb-above-header-display":"","ast-hfb-below-header-display":"","ast-hfb-mobile-header-display":"","site-post-title":"","ast-breadcrumbs-content":"","ast-featured-img":"","footer-sml-layout":"","theme-transparent-header-meta":"default","adv-header-id-meta":"","stick-header-meta":"","header-above-stick-meta":"","header-main-stick-meta":"","header-below-stick-meta":""},"product_cat":[36,38],"product_tag":[],"_links":{"self":[{"href":"https:\/\/oanhbeautyspa.com\/index.php\/wp-json\/wp\/v2\/product\/1114"}],"collection":[{"href":"https:\/\/oanhbeautyspa.com\/index.php\/wp-json\/wp\/v2\/product"}],"about":[{"href":"https:\/\/oanhbeautyspa.com\/index.php\/wp-json\/wp\/v2\/types\/product"}],"replies":[{"embeddable":true,"href":"https:\/\/oanhbeautyspa.com\/index.php\/wp-json\/wp\/v2\/comments?post=1114"}],"wp:featuredmedia":[{"embeddable":true,"href":"https:\/\/oanhbeautyspa.com\/index.php\/wp-json\/wp\/v2\/media\/1278"}],"wp:attachment":[{"href":"https:\/\/oanhbeautyspa.com\/index.php\/wp-json\/wp\/v2\/media?parent=1114"}],"wp:term":[{"taxonomy":"product_cat","embeddable":true,"href":"https:\/\/oanhbeautyspa.com\/index.php\/wp-json\/wp\/v2\/product_cat?post=1114"},{"taxonomy":"product_tag","embeddable":true,"href":"https:\/\/oanhbeautyspa.com\/index.php\/wp-json\/wp\/v2\/product_tag?post=1114"}],"curies":[{"name":"wp","href":"https:\/\/api.w.org\/{rel}","templated":true}]}}