{"id":1113,"date":"2023-10-10T12:43:46","date_gmt":"2023-10-10T11:43:46","guid":{"rendered":"https:\/\/oanhbeautyspa.com\/?post_type=product&#038;p=1113"},"modified":"2023-10-31T21:33:17","modified_gmt":"2023-10-31T21:33:17","slug":"hydra-soothing-mask-75ml","status":"publish","type":"product","link":"https:\/\/oanhbeautyspa.com\/index.php\/product\/hydra-soothing-mask-75ml\/","title":{"rendered":"Hydra Soothing Mask &#8211; 75ml"},"content":{"rendered":"<p>M\u1eb6T N\u1ea0 TI\u1ebeP N\u01af\u1edaC, VITAMIN V\u00c0 KHO\u00c1NG CH\u1ea4T CHO DA<\/p>\n<p><strong>C\u00d4NG D\u1ee4NG<\/strong><br \/>\nCung c\u1ea5p ngu\u1ed3n dinh d\u01b0\u1ee1ng v\u00e0 \u0111\u1ed9 \u1ea9m chuy\u00ean s\u00e2u, ph\u1ee5c h\u1ed3i t\u1ee9c kh\u1eafc c\u00e1c d\u1ea5u hi\u1ec7u kh\u00f4 c\u1eb1n v\u00e0 m\u1ea5t n\u01b0\u1edbc, lo\u1ea1i b\u1ecf c\u00e1c d\u1ea5u hi\u1ec7u k\u00edch \u1ee9ng v\u00e0 n\u00f3ng \u0111\u1ecf da. Ph\u1ee5c h\u1ed3i l\u1edbp m\u00e0n b\u1ea3o v\u1ec7 t\u1ef1 nhi\u00ean v\u00e0 s\u1ee9c s\u1ed1ng m\u1edbi cho l\u00e0n da, b\u1ec1 m\u1eb7t da s\u1ebd tr\u1edf n\u00ean t\u01b0\u01a1i t\u1eafn, s\u00e1ng m\u1ecbn v\u00e0 m\u1ec1m m\u1ea1i th\u1eadt ho\u00e0n h\u1ea3o.<\/p>\n<p><strong>LO\u1ea0I DA PH\u00d9 H\u1ee2P<\/strong><br \/>\nT\u1ea5t c\u1ea3 lo\u1ea1i da, \u0111\u1eb7c bi\u1ec7t l\u00e0 da m\u1ea5t n\u01b0\u1edbc xuy\u00ean bi\u1ec3u b\u00ec<\/p>\n<p><strong>TH\u00c0NH PH\u1ea6N CH\u00cdNH<\/strong><br \/>\nChi\u1ebft xu\u1ea5t t\u1eeb s\u1eefa hoa Iris tr\u1eafng v\u00e0 3 chi\u1ebft xu\u1ea5t th\u1ea3o d\u01b0\u1ee3c v\u00f9ng n\u00fai tuy\u1ebft Th\u1ee5y S\u1ef9<\/p>\n<p><strong>C\u00c1CH S\u1eec D\u1ee4NG<\/strong><br \/>\nL\u00e0m s\u1ea1ch da v\u00e0 thoa \u0111\u1ec1u m\u1ed9t l\u1edbp m\u1eb7t n\u1ea1 l\u00ean m\u1eb7t v\u00e0 c\u1ed5.<br \/>\n\u0110\u1ec3 m\u1eb7t n\u1ea1 ho\u1ea1t \u0111\u1ed9ng trong 15-20 ph\u00fat sau \u0111\u00f3 nh\u1eb9 nh\u00e0ng lo\u1ea1i b\u1ecf ph\u1ea7n d\u01b0 th\u1eeba b\u1eb1ng kh\u0103n gi\u1ea5y m\u1ec1m, ho\u1eb7c r\u1eeda s\u1ea1ch b\u1eb1ng n\u01b0\u1edbc m\u00e1t \u0111\u1ec3 t\u0103ng c\u01b0\u1eddng hi\u1ec7u qu\u1ea3 ti\u1ebfp th\u00eam sinh l\u1ef1c.<br \/>\nS\u1eed d\u1ee5ng 1-3 l\u1ea7n m\u1ed7i tu\u1ea7n t\u00f9y theo t\u00ecnh tr\u1ea1ng da.<\/p>\n","protected":false},"excerpt":{"rendered":"<p>Cung c\u1ea5p ngu\u1ed3n dinh d\u01b0\u1ee1ng v\u00e0 \u0111\u1ed9 \u1ea9m chuy\u00ean s\u00e2u, ph\u1ee5c h\u1ed3i t\u1ee9c kh\u1eafc c\u00e1c d\u1ea5u hi\u1ec7u kh\u00f4 c\u1eb1n v\u00e0 m\u1ea5t n\u01b0\u1edbc, lo\u1ea1i b\u1ecf c\u00e1c d\u1ea5u hi\u1ec7u k\u00edch \u1ee9ng v\u00e0 n\u00f3ng \u0111\u1ecf da. Ph\u1ee5c h\u1ed3i l\u1edbp m\u00e0n b\u1ea3o v\u1ec7 t\u1ef1 nhi\u00ean v\u00e0 s\u1ee9c s\u1ed1ng m\u1edbi cho l\u00e0n da, b\u1ec1 m\u1eb7t da s\u1ebd tr\u1edf n\u00ean t\u01b0\u01a1i t\u1eafn, s\u00e1ng m\u1ecbn v\u00e0 m\u1ec1m m\u1ea1i th\u1eadt ho\u00e0n h\u1ea3o.<\/p>\n","protected":false},"featured_media":1277,"comment_status":"open","ping_status":"closed","template":"","meta":{"site-sidebar-layout":"default","site-content-layout":"default","ast-global-header-display":"","ast-banner-title-visibility":"","ast-main-header-display":"","ast-hfb-above-header-display":"","ast-hfb-below-header-display":"","ast-hfb-mobile-header-display":"","site-post-title":"","ast-breadcrumbs-content":"","ast-featured-img":"","footer-sml-layout":"","theme-transparent-header-meta":"default","adv-header-id-meta":"","stick-header-meta":"","header-above-stick-meta":"","header-main-stick-meta":"","header-below-stick-meta":""},"product_cat":[36,40],"product_tag":[],"_links":{"self":[{"href":"https:\/\/oanhbeautyspa.com\/index.php\/wp-json\/wp\/v2\/product\/1113"}],"collection":[{"href":"https:\/\/oanhbeautyspa.com\/index.php\/wp-json\/wp\/v2\/product"}],"about":[{"href":"https:\/\/oanhbeautyspa.com\/index.php\/wp-json\/wp\/v2\/types\/product"}],"replies":[{"embeddable":true,"href":"https:\/\/oanhbeautyspa.com\/index.php\/wp-json\/wp\/v2\/comments?post=1113"}],"wp:featuredmedia":[{"embeddable":true,"href":"https:\/\/oanhbeautyspa.com\/index.php\/wp-json\/wp\/v2\/media\/1277"}],"wp:attachment":[{"href":"https:\/\/oanhbeautyspa.com\/index.php\/wp-json\/wp\/v2\/media?parent=1113"}],"wp:term":[{"taxonomy":"product_cat","embeddable":true,"href":"https:\/\/oanhbeautyspa.com\/index.php\/wp-json\/wp\/v2\/product_cat?post=1113"},{"taxonomy":"product_tag","embeddable":true,"href":"https:\/\/oanhbeautyspa.com\/index.php\/wp-json\/wp\/v2\/product_tag?post=1113"}],"curies":[{"name":"wp","href":"https:\/\/api.w.org\/{rel}","templated":true}]}}