{"id":1112,"date":"2023-10-10T12:43:46","date_gmt":"2023-10-10T11:43:46","guid":{"rendered":"https:\/\/oanhbeautyspa.com\/?post_type=product&#038;p=1112"},"modified":"2023-10-31T21:33:32","modified_gmt":"2023-10-31T21:33:32","slug":"mild-exfoliating-refiner","status":"publish","type":"product","link":"https:\/\/oanhbeautyspa.com\/index.php\/product\/mild-exfoliating-refiner\/","title":{"rendered":"Mild Exfoliating Refiner"},"content":{"rendered":"<p>T\u1ea9y da ch\u1ebft h\u1ea1t ng\u1ecdc trai xay nhuy\u1ec5n<\/p>\n<p><strong>C\u00d4NG D\u1ee4NG<\/strong><br \/>\nV\u1edbi chi\u1ebft xu\u1ea5t t\u1eeb ng\u1ecdc trai m\u00e0i nhuy\u1ec5n c\u00f3 t\u00e1c d\u1ee5ng l\u00e0m bong v\u00e0 l\u1ea5y s\u1ea1ch \u0111i nh\u1eefng t\u1ebf b\u00e0o gi\u00e0 c\u1ed7i ho\u1eb7c \u0111\u00e3 ch\u1ebft tr\u00ean da, gi\u00fap l\u00e0m s\u1ea1ch da v\u00e0 m\u1ee5n c\u00e1m. Vitamin C v\u00e0 E k\u00edch th\u00edch t\u00e1i t\u1ea1o l\u1edbp da m\u1edbi tinh khi\u1ebft, tr\u01a1n m\u1ecbn v\u00e0 m\u1ec1m m\u1ea1i<\/p>\n<p><strong>LO\u1ea0I DA PH\u00d9 H\u1ee2P<\/strong><br \/>\nT\u1ea5t c\u1ea3 c\u00e1c lo\u1ea1i da tr\u1eeb da \u0111ang b\u1ecb m\u1ee5n vi\u00eam nhi\u1ec5m<\/p>\n<p><strong>TH\u00c0NH PH\u1ea6N CH\u00cdNH<\/strong><br \/>\nH\u1ea1t ng\u1ecdc trai xay nhuy\u1ec5n v\u00e0 y\u1ebfn m\u1ea1ch<\/p>\n<p><strong>C\u00c1CH S\u1eec D\u1ee4NG<\/strong><br \/>\nThoa l\u00ean da \u1ea9m v\u00e0 \u0111\u00e3 l\u00e0m s\u1ea1ch, tr\u00e1nh v\u00f9ng m\u1eaft v\u00e0 m\u00f4i.<br \/>\nNh\u1eb9 nh\u00e0ng m\u00e1t-xa m\u1eb7t theo chuy\u1ec3n \u0111\u1ed9ng tr\u00f2n.<br \/>\nR\u1eeda s\u1ea1ch b\u1eb1ng n\u01b0\u1edbc \u1ea5m.<br \/>\nS\u1eed d\u1ee5ng 1-3 l\u1ea7n m\u1ed7i tu\u1ea7n t\u00f9y thu\u1ed9c v\u00e0o t\u00ecnh tr\u1ea1ng da.<\/p>\n","protected":false},"excerpt":{"rendered":"<p>V\u1edbi chi\u1ebft xu\u1ea5t t\u1eeb ng\u1ecdc trai m\u00e0i nhuy\u1ec5n c\u00f3 t\u00e1c d\u1ee5ng l\u00e0m bong v\u00e0 l\u1ea5y s\u1ea1ch \u0111i nh\u1eefng t\u1ebf b\u00e0o gi\u00e0 c\u1ed7i ho\u1eb7c \u0111\u00e3 ch\u1ebft tr\u00ean da, gi\u00fap l\u00e0m s\u1ea1ch da v\u00e0 m\u1ee5n c\u00e1m. Vitamin C v\u00e0 E k\u00edch th\u00edch t\u00e1i t\u1ea1o l\u1edbp da m\u1edbi tinh khi\u1ebft, tr\u01a1n m\u1ecbn v\u00e0 m\u1ec1m m\u1ea1i<\/p>\n","protected":false},"featured_media":1276,"comment_status":"open","ping_status":"closed","template":"","meta":{"site-sidebar-layout":"default","site-content-layout":"default","ast-global-header-display":"","ast-banner-title-visibility":"","ast-main-header-display":"","ast-hfb-above-header-display":"","ast-hfb-below-header-display":"","ast-hfb-mobile-header-display":"","site-post-title":"","ast-breadcrumbs-content":"","ast-featured-img":"","footer-sml-layout":"","theme-transparent-header-meta":"default","adv-header-id-meta":"","stick-header-meta":"","header-above-stick-meta":"","header-main-stick-meta":"","header-below-stick-meta":""},"product_cat":[36,44],"product_tag":[],"_links":{"self":[{"href":"https:\/\/oanhbeautyspa.com\/index.php\/wp-json\/wp\/v2\/product\/1112"}],"collection":[{"href":"https:\/\/oanhbeautyspa.com\/index.php\/wp-json\/wp\/v2\/product"}],"about":[{"href":"https:\/\/oanhbeautyspa.com\/index.php\/wp-json\/wp\/v2\/types\/product"}],"replies":[{"embeddable":true,"href":"https:\/\/oanhbeautyspa.com\/index.php\/wp-json\/wp\/v2\/comments?post=1112"}],"wp:featuredmedia":[{"embeddable":true,"href":"https:\/\/oanhbeautyspa.com\/index.php\/wp-json\/wp\/v2\/media\/1276"}],"wp:attachment":[{"href":"https:\/\/oanhbeautyspa.com\/index.php\/wp-json\/wp\/v2\/media?parent=1112"}],"wp:term":[{"taxonomy":"product_cat","embeddable":true,"href":"https:\/\/oanhbeautyspa.com\/index.php\/wp-json\/wp\/v2\/product_cat?post=1112"},{"taxonomy":"product_tag","embeddable":true,"href":"https:\/\/oanhbeautyspa.com\/index.php\/wp-json\/wp\/v2\/product_tag?post=1112"}],"curies":[{"name":"wp","href":"https:\/\/api.w.org\/{rel}","templated":true}]}}