{"id":1111,"date":"2023-10-10T12:43:46","date_gmt":"2023-10-10T11:43:46","guid":{"rendered":"https:\/\/oanhbeautyspa.com\/?post_type=product&#038;p=1111"},"modified":"2023-10-31T21:34:08","modified_gmt":"2023-10-31T21:34:08","slug":"lait-u-250ml","status":"publish","type":"product","link":"https:\/\/oanhbeautyspa.com\/index.php\/product\/lait-u-250ml\/","title":{"rendered":"Lait U &#8211; 250ml"},"content":{"rendered":"<p>Lait U<br \/>\nS\u1eefa r\u1eeda m\u1eb7t l\u00e0m s\u1ea1ch kh\u00e1ng khu\u1ea9n<\/p>\n<p><strong>\u2022 L\u00c0M S\u1ea0CH \u2022 KH\u00c1NG KHU\u1ea8N \u2022 L\u00c0M D\u1ecaU<\/strong><br \/>\nLait U nh\u1eb9 nh\u00e0ng lo\u1ea1i b\u1ecf trang \u0111i\u1ec3m nh\u1edd c\u00f4ng th\u1ee9c c\u00f3 ch\u1ee9a d\u1ea7u th\u1ef1c v\u1eadt. S\u1ea3n ph\u1ea9m b\u1ea3o v\u1ec7 ch\u1ee9c n\u0103ng r\u00e0o c\u1ea3n c\u1ee7a l\u1edbp bi\u1ec3u b\u00ec b\u1eb1ng c\u00e1ch b\u1ea3o v\u1ec7 m\u00e0ng hydrolipidic kh\u00f4ng g\u00e2y m\u1ea5t \u0111\u1ed9 \u1ea9m. C\u00f4ng th\u1ee9c nh\u1eb9 nh\u00e0ng v\u00e0 t\u01b0\u01a1i m\u00e1t gi\u00fap l\u00e0n da b\u1ea1n \u0111\u01b0\u1ee3c h\u00f4 h\u1ea5p d\u1ec5 d\u00e0ng, kh\u00f4ng c\u00f3 m\u00e0ng d\u1ea7u l\u01b0u l\u1ea1i tr\u00ean da.<\/p>\n<p><strong>H\u01af\u1edaNG D\u1eaaN S\u1eec D\u1ee4NG<\/strong><br \/>\n1. L\u1ea5y 1 l\u01b0\u1ee3ng v\u1eeba \u0111\u1ee7 massage nh\u1eb9 nh\u00e0ng theo chuy\u1ec3n \u0111\u1ed9ng xoay tr\u00f2n cho to\u00e0n b\u1ed9 khu\u00f4n m\u1eb7t v\u00e0 c\u1ed5<br \/>\n2. Lo\u1ea1i b\u1ecf b\u1eb1ng b\u00f4ng \u1ea9m ho\u1eb7c n\u01b0\u1edbc l\u1ea1nh.<br \/>\n3. L\u1eb7p l\u1ea1i cho \u0111\u1ebfn khi t\u1ea5t c\u1ea3 c\u00e1c t\u1ea1p ch\u1ea5t \u0111\u00e3 \u0111\u01b0\u1ee3c lo\u1ea1i b\u1ecf.<br \/>\n4. Lau kh\u00f4 b\u1eb1ng kh\u0103n gi\u1ea5y.<\/p>\n<p><strong>TH\u1eacN TR\u1eccNG KHI S\u1eec D\u1ee4NG<\/strong><br \/>\nKh\u00f4ng s\u1eed d\u1ee5ng cho tr\u1ebb em d\u01b0\u1edbi 3 tu\u1ed5i.<br \/>\nCh\u1ec9 s\u1eed d\u1ee5ng ngo\u00e0i da.<\/p>\n<p><strong>\u0110\u1ecaNH D\u1ea0NG<\/strong><br \/>\n150ml, 250ml<\/p>\n","protected":false},"excerpt":{"rendered":"<p>Lait U nh\u1eb9 nh\u00e0ng lo\u1ea1i b\u1ecf trang \u0111i\u1ec3m nh\u1edd c\u00f4ng th\u1ee9c c\u00f3 ch\u1ee9a d\u1ea7u th\u1ef1c v\u1eadt. S\u1ea3n ph\u1ea9m b\u1ea3o v\u1ec7 ch\u1ee9c n\u0103ng r\u00e0o c\u1ea3n c\u1ee7a l\u1edbp bi\u1ec3u b\u00ec b\u1eb1ng c\u00e1ch b\u1ea3o v\u1ec7 m\u00e0ng hydrolipidic kh\u00f4ng g\u00e2y m\u1ea5t \u0111\u1ed9 \u1ea9m. C\u00f4ng th\u1ee9c nh\u1eb9 nh\u00e0ng v\u00e0 t\u01b0\u01a1i m\u00e1t gi\u00fap l\u00e0n da b\u1ea1n \u0111\u01b0\u1ee3c h\u00f4 h\u1ea5p d\u1ec5 d\u00e0ng, kh\u00f4ng c\u00f3 m\u00e0ng d\u1ea7u l\u01b0u l\u1ea1i tr\u00ean da.<\/p>\n","protected":false},"featured_media":1275,"comment_status":"open","ping_status":"closed","template":"","meta":{"site-sidebar-layout":"default","site-content-layout":"default","ast-global-header-display":"","ast-banner-title-visibility":"","ast-main-header-display":"","ast-hfb-above-header-display":"","ast-hfb-below-header-display":"","ast-hfb-mobile-header-display":"","site-post-title":"","ast-breadcrumbs-content":"","ast-featured-img":"","footer-sml-layout":"","theme-transparent-header-meta":"default","adv-header-id-meta":"","stick-header-meta":"","header-above-stick-meta":"","header-main-stick-meta":"","header-below-stick-meta":""},"product_cat":[35,44],"product_tag":[],"_links":{"self":[{"href":"https:\/\/oanhbeautyspa.com\/index.php\/wp-json\/wp\/v2\/product\/1111"}],"collection":[{"href":"https:\/\/oanhbeautyspa.com\/index.php\/wp-json\/wp\/v2\/product"}],"about":[{"href":"https:\/\/oanhbeautyspa.com\/index.php\/wp-json\/wp\/v2\/types\/product"}],"replies":[{"embeddable":true,"href":"https:\/\/oanhbeautyspa.com\/index.php\/wp-json\/wp\/v2\/comments?post=1111"}],"wp:featuredmedia":[{"embeddable":true,"href":"https:\/\/oanhbeautyspa.com\/index.php\/wp-json\/wp\/v2\/media\/1275"}],"wp:attachment":[{"href":"https:\/\/oanhbeautyspa.com\/index.php\/wp-json\/wp\/v2\/media?parent=1111"}],"wp:term":[{"taxonomy":"product_cat","embeddable":true,"href":"https:\/\/oanhbeautyspa.com\/index.php\/wp-json\/wp\/v2\/product_cat?post=1111"},{"taxonomy":"product_tag","embeddable":true,"href":"https:\/\/oanhbeautyspa.com\/index.php\/wp-json\/wp\/v2\/product_tag?post=1111"}],"curies":[{"name":"wp","href":"https:\/\/api.w.org\/{rel}","templated":true}]}}