{"id":1110,"date":"2023-10-10T12:43:45","date_gmt":"2023-10-10T11:43:45","guid":{"rendered":"https:\/\/oanhbeautyspa.com\/?post_type=product&#038;p=1110"},"modified":"2023-10-31T21:41:06","modified_gmt":"2023-10-31T21:41:06","slug":"silk-plus-30ml","status":"publish","type":"product","link":"https:\/\/oanhbeautyspa.com\/index.php\/product\/silk-plus-30ml\/","title":{"rendered":"Silk Plus &#8211; 30ml"},"content":{"rendered":"<p>Silk Plus<br \/>\nTinh ch\u1ea5t ho\u00e0n thi\u1ec7n t\u00e1i t\u1ea1o da l\u00e3o h\u00f3a<\/p>\n<p><strong>\u2022 L\u00c0M D\u1ecaU \u2022 C\u1ea4P \u1ea8M \u2022 K\u00cdCH TH\u00cdCH C\u0102NG B\u00d3NG<\/strong><br \/>\nTh\u1ea7n d\u01b0\u1ee3c \u00eam di\u0323u huy\u1ebft thanh Silk Plus gi\u00fap c\u1ea3i thi\u1ec7n c\u00e1c bi\u1ec3u b\u00ec c\u00f3 xu h\u01b0\u1edbng tr\u1edf n\u00ean s\u00e1ng b\u00f3ng theo th\u01a1\u0300i gian. C\u00f4ng th\u1ee9c Silk Plus c\u0169ng l\u00e0m d\u1ecbu c\u00e1c bi\u1ec3u b\u00ec m\u1ecfng manh. Sa\u0309n ph\u00e2\u0309m gi\u00fap t\u1ea1o ra m\u1ed9t h\u00e0ng r\u00e0o b\u1ea3o v\u1ec7 \u0111\u1ec3 ng\u0103n ch\u1eb7n t\u00e1c \u0111\u1ed9ng c\u1ee7a c\u00e1c g\u1ed1c t\u1ef1 do. Hi\u1ec7u \u1ee9ng da tr\u1eafng h\u1ed3ng c\u1ee7a Silk Plus mang l\u1ea1i cho l\u00e0n da m\u1ed9t c\u1ea3m gi\u00e1c m\u01b0\u1ee3t m\u00e0. Da m\u1edd mi\u0323n v\u00e0 r\u1ea1ng r\u1ee1 v\u00e0 \u00e1nh s\u00e1ng \u0111\u01b0\u1ee3c ph\u1ea3n chi\u1ebfu ra\u0323ng r\u01a1\u0303 tr\u00ean b\u1ec1 m\u1eb7t da.<br \/>\nKhuy\u00ean du\u0300ng cho da ti\u1ebft b\u00e3 nh\u1eddn v\u00e0 da nh\u1ea1y c\u1ea3m.<\/p>\n<p><strong>H\u01af\u1edaNG D\u1eaaN S\u1eec D\u1ee4NG<\/strong><br \/>\n1. Thoa 4 \u0111\u1ebfn 5 gi\u1ecdt serum b\u1ea3o v\u1ec7 l\u00ean to\u00e0n b\u1ed9 khu\u00f4n m\u1eb7t, c\u1ed5 v\u00e0 vai, v\u00e0o bu\u1ed5i s\u00e1ng v\u00e0 v\u00e0o ban \u0111\u00eam.<br \/>\n2. S\u1ea3n ph\u1ea9m n\u00e0y l\u00e0 b\u01b0\u1edbc ch\u0103m s\u00f3c cu\u1ed1i c\u00f9ng \u0111\u01b0\u1ee3c s\u1eed d\u1ee5ng trong ch\u01b0\u01a1ng tr\u00ecnh ch\u0103m s\u00f3c da Biologique Recherche.<\/p>\n<p><strong>TH\u1eacN TR\u1eccNG KHI S\u1eec D\u1ee4NG<\/strong><br \/>\nKh\u00f4ng s\u1eed d\u1ee5ng cho tr\u1ebb em d\u01b0\u1edbi 3 tu\u1ed5i.<br \/>\nTr\u00e1nh ti\u1ebfp x\u00fac v\u1edbi m\u1eaft.<br \/>\nTr\u00e1nh ti\u1ebfp x\u00fac ngay v\u1edbi \u00e1nh n\u1eafng m\u1eb7t tr\u1eddi sau khi thoa s\u1ea3n ph\u1ea9m.<br \/>\nCh\u1ec9 s\u1eed d\u1ee5ng ngo\u00e0i da.<\/p>\n<p><strong>\u0110\u1ecaNH D\u1ea0NG<\/strong><br \/>\n8ml, 30ml<\/p>\n","protected":false},"excerpt":{"rendered":"<p>Th\u1ea7n d\u01b0\u1ee3c \u00eam di\u0323u huy\u1ebft thanh Silk Plus gi\u00fap c\u1ea3i thi\u1ec7n c\u00e1c bi\u1ec3u b\u00ec c\u00f3 xu h\u01b0\u1edbng tr\u1edf n\u00ean s\u00e1ng b\u00f3ng theo th\u01a1\u0300i gian. C\u00f4ng th\u1ee9c Silk Plus c\u0169ng l\u00e0m d\u1ecbu c\u00e1c bi\u1ec3u b\u00ec m\u1ecfng manh. Sa\u0309n ph\u00e2\u0309m gi\u00fap t\u1ea1o ra m\u1ed9t h\u00e0ng r\u00e0o b\u1ea3o v\u1ec7 \u0111\u1ec3 ng\u0103n ch\u1eb7n t\u00e1c \u0111\u1ed9ng c\u1ee7a c\u00e1c g\u1ed1c t\u1ef1 do. Hi\u1ec7u \u1ee9ng da tr\u1eafng h\u1ed3ng c\u1ee7a Silk Plus mang l\u1ea1i cho l\u00e0n da m\u1ed9t c\u1ea3m gi\u00e1c m\u01b0\u1ee3t m\u00e0. Da m\u1edd mi\u0323n v\u00e0 r\u1ea1ng r\u1ee1 v\u00e0 \u00e1nh s\u00e1ng \u0111\u01b0\u1ee3c ph\u1ea3n chi\u1ebfu ra\u0323ng r\u01a1\u0303 tr\u00ean b\u1ec1 m\u1eb7t da.<\/p>\n","protected":false},"featured_media":1274,"comment_status":"open","ping_status":"closed","template":"","meta":{"site-sidebar-layout":"default","site-content-layout":"default","ast-global-header-display":"","ast-banner-title-visibility":"","ast-main-header-display":"","ast-hfb-above-header-display":"","ast-hfb-below-header-display":"","ast-hfb-mobile-header-display":"","site-post-title":"","ast-breadcrumbs-content":"","ast-featured-img":"","footer-sml-layout":"","theme-transparent-header-meta":"default","adv-header-id-meta":"","stick-header-meta":"","header-above-stick-meta":"","header-main-stick-meta":"","header-below-stick-meta":""},"product_cat":[35,38],"product_tag":[],"_links":{"self":[{"href":"https:\/\/oanhbeautyspa.com\/index.php\/wp-json\/wp\/v2\/product\/1110"}],"collection":[{"href":"https:\/\/oanhbeautyspa.com\/index.php\/wp-json\/wp\/v2\/product"}],"about":[{"href":"https:\/\/oanhbeautyspa.com\/index.php\/wp-json\/wp\/v2\/types\/product"}],"replies":[{"embeddable":true,"href":"https:\/\/oanhbeautyspa.com\/index.php\/wp-json\/wp\/v2\/comments?post=1110"}],"wp:featuredmedia":[{"embeddable":true,"href":"https:\/\/oanhbeautyspa.com\/index.php\/wp-json\/wp\/v2\/media\/1274"}],"wp:attachment":[{"href":"https:\/\/oanhbeautyspa.com\/index.php\/wp-json\/wp\/v2\/media?parent=1110"}],"wp:term":[{"taxonomy":"product_cat","embeddable":true,"href":"https:\/\/oanhbeautyspa.com\/index.php\/wp-json\/wp\/v2\/product_cat?post=1110"},{"taxonomy":"product_tag","embeddable":true,"href":"https:\/\/oanhbeautyspa.com\/index.php\/wp-json\/wp\/v2\/product_tag?post=1110"}],"curies":[{"name":"wp","href":"https:\/\/api.w.org\/{rel}","templated":true}]}}