{"id":1109,"date":"2023-10-10T12:43:45","date_gmt":"2023-10-10T11:43:45","guid":{"rendered":"https:\/\/oanhbeautyspa.com\/?post_type=product&#038;p=1109"},"modified":"2023-10-31T21:38:45","modified_gmt":"2023-10-31T21:38:45","slug":"serum-yall-o2-30ml","status":"publish","type":"product","link":"https:\/\/oanhbeautyspa.com\/index.php\/product\/serum-yall-o2-30ml\/","title":{"rendered":"Serum Yall O2 &#8211; 30ml"},"content":{"rendered":"<p>S\u00e9rum Yall~O2<br \/>\nTinh ch\u1ea5t ho\u00e0n thi\u1ec7n \u0111\u1ed3ng nh\u1ea5t m\u00e0u da t\u1ef1 nhi\u00ean<\/p>\n<p><strong>\u2022 D\u01af\u1ee0NG \u1ea8M \u2022 L\u00c0M M\u01af\u1ee2T \u2022 C\u0102NG \u0110\u1ea6Y<\/strong><br \/>\nS\u00e9rum Yall~02 l\u00e0 m\u1ed9t ph\u01b0\u01a1ng ph\u00e1p \u0111\u1eb7c tr\u1ecb m\u1ea1nh m\u1ebd t\u0103ng c\u01b0\u1eddng d\u01b0\u1ee1ng \u1ea9m, ch\u1ee9a li\u1ec1u cao axit hyaluronic v\u00e0 chi\u1ebft xu\u1ea5t th\u1ef1c v\u1eadt ch\u1ed1ng oxy h\u00f3a. \u0110i\u1ec1u tr\u1ecb hydrat c\u01b0\u1eddng \u0111\u1ed9 cao n\u00e0y cung c\u1ea5p l\u01b0\u1ee3ng \u1ea9m c\u1ea7n thi\u1ebft cho da \u0111\u1ec3 ho\u1ea1t \u0111\u1ed9ng th\u00edch h\u1ee3p v\u00e0 c\u1ea3m th\u1ea5y tho\u1ea3i m\u00e1i. C\u00e1c n\u1ebfp nh\u0103n do m\u1ea5t n\u01b0\u1edbc \u0111\u01b0\u1ee3c l\u00e0m \u0111\u1ea7y l\u00ean, b\u1ea1n s\u1ebd th\u1ea5y \u0111\u01b0\u1ee3c hi\u1ec7u qu\u1ea3 ngay t\u1ee9c th\u00ec.<br \/>\n\u0110\u01b0\u1ee3c khuy\u1ebfn ngh\u1ecb cho c\u00e1c lo\u1ea1i da b\u1ecb m\u1ea5t n\u01b0\u1edbc v\u00e0 thi\u1ebfu lipid.<\/p>\n<p><strong>H\u01af\u1edaNG D\u1eaaN S\u1eec D\u1ee4NG<\/strong><br \/>\n1. Thoa 4 \u0111\u1ebfn 5 gi\u1ecdt serum b\u1ea3o v\u1ec7 l\u00ean to\u00e0n b\u1ed9 khu\u00f4n m\u1eb7t, c\u1ed5 v\u00e0 vai, v\u00e0o bu\u1ed5i s\u00e1ng v\u00e0 v\u00e0o ban \u0111\u00eam.<br \/>\n2. S\u1ea3n ph\u1ea9m n\u00e0y l\u00e0 b\u01b0\u1edbc ch\u0103m s\u00f3c cu\u1ed1i c\u00f9ng \u0111\u01b0\u1ee3c s\u1eed d\u1ee5ng trong ch\u01b0\u01a1ng tr\u00ecnh ch\u0103m s\u00f3c da Biologique Recherche.<\/p>\n<p><strong>TH\u1eacN TR\u1eccNG KHI S\u1eec D\u1ee4NG<\/strong><br \/>\nKh\u00f4ng s\u1eed d\u1ee5ng cho da tr\u1ebb em.<br \/>\nCh\u1ec9 s\u1eed d\u1ee5ng ngo\u00e0i da.<\/p>\n<p><strong>\u0110\u1ecaNH D\u1ea0NG<\/strong><br \/>\n8ml, 30ml<\/p>\n","protected":false},"excerpt":{"rendered":"<p>S\u00e9rum Yall~02 l\u00e0 m\u1ed9t ph\u01b0\u01a1ng ph\u00e1p \u0111\u1eb7c tr\u1ecb m\u1ea1nh m\u1ebd t\u0103ng c\u01b0\u1eddng d\u01b0\u1ee1ng \u1ea9m, ch\u1ee9a li\u1ec1u cao axit hyaluronic v\u00e0 chi\u1ebft xu\u1ea5t th\u1ef1c v\u1eadt ch\u1ed1ng oxy h\u00f3a. \u0110i\u1ec1u tr\u1ecb hydrat c\u01b0\u1eddng \u0111\u1ed9 cao n\u00e0y cung c\u1ea5p l\u01b0\u1ee3ng \u1ea9m c\u1ea7n thi\u1ebft cho da \u0111\u1ec3 ho\u1ea1t \u0111\u1ed9ng th\u00edch h\u1ee3p v\u00e0 c\u1ea3m th\u1ea5y tho\u1ea3i m\u00e1i. C\u00e1c n\u1ebfp nh\u0103n do m\u1ea5t n\u01b0\u1edbc \u0111\u01b0\u1ee3c l\u00e0m \u0111\u1ea7y l\u00ean, b\u1ea1n s\u1ebd th\u1ea5y \u0111\u01b0\u1ee3c hi\u1ec7u qu\u1ea3 ngay t\u1ee9c th\u00ec.<br \/>\n\u0110\u01b0\u1ee3c khuy\u1ebfn ngh\u1ecb cho c\u00e1c lo\u1ea1i da b\u1ecb m\u1ea5t n\u01b0\u1edbc v\u00e0 thi\u1ebfu lipid.<\/p>\n","protected":false},"featured_media":1273,"comment_status":"open","ping_status":"closed","template":"","meta":{"site-sidebar-layout":"default","site-content-layout":"default","ast-global-header-display":"","ast-banner-title-visibility":"","ast-main-header-display":"","ast-hfb-above-header-display":"","ast-hfb-below-header-display":"","ast-hfb-mobile-header-display":"","site-post-title":"","ast-breadcrumbs-content":"","ast-featured-img":"","footer-sml-layout":"","theme-transparent-header-meta":"default","adv-header-id-meta":"","stick-header-meta":"","header-above-stick-meta":"","header-main-stick-meta":"","header-below-stick-meta":""},"product_cat":[35,38],"product_tag":[],"_links":{"self":[{"href":"https:\/\/oanhbeautyspa.com\/index.php\/wp-json\/wp\/v2\/product\/1109"}],"collection":[{"href":"https:\/\/oanhbeautyspa.com\/index.php\/wp-json\/wp\/v2\/product"}],"about":[{"href":"https:\/\/oanhbeautyspa.com\/index.php\/wp-json\/wp\/v2\/types\/product"}],"replies":[{"embeddable":true,"href":"https:\/\/oanhbeautyspa.com\/index.php\/wp-json\/wp\/v2\/comments?post=1109"}],"wp:featuredmedia":[{"embeddable":true,"href":"https:\/\/oanhbeautyspa.com\/index.php\/wp-json\/wp\/v2\/media\/1273"}],"wp:attachment":[{"href":"https:\/\/oanhbeautyspa.com\/index.php\/wp-json\/wp\/v2\/media?parent=1109"}],"wp:term":[{"taxonomy":"product_cat","embeddable":true,"href":"https:\/\/oanhbeautyspa.com\/index.php\/wp-json\/wp\/v2\/product_cat?post=1109"},{"taxonomy":"product_tag","embeddable":true,"href":"https:\/\/oanhbeautyspa.com\/index.php\/wp-json\/wp\/v2\/product_tag?post=1109"}],"curies":[{"name":"wp","href":"https:\/\/api.w.org\/{rel}","templated":true}]}}