{"id":1108,"date":"2023-10-10T12:43:45","date_gmt":"2023-10-10T11:43:45","guid":{"rendered":"https:\/\/oanhbeautyspa.com\/?post_type=product&#038;p=1108"},"modified":"2023-10-31T21:40:43","modified_gmt":"2023-10-31T21:40:43","slug":"serum-t-e-w-l-30ml","status":"publish","type":"product","link":"https:\/\/oanhbeautyspa.com\/index.php\/product\/serum-t-e-w-l-30ml\/","title":{"rendered":"Serum T.E.W.L &#8211; 30ml"},"content":{"rendered":"<p>S\u00e9rum T.E.W.L.<br \/>\nTinh ch\u1ea5t \u0111\u1eb7c tr\u1ecb da thi\u1ebfu h\u1ee5t Lipid<\/p>\n<p><strong>\u2022 BAO B\u1eccC, B\u1ea2O V\u1ec6\/PH\u00d2NG NG\u1eeaA \u2022 T\u00c1I T\u1ea0O LIPID \u2022 PH\u1ee4C H\u1ed2I<\/strong><br \/>\nS\u00e9rum T.E.W.L. \u0111\u01b0\u1ee3c b\u00e0o ch\u1ebf v\u1edbi n\u1ed3ng \u0111\u1ed9 c\u1ef1c cao c\u1ee7a c\u00e1c lo\u1ea1i d\u1ea7u b\u1ed5 sung, ph\u1ee5c h\u1ed3i v\u00e0 b\u1ea3o v\u1ec7 lipid. Ho\u1ea1t \u0111\u1ed9ng k\u1ebft h\u1ee3p c\u1ee7a c\u00e1c th\u00e0nh ph\u1ea7n ho\u1ea1t \u0111\u1ed9ng c\u1ee7a n\u00f3 kh\u00f4i ph\u1ee5c m\u1ed9t h\u00e0ng r\u00e0o b\u1ea3o v\u1ec7 da m\u1ea1nh m\u1ebd v\u00e0 c\u1ee7ng c\u1ed1 m\u00e0ng hydrolipidic \u0111\u1ec3 da c\u00f3 kh\u1ea3 n\u0103ng t\u1ef1 b\u1ea3o v\u1ec7 t\u1ed1t h\u01a1n kh\u1ecfi c\u00e1c t\u00e1c nh\u00e2n b\u00ean ngo\u00e0i. C\u00f4ng th\u1ee9c huy\u1ebft thanh bao b\u1ecdc da nh\u01b0 m\u1ed9t l\u00e1 ch\u1eafn bi\u1ec3u b\u00ec, mang l\u1ea1i s\u1ef1 nu\u00f4i d\u01b0\u1ee1ng m\u00e3nh li\u1ec7t v\u00e0 s\u1ef1 tho\u1ea3i m\u00e1i t\u1ed1i \u0111a. Sau khi \u0111\u01b0\u1ee3c ph\u1ee5c h\u1ed3i v\u00e0 b\u1ea3o v\u1ec7, l\u1edbp bi\u1ec3u b\u00ec duy tr\u00ec m\u1ee9c \u0111\u1ed9 d\u01b0\u1ee1ng \u1ea9m t\u1ed1i \u01b0u.<br \/>\n\u0110\u01b0\u1ee3c khuy\u1ebfn ngh\u1ecb cho c\u00e1c s\u1ea3n ph\u1ea9m cho da thi\u1ebfu lipid v\u00e0 ch\u1ea5t dinh d\u01b0\u1ee1ng.<\/p>\n<p><strong>H\u01af\u1edaNG D\u1eaaN S\u1eec D\u1ee4NG<\/strong><br \/>\n1. thoa 10 gi\u1ecdt l\u00ean to\u00e0n b\u1ed9 khu\u00f4n m\u1eb7t, c\u1ed5 v\u00e0 vai, massage b\u1eb1ng \u0111\u1ea7u ng\u00f3n tay cho \u0111\u1ebfn khi h\u1ea5p th\u1ee5 ho\u00e0n to\u00e0n.<br \/>\n2. Theo li\u1ec7u tr\u00ecnh \u0111i\u1ec1u tr\u1ecb t\u00edch c\u1ef1c: Hai l\u1ea7n m\u1ed9t ng\u00e0y, s\u00e1ng v\u00e0 t\u1ed1i trong 28 ng\u00e0y.<\/p>\n<p><strong>TH\u1eacN TR\u1eccNG KHI S\u1eec D\u1ee4NG<\/strong><br \/>\nTr\u00e1nh ti\u1ebfp x\u00fac v\u1edbi m\u1eaft ho\u1eb7c m\u00e0ng nh\u1ea7y.<br \/>\nTrong tr\u01b0\u1eddng h\u1ee3p ti\u1ebfp x\u00fac, r\u1eeda k\u1ef9 b\u1eb1ng n\u01b0\u1edbc s\u1ea1ch.<br \/>\nKh\u00f4ng s\u1eed d\u1ee5ng cho da tr\u1ebb em.<br \/>\nCh\u1ec9 s\u1eed d\u1ee5ng ngo\u00e0i da.<\/p>\n<p><strong>\u0110\u1ecaNH D\u1ea0NG<\/strong><br \/>\n8ml, 30ml<\/p>\n","protected":false},"excerpt":{"rendered":"<p>S\u00e9rum T.E.W.L. \u0111\u01b0\u1ee3c b\u00e0o ch\u1ebf v\u1edbi n\u1ed3ng \u0111\u1ed9 c\u1ef1c cao c\u1ee7a c\u00e1c lo\u1ea1i d\u1ea7u b\u1ed5 sung, ph\u1ee5c h\u1ed3i v\u00e0 b\u1ea3o v\u1ec7 lipid. Ho\u1ea1t \u0111\u1ed9ng k\u1ebft h\u1ee3p c\u1ee7a c\u00e1c th\u00e0nh ph\u1ea7n ho\u1ea1t \u0111\u1ed9ng c\u1ee7a n\u00f3 kh\u00f4i ph\u1ee5c m\u1ed9t h\u00e0ng r\u00e0o b\u1ea3o v\u1ec7 da m\u1ea1nh m\u1ebd v\u00e0 c\u1ee7ng c\u1ed1 m\u00e0ng hydrolipidic \u0111\u1ec3 da c\u00f3 kh\u1ea3 n\u0103ng t\u1ef1 b\u1ea3o v\u1ec7 t\u1ed1t h\u01a1n kh\u1ecfi c\u00e1c t\u00e1c nh\u00e2n b\u00ean ngo\u00e0i. C\u00f4ng th\u1ee9c huy\u1ebft thanh bao b\u1ecdc da nh\u01b0 m\u1ed9t l\u00e1 ch\u1eafn bi\u1ec3u b\u00ec, mang l\u1ea1i s\u1ef1 nu\u00f4i d\u01b0\u1ee1ng m\u00e3nh li\u1ec7t v\u00e0 s\u1ef1 tho\u1ea3i m\u00e1i t\u1ed1i \u0111a. Sau khi \u0111\u01b0\u1ee3c ph\u1ee5c h\u1ed3i v\u00e0 b\u1ea3o v\u1ec7, l\u1edbp bi\u1ec3u b\u00ec duy tr\u00ec m\u1ee9c \u0111\u1ed9 d\u01b0\u1ee1ng \u1ea9m t\u1ed1i \u01b0u.<br \/>\n\u0110\u01b0\u1ee3c khuy\u1ebfn ngh\u1ecb cho c\u00e1c s\u1ea3n ph\u1ea9m cho da thi\u1ebfu lipid v\u00e0 ch\u1ea5t dinh d\u01b0\u1ee1ng.<\/p>\n","protected":false},"featured_media":1272,"comment_status":"open","ping_status":"closed","template":"","meta":{"site-sidebar-layout":"default","site-content-layout":"default","ast-global-header-display":"","ast-banner-title-visibility":"","ast-main-header-display":"","ast-hfb-above-header-display":"","ast-hfb-below-header-display":"","ast-hfb-mobile-header-display":"","site-post-title":"","ast-breadcrumbs-content":"","ast-featured-img":"","footer-sml-layout":"","theme-transparent-header-meta":"default","adv-header-id-meta":"","stick-header-meta":"","header-above-stick-meta":"","header-main-stick-meta":"","header-below-stick-meta":""},"product_cat":[35,38],"product_tag":[],"_links":{"self":[{"href":"https:\/\/oanhbeautyspa.com\/index.php\/wp-json\/wp\/v2\/product\/1108"}],"collection":[{"href":"https:\/\/oanhbeautyspa.com\/index.php\/wp-json\/wp\/v2\/product"}],"about":[{"href":"https:\/\/oanhbeautyspa.com\/index.php\/wp-json\/wp\/v2\/types\/product"}],"replies":[{"embeddable":true,"href":"https:\/\/oanhbeautyspa.com\/index.php\/wp-json\/wp\/v2\/comments?post=1108"}],"wp:featuredmedia":[{"embeddable":true,"href":"https:\/\/oanhbeautyspa.com\/index.php\/wp-json\/wp\/v2\/media\/1272"}],"wp:attachment":[{"href":"https:\/\/oanhbeautyspa.com\/index.php\/wp-json\/wp\/v2\/media?parent=1108"}],"wp:term":[{"taxonomy":"product_cat","embeddable":true,"href":"https:\/\/oanhbeautyspa.com\/index.php\/wp-json\/wp\/v2\/product_cat?post=1108"},{"taxonomy":"product_tag","embeddable":true,"href":"https:\/\/oanhbeautyspa.com\/index.php\/wp-json\/wp\/v2\/product_tag?post=1108"}],"curies":[{"name":"wp","href":"https:\/\/api.w.org\/{rel}","templated":true}]}}