{"id":1105,"date":"2023-10-10T12:43:45","date_gmt":"2023-10-10T11:43:45","guid":{"rendered":"https:\/\/oanhbeautyspa.com\/?post_type=product&#038;p=1105"},"modified":"2023-10-31T21:45:23","modified_gmt":"2023-10-31T21:45:23","slug":"serum-extraits-tissulaires-serum-8ml","status":"publish","type":"product","link":"https:\/\/oanhbeautyspa.com\/index.php\/product\/serum-extraits-tissulaires-serum-8ml\/","title":{"rendered":"Serum Extraits Tissulaires &#8211; 8ml"},"content":{"rendered":"<p>Extraits Tissulaires<br \/>\nTinh ch\u1ea5t d\u01b0\u1ee1ng \u1ea9m, l\u00e0m d\u1ecbu v\u00e0 r\u1ea1ng r\u1ee1 l\u00e0n da<\/p>\n<p><strong>\u2022 D\u01af\u1ee0NG \u1ea8M \u2022 L\u00c0M D\u1ecaU \u2022 \u0110I\u1ec0U CH\u1ec8NH<\/strong><br \/>\nSerum Extraits Tissulaires l\u00e0 m\u1ed9t lo\u1ea1i d\u01b0\u1ee1ng \u1ea9m t\u1ee9c th\u00ec v\u1edbi kh\u1ea3 n\u0103ng ch\u1ed1ng m\u1ea5t n\u01b0\u1edbc. C\u00f4ng th\u1ee9c c\u1ee7a n\u00f3 \u0111\u01b0\u1ee3c thi\u1ebft k\u1ebf \u0111\u1ec3 li\u00ean t\u1ee5c gi\u1eef v\u00e0 ph\u00e2n t\u00e1n n\u01b0\u1edbc \u0111\u1ec3 kh\u00f4i ph\u1ee5c c\u00e2n b\u1eb1ng n\u01b0\u1edbc cho da. T\u00e1c \u0111\u1ed9ng k\u1ebft h\u1ee3p c\u1ee7a c\u00e1c th\u00e0nh ph\u1ea7n ho\u1ea1t t\u00ednh gi\u00fap k\u00edch ho\u1ea1t c\u01a1 ch\u1ebf d\u01b0\u1ee1ng \u1ea9m b\u00ean trong da, l\u00e0m ch\u1eadm qu\u00e1 tr\u00ecnh m\u1ea5t n\u01b0\u1edbc kh\u00f4ng th\u1ec3 nh\u00ecn th\u1ea5y v\u00e0 t\u0103ng c\u01b0\u1eddng h\u00e0ng r\u00e0o hydrolipidic \u0111\u1ec3 kh\u00f4i ph\u1ee5c c\u01a1 ch\u1ebf d\u01b0\u1ee1ng \u1ea9m t\u1ef1 nhi\u00ean. Ch\u1ea5t l\u01b0\u1ee3ng da \u0111\u01b0\u1ee3c c\u1ea3i thi\u1ec7n r\u00f5 r\u1ec7t. Da \u0111\u01b0\u1ee3c d\u01b0\u1ee1ng \u1ea9m, \u0111i\u1ec1u ch\u1ec9nh v\u00e0 b\u1ea3o v\u1ec7 kh\u1ecfi t\u00e1c \u0111\u1ed9ng c\u1ee7a m\u00f4i tr\u01b0\u1eddng kh\u1eafc nghi\u1ec7t.<br \/>\n\u0110\u01b0\u1ee3c khuy\u1ebfn ngh\u1ecb cho da b\u1ecb m\u1ea5t n\u01b0\u1edbc v\u00e0 ti\u1ebft d\u1ea7u.<\/p>\n<p><strong>H\u01af\u1edaNG D\u1eaaN S\u1eec D\u1ee4NG<\/strong><br \/>\nL\u1ea5y 10 gi\u1ecdt v\u00e0 thoa l\u00ean da \u0111\u00e3 \u0111\u01b0\u1ee3c l\u00e0m s\u1ea1ch, m\u00e1t-xa serum l\u00ean to\u00e0n b\u1ed9 khu\u00f4n m\u1eb7t, c\u1ed5 v\u00e0 v\u00f9ng c\u1ed5 tr\u01b0\u1edbc ng\u1ef1c vu\u1ed1t nh\u1eb9 nh\u00e0ng l\u00ean cho \u0111\u1ebfn khi s\u1ea3n ph\u1ea9m \u0111\u01b0\u1ee3c ho\u00e0n to\u00e0n th\u1ea9m th\u1ea5u.<\/p>\n<p><strong>L\u01afU \u00dd KHI S\u1eec D\u1ee4NG<\/strong><br \/>\nTr\u00e1nh ti\u1ebfp x\u00fac v\u1edbi m\u1eaft.<br \/>\nCh\u1ec9 s\u1eed d\u1ee5ng ngo\u00e0i da.<\/p>\n<p><strong>\u0110\u1ecaNH D\u1ea0NG<\/strong><br \/>\n8ml, 30ml<\/p>\n","protected":false},"excerpt":{"rendered":"<p>Serum Extraits Tissulaires l\u00e0 m\u1ed9t lo\u1ea1i d\u01b0\u1ee1ng \u1ea9m t\u1ee9c th\u00ec v\u1edbi kh\u1ea3 n\u0103ng ch\u1ed1ng m\u1ea5t n\u01b0\u1edbc. C\u00f4ng th\u1ee9c c\u1ee7a n\u00f3 \u0111\u01b0\u1ee3c thi\u1ebft k\u1ebf \u0111\u1ec3 li\u00ean t\u1ee5c gi\u1eef v\u00e0 ph\u00e2n t\u00e1n n\u01b0\u1edbc \u0111\u1ec3 kh\u00f4i ph\u1ee5c c\u00e2n b\u1eb1ng n\u01b0\u1edbc cho da. T\u00e1c \u0111\u1ed9ng k\u1ebft h\u1ee3p c\u1ee7a c\u00e1c th\u00e0nh ph\u1ea7n ho\u1ea1t t\u00ednh gi\u00fap k\u00edch ho\u1ea1t c\u01a1 ch\u1ebf d\u01b0\u1ee1ng \u1ea9m b\u00ean trong da, l\u00e0m ch\u1eadm qu\u00e1 tr\u00ecnh m\u1ea5t n\u01b0\u1edbc kh\u00f4ng th\u1ec3 nh\u00ecn th\u1ea5y v\u00e0 t\u0103ng c\u01b0\u1eddng h\u00e0ng r\u00e0o hydrolipidic \u0111\u1ec3 kh\u00f4i ph\u1ee5c c\u01a1 ch\u1ebf d\u01b0\u1ee1ng \u1ea9m t\u1ef1 nhi\u00ean. Ch\u1ea5t l\u01b0\u1ee3ng da \u0111\u01b0\u1ee3c c\u1ea3i thi\u1ec7n r\u00f5 r\u1ec7t. Da \u0111\u01b0\u1ee3c d\u01b0\u1ee1ng \u1ea9m, \u0111i\u1ec1u ch\u1ec9nh v\u00e0 b\u1ea3o v\u1ec7 kh\u1ecfi t\u00e1c \u0111\u1ed9ng c\u1ee7a m\u00f4i tr\u01b0\u1eddng kh\u1eafc nghi\u1ec7t.<\/p>\n","protected":false},"featured_media":1267,"comment_status":"open","ping_status":"closed","template":"","meta":{"site-sidebar-layout":"default","site-content-layout":"default","ast-global-header-display":"","ast-banner-title-visibility":"","ast-main-header-display":"","ast-hfb-above-header-display":"","ast-hfb-below-header-display":"","ast-hfb-mobile-header-display":"","site-post-title":"","ast-breadcrumbs-content":"","ast-featured-img":"","footer-sml-layout":"","theme-transparent-header-meta":"default","adv-header-id-meta":"","stick-header-meta":"","header-above-stick-meta":"","header-main-stick-meta":"","header-below-stick-meta":""},"product_cat":[35,38],"product_tag":[],"_links":{"self":[{"href":"https:\/\/oanhbeautyspa.com\/index.php\/wp-json\/wp\/v2\/product\/1105"}],"collection":[{"href":"https:\/\/oanhbeautyspa.com\/index.php\/wp-json\/wp\/v2\/product"}],"about":[{"href":"https:\/\/oanhbeautyspa.com\/index.php\/wp-json\/wp\/v2\/types\/product"}],"replies":[{"embeddable":true,"href":"https:\/\/oanhbeautyspa.com\/index.php\/wp-json\/wp\/v2\/comments?post=1105"}],"wp:featuredmedia":[{"embeddable":true,"href":"https:\/\/oanhbeautyspa.com\/index.php\/wp-json\/wp\/v2\/media\/1267"}],"wp:attachment":[{"href":"https:\/\/oanhbeautyspa.com\/index.php\/wp-json\/wp\/v2\/media?parent=1105"}],"wp:term":[{"taxonomy":"product_cat","embeddable":true,"href":"https:\/\/oanhbeautyspa.com\/index.php\/wp-json\/wp\/v2\/product_cat?post=1105"},{"taxonomy":"product_tag","embeddable":true,"href":"https:\/\/oanhbeautyspa.com\/index.php\/wp-json\/wp\/v2\/product_tag?post=1105"}],"curies":[{"name":"wp","href":"https:\/\/api.w.org\/{rel}","templated":true}]}}