{"id":1103,"date":"2023-10-10T12:43:45","date_gmt":"2023-10-10T11:43:45","guid":{"rendered":"https:\/\/oanhbeautyspa.com\/?post_type=product&#038;p=1103"},"modified":"2023-10-31T21:45:07","modified_gmt":"2023-10-31T21:45:07","slug":"serum-erythros-30ml","status":"publish","type":"product","link":"https:\/\/oanhbeautyspa.com\/index.php\/product\/serum-erythros-30ml\/","title":{"rendered":"Serum Erythros &#8211; 30ml"},"content":{"rendered":"<p>S\u00e9rum Erythros<br \/>\nTinh ch\u1ea5t \u0111\u1eb7c tr\u1ecb gi\u00e3n t\u0129nh m\u1ea1ch v\u00e0 ch\u1ee9ng \u0111\u1ecf da<\/p>\n<p><strong>\u2022 CH\u1ed0NG M\u1ea8N \u0110\u1ece \u2022 L\u00c0M D\u1ecaU-PH\u1ee4C H\u1ed2I DA<\/strong><br \/>\nS\u00e9rum Erythros l\u00e0 m\u1ed9t lo\u1ea1i cocktail g\u1ed3m b\u1ea3y th\u00e0nh ph\u1ea7n ho\u1ea1t \u0111\u1ed9ng nh\u1eafm v\u00e0o c\u00e1c d\u1ea5u hi\u1ec7u c\u00f3 th\u1ec3 nh\u00ecn th\u1ea5y c\u1ee7a b\u1ec7nh h\u1ed3ng ban. Ch\u00fang k\u1ebft h\u1ee3p v\u1edbi nhau \u0111\u1ec3 ho\u1ea1t \u0111\u1ed9ng tr\u00ean b\u1ec1 m\u1eb7t tr\u01b0\u1edbc b\u1ed5 sung \u0111\u1ec3 l\u00e0m gi\u1ea3m c\u00e1c v\u00f9ng \u0111\u1ecf c\u00f3 th\u1ec3 nh\u00ecn th\u1ea5y, l\u00e0m cho c\u00e1c t\u0129nh m\u1ea1ch b\u1ecb v\u1ee1 \u00edt xu\u1ea5t hi\u1ec7n h\u01a1n tr\u00ean b\u1ec1 m\u1eb7t da v\u00e0 l\u00e0m d\u1ecbu m\u1ecdi c\u1ea3m gi\u00e1c ng\u1ee9a .<br \/>\n\u0110\u01b0\u1ee3c khuy\u1ebfn ngh\u1ecb cho c\u00e1c lo\u1ea1i da d\u1ec5 b\u1ecb b\u1ec7nh h\u1ed3ng ban.<\/p>\n<p><strong>H\u01af\u1edaNG D\u1eaaN S\u1eec D\u1ee4NG<\/strong><br \/>\n1. Sau khi l\u00e0m s\u1ea1ch da v\u1edbi Eau Micellaire Biosensible, n\u1ebfu c\u1ea7n c\u00f3 th\u1ec3 s\u1eed d\u1ee5ng Masque Biosensible, thoa 4 \u0111\u1ebfn 5 gi\u1ecdt serum l\u00ean c\u00e1c khu v\u1ef1c b\u1ecb \u1ea3nh h\u01b0\u1edfng b\u1edfi b\u1ec7nh h\u1ed3ng ban.<br \/>\n2. Kh\u00f4ng s\u1eed d\u1ee5ng b\u1ea5t k\u1ef3 lo\u1ea1i thu\u1ed1c P50 n\u00e0o tr\u00ean c\u00e1c khu v\u1ef1c b\u1ecb b\u1ec7nh h\u1ed3ng ban.<br \/>\n3. \u0110i\u1ec1u tr\u1ecb chuy\u00ean s\u00e2u ba th\u00e1ng.<\/p>\n<p><strong>TH\u1eacN TR\u1eccNG KHI S\u1eec D\u1ee4NG<\/strong><br \/>\nTr\u00e1nh ti\u1ebfp x\u00fac v\u1edbi m\u1eaft v\u00e0 khu v\u1ef1c xung quanh m\u1eaft.<br \/>\nKh\u00f4ng s\u1eed d\u1ee5ng cho tr\u1ebb em d\u01b0\u1edbi 3 tu\u1ed5i.<br \/>\nCh\u1ec9 s\u1eed d\u1ee5ng ngo\u00e0i da.<\/p>\n<p><strong>\u0110\u1ecaNH D\u1ea0NG<\/strong><br \/>\n15ml, 30ml<\/p>\n","protected":false},"excerpt":{"rendered":"<p>S\u00e9rum Erythros l\u00e0 m\u1ed9t lo\u1ea1i cocktail g\u1ed3m b\u1ea3y th\u00e0nh ph\u1ea7n ho\u1ea1t \u0111\u1ed9ng nh\u1eafm v\u00e0o c\u00e1c d\u1ea5u hi\u1ec7u c\u00f3 th\u1ec3 nh\u00ecn th\u1ea5y c\u1ee7a b\u1ec7nh h\u1ed3ng ban. Ch\u00fang k\u1ebft h\u1ee3p v\u1edbi nhau \u0111\u1ec3 ho\u1ea1t \u0111\u1ed9ng tr\u00ean b\u1ec1 m\u1eb7t tr\u01b0\u1edbc b\u1ed5 sung \u0111\u1ec3 l\u00e0m gi\u1ea3m c\u00e1c v\u00f9ng \u0111\u1ecf c\u00f3 th\u1ec3 nh\u00ecn th\u1ea5y, l\u00e0m cho c\u00e1c t\u0129nh m\u1ea1ch b\u1ecb v\u1ee1 \u00edt xu\u1ea5t hi\u1ec7n h\u01a1n tr\u00ean b\u1ec1 m\u1eb7t da v\u00e0 l\u00e0m d\u1ecbu m\u1ecdi c\u1ea3m gi\u00e1c ng\u1ee9a .<\/p>\n","protected":false},"featured_media":1265,"comment_status":"open","ping_status":"closed","template":"","meta":{"site-sidebar-layout":"default","site-content-layout":"default","ast-global-header-display":"","ast-banner-title-visibility":"","ast-main-header-display":"","ast-hfb-above-header-display":"","ast-hfb-below-header-display":"","ast-hfb-mobile-header-display":"","site-post-title":"","ast-breadcrumbs-content":"","ast-featured-img":"","footer-sml-layout":"","theme-transparent-header-meta":"default","adv-header-id-meta":"","stick-header-meta":"","header-above-stick-meta":"","header-main-stick-meta":"","header-below-stick-meta":""},"product_cat":[35,38],"product_tag":[],"_links":{"self":[{"href":"https:\/\/oanhbeautyspa.com\/index.php\/wp-json\/wp\/v2\/product\/1103"}],"collection":[{"href":"https:\/\/oanhbeautyspa.com\/index.php\/wp-json\/wp\/v2\/product"}],"about":[{"href":"https:\/\/oanhbeautyspa.com\/index.php\/wp-json\/wp\/v2\/types\/product"}],"replies":[{"embeddable":true,"href":"https:\/\/oanhbeautyspa.com\/index.php\/wp-json\/wp\/v2\/comments?post=1103"}],"wp:featuredmedia":[{"embeddable":true,"href":"https:\/\/oanhbeautyspa.com\/index.php\/wp-json\/wp\/v2\/media\/1265"}],"wp:attachment":[{"href":"https:\/\/oanhbeautyspa.com\/index.php\/wp-json\/wp\/v2\/media?parent=1103"}],"wp:term":[{"taxonomy":"product_cat","embeddable":true,"href":"https:\/\/oanhbeautyspa.com\/index.php\/wp-json\/wp\/v2\/product_cat?post=1103"},{"taxonomy":"product_tag","embeddable":true,"href":"https:\/\/oanhbeautyspa.com\/index.php\/wp-json\/wp\/v2\/product_tag?post=1103"}],"curies":[{"name":"wp","href":"https:\/\/api.w.org\/{rel}","templated":true}]}}