{"id":1101,"date":"2023-10-10T12:43:45","date_gmt":"2023-10-10T11:43:45","guid":{"rendered":"https:\/\/oanhbeautyspa.com\/?post_type=product&#038;p=1101"},"modified":"2023-10-31T21:40:19","modified_gmt":"2023-10-31T21:40:19","slug":"serum-complexe-iribiol-8ml","status":"publish","type":"product","link":"https:\/\/oanhbeautyspa.com\/index.php\/product\/serum-complexe-iribiol-8ml\/","title":{"rendered":"Serum Complexe Iribiol &#8211; 8ml"},"content":{"rendered":"<p>Complexe Iribiol<br \/>\nTinh ch\u1ea5t \u0111\u1eb7c tr\u1ecb m\u1ee5n v\u00e0 se kh\u00edt l\u1ed7 ch\u00e2n l\u00f4ng<\/p>\n<p><strong>\u2022 KH\u00c1NG VI\u00caM \u2022 KH\u00c1NG KHU\u1ea8N \u2022 \u0110I\u1ec0U CH\u1ec8NH B\u00c3 NH\u1edcN<\/strong><br \/>\nSerum Complexe Iribiol gi\u1ea3m t\u00ecnh tr\u1ea1ng m\u1ee5n tr\u00ean b\u1ec1 m\u1eb7t, c\u00e2n b\u1eb1ng v\u00e0 \u0111i\u1ec1u ch\u1ec9nh s\u1ef1 s\u1ea3n xu\u1ea5t d\u1ea7u nh\u1eddn \u0111\u1ed3ng th\u1eddi gi\u1ea3m thi\u1ec3u s\u1ef1 xu\u1ea5t hi\u1ec7n c\u1ee7a l\u1ed7 ch\u00e2n l\u00f4ng to. Da tr\u1edf n\u00ean \u00edt nh\u1eddn h\u01a1n, l\u1ed7 ch\u00e2n l\u00f4ng \u0111\u01b0\u1ee3c co l\u1ea1i v\u00e0 c\u00e1c b\u1ea5t th\u01b0\u1eddng tr\u00ean b\u1ec1 m\u1eb7t da \u0111\u01b0\u1ee3c l\u00e0m m\u1edd, mang l\u1ea1i c\u1ea3m gi\u00e1c da s\u1ea1ch v\u00e0 trong l\u00e0nh.<br \/>\n\u0110\u01b0\u1ee3c khuy\u1ebfn ngh\u1ecb cho da d\u1ec5 ti\u1ebft d\u1ea7u v\u00e0 m\u1ee5n.<\/p>\n<p><strong>H\u01af\u1edaNG D\u1eaaN S\u1eec D\u1ee4NG<\/strong><br \/>\nL\u1ea5y 10 gi\u1ecdt v\u00e0 thoa l\u00ean da \u0111\u00e3 \u0111\u01b0\u1ee3c l\u00e0m s\u1ea1ch, m\u00e1t-xa serum l\u00ean to\u00e0n b\u1ed9 khu\u00f4n m\u1eb7t, c\u1ed5 v\u00e0 v\u00f9ng c\u1ed5 tr\u01b0\u1edbc ng\u1ef1c vu\u1ed1t nh\u1eb9 nh\u00e0ng l\u00ean cho \u0111\u1ebfn khi s\u1ea3n ph\u1ea9m \u0111\u01b0\u1ee3c ho\u00e0n to\u00e0n th\u1ea9m th\u1ea5u.<\/p>\n<p><strong>L\u01afU \u00dd KHI S\u1eec D\u1ee4NG<\/strong><br \/>\nCh\u1ec9 s\u1eed d\u1ee5ng ngo\u00e0i da.<br \/>\nTr\u00e1nh ti\u1ebfp x\u00fac v\u1edbi m\u1eaft.<br \/>\nKh\u00f4ng s\u1eed d\u1ee5ng cho tr\u1ebb em d\u01b0\u1edbi 3 tu\u1ed5i.<\/p>\n<p><strong>\u0110\u1ecaNH D\u1ea0NG<\/strong><br \/>\n8ml, 30ml<\/p>\n","protected":false},"excerpt":{"rendered":"<p>Serum Complexe Iribiol gi\u1ea3m t\u00ecnh tr\u1ea1ng m\u1ee5n tr\u00ean b\u1ec1 m\u1eb7t, c\u00e2n b\u1eb1ng v\u00e0 \u0111i\u1ec1u ch\u1ec9nh s\u1ef1 s\u1ea3n xu\u1ea5t d\u1ea7u nh\u1eddn \u0111\u1ed3ng th\u1eddi gi\u1ea3m thi\u1ec3u s\u1ef1 xu\u1ea5t hi\u1ec7n c\u1ee7a l\u1ed7 ch\u00e2n l\u00f4ng to. Da tr\u1edf n\u00ean \u00edt nh\u1eddn h\u01a1n, l\u1ed7 ch\u00e2n l\u00f4ng \u0111\u01b0\u1ee3c co l\u1ea1i v\u00e0 c\u00e1c b\u1ea5t th\u01b0\u1eddng tr\u00ean b\u1ec1 m\u1eb7t da \u0111\u01b0\u1ee3c l\u00e0m m\u1edd, mang l\u1ea1i c\u1ea3m gi\u00e1c da s\u1ea1ch v\u00e0 trong l\u00e0nh.<br \/>\n\u0110\u01b0\u1ee3c khuy\u1ebfn ngh\u1ecb cho da d\u1ec5 ti\u1ebft d\u1ea7u v\u00e0 m\u1ee5n.<\/p>\n<p>&nbsp;<\/p>\n","protected":false},"featured_media":1263,"comment_status":"open","ping_status":"closed","template":"","meta":{"site-sidebar-layout":"default","site-content-layout":"default","ast-global-header-display":"","ast-banner-title-visibility":"","ast-main-header-display":"","ast-hfb-above-header-display":"","ast-hfb-below-header-display":"","ast-hfb-mobile-header-display":"","site-post-title":"","ast-breadcrumbs-content":"","ast-featured-img":"","footer-sml-layout":"","theme-transparent-header-meta":"default","adv-header-id-meta":"","stick-header-meta":"","header-above-stick-meta":"","header-main-stick-meta":"","header-below-stick-meta":""},"product_cat":[35,38],"product_tag":[],"_links":{"self":[{"href":"https:\/\/oanhbeautyspa.com\/index.php\/wp-json\/wp\/v2\/product\/1101"}],"collection":[{"href":"https:\/\/oanhbeautyspa.com\/index.php\/wp-json\/wp\/v2\/product"}],"about":[{"href":"https:\/\/oanhbeautyspa.com\/index.php\/wp-json\/wp\/v2\/types\/product"}],"replies":[{"embeddable":true,"href":"https:\/\/oanhbeautyspa.com\/index.php\/wp-json\/wp\/v2\/comments?post=1101"}],"wp:featuredmedia":[{"embeddable":true,"href":"https:\/\/oanhbeautyspa.com\/index.php\/wp-json\/wp\/v2\/media\/1263"}],"wp:attachment":[{"href":"https:\/\/oanhbeautyspa.com\/index.php\/wp-json\/wp\/v2\/media?parent=1101"}],"wp:term":[{"taxonomy":"product_cat","embeddable":true,"href":"https:\/\/oanhbeautyspa.com\/index.php\/wp-json\/wp\/v2\/product_cat?post=1101"},{"taxonomy":"product_tag","embeddable":true,"href":"https:\/\/oanhbeautyspa.com\/index.php\/wp-json\/wp\/v2\/product_tag?post=1101"}],"curies":[{"name":"wp","href":"https:\/\/api.w.org\/{rel}","templated":true}]}}