{"id":1099,"date":"2023-10-10T12:43:45","date_gmt":"2023-10-10T11:43:45","guid":{"rendered":"https:\/\/oanhbeautyspa.com\/?post_type=product&#038;p=1099"},"modified":"2023-10-31T21:39:24","modified_gmt":"2023-10-31T21:39:24","slug":"serum-a-glyca-30ml","status":"publish","type":"product","link":"https:\/\/oanhbeautyspa.com\/index.php\/product\/serum-a-glyca-30ml\/","title":{"rendered":"Serum A-Glyca &#8211; 30ml"},"content":{"rendered":"<p>S\u00e9rum A-Glyca<br \/>\nTinh ch\u1ea5t \u0111\u1eb7c tr\u1ecb n\u1ebfp nh\u0103n v\u00e0 l\u00e3o h\u00f3a do \u0111\u01b0\u1eddng h\u00f3a<\/p>\n<p><strong>\u2022 CH\u1ed0NG GLYCATION \u2022 CH\u1ed0NG N\u1ebeP NH\u0102N &#8211; L\u00c0M S\u0102N CH\u1eaeC, L\u00c0M S\u00c1NG DA<\/strong><br \/>\nS\u00e9rum A-Glyca chi\u1ebfn \u0111\u1ea5u ch\u1ed1ng l\u1ea1i qu\u00e1 tr\u00ecnh glycation g\u00e2y ra n\u1ebfp nh\u0103n v\u00e0 l\u00e3o h\u00f3a da. V\u1edbi nhi\u1ec1u th\u00e0nh ph\u1ea7n ho\u1ea1t t\u00ednh ch\u1ed1ng glycation, serum n\u00e0y c\u00f3 t\u00e1c d\u1ee5ng ng\u0103n ng\u1eeba v\u00e0 kh\u1eafc ph\u1ee5c qu\u00e1 tr\u00ecnh glycation. \u0110\u00e2y l\u00e0 \u0111\u1ed3ng minh ch\u1ed1ng l\u00e3o h\u00f3a ho\u00e0n h\u1ea3o, gi\u00fap duy tr\u00ec t\u00ednh to\u00e0n v\u1eb9n c\u1ee7a m\u1ea1ng l\u01b0\u1edbi s\u1ee3i co gi\u00e3n c\u1ee7a da \u0111\u1ec3 l\u00e0m ch\u1eadm l\u1ea1i d\u1ea5u hi\u1ec7u c\u1ee7a qu\u00e1 tr\u00ecnh l\u00e3o h\u00f3a.<br \/>\n\u0110\u01b0\u1ee3c khuy\u1ebfn ngh\u1ecb cho da b\u1eaft \u0111\u1ea7u xu\u1ea5t hi\u1ec7n d\u1ea5u hi\u1ec7u l\u00e3o h\u00f3a da.<\/p>\n<p><strong>H\u01af\u1edaNG D\u1eaaN S\u1eec D\u1ee4NG<\/strong><br \/>\nL\u1ea5y 1 ml (20 gi\u1ecdt) v\u00e0 thoa l\u00ean da \u0111\u00e3 \u0111\u01b0\u1ee3c l\u00e0m s\u1ea1ch, m\u00e1t-xa serum l\u00ean to\u00e0n b\u1ed9 khu\u00f4n m\u1eb7t, c\u1ed5 v\u00e0 v\u00f9ng c\u1ed5 tr\u01b0\u1edbc ng\u1ef1c vu\u1ed1t nh\u1eb9 nh\u00e0ng l\u00ean cho \u0111\u1ebfn khi s\u1ea3n ph\u1ea9m \u0111\u01b0\u1ee3c ho\u00e0n to\u00e0n th\u1ea9m th\u1ea5u.<\/p>\n<p><strong>L\u01afU \u00dd KHI S\u1eec D\u1ee4NG<\/strong><br \/>\nCh\u1ec9 s\u1eed d\u1ee5ng ngo\u00e0i da.<br \/>\nTr\u00e1nh ti\u1ebfp x\u00fac v\u1edbi m\u1eaft.<\/p>\n<p><strong>\u0110\u1ecaNH D\u1ea0NG<\/strong><br \/>\n8ml, 30ml<\/p>\n","protected":false},"excerpt":{"rendered":"<p>S\u00e9rum A-Glyca chi\u1ebfn \u0111\u1ea5u ch\u1ed1ng l\u1ea1i qu\u00e1 tr\u00ecnh glycation g\u00e2y ra n\u1ebfp nh\u0103n v\u00e0 l\u00e3o h\u00f3a da. V\u1edbi nhi\u1ec1u th\u00e0nh ph\u1ea7n ho\u1ea1t t\u00ednh ch\u1ed1ng glycation, serum n\u00e0y c\u00f3 t\u00e1c d\u1ee5ng ng\u0103n ng\u1eeba v\u00e0 kh\u1eafc ph\u1ee5c qu\u00e1 tr\u00ecnh glycation. \u0110\u00e2y l\u00e0 \u0111\u1ed3ng minh ch\u1ed1ng l\u00e3o h\u00f3a ho\u00e0n h\u1ea3o, gi\u00fap duy tr\u00ec t\u00ednh to\u00e0n v\u1eb9n c\u1ee7a m\u1ea1ng l\u01b0\u1edbi s\u1ee3i co gi\u00e3n c\u1ee7a da \u0111\u1ec3 l\u00e0m ch\u1eadm l\u1ea1i d\u1ea5u hi\u1ec7u c\u1ee7a qu\u00e1 tr\u00ecnh l\u00e3o h\u00f3a.<br \/>\n\u0110\u01b0\u1ee3c khuy\u1ebfn ngh\u1ecb cho da b\u1eaft \u0111\u1ea7u xu\u1ea5t hi\u1ec7n d\u1ea5u hi\u1ec7u l\u00e3o h\u00f3a da.<\/p>\n","protected":false},"featured_media":1261,"comment_status":"open","ping_status":"closed","template":"","meta":{"site-sidebar-layout":"default","site-content-layout":"default","ast-global-header-display":"","ast-banner-title-visibility":"","ast-main-header-display":"","ast-hfb-above-header-display":"","ast-hfb-below-header-display":"","ast-hfb-mobile-header-display":"","site-post-title":"","ast-breadcrumbs-content":"","ast-featured-img":"","footer-sml-layout":"","theme-transparent-header-meta":"default","adv-header-id-meta":"","stick-header-meta":"","header-above-stick-meta":"","header-main-stick-meta":"","header-below-stick-meta":""},"product_cat":[35,38],"product_tag":[],"_links":{"self":[{"href":"https:\/\/oanhbeautyspa.com\/index.php\/wp-json\/wp\/v2\/product\/1099"}],"collection":[{"href":"https:\/\/oanhbeautyspa.com\/index.php\/wp-json\/wp\/v2\/product"}],"about":[{"href":"https:\/\/oanhbeautyspa.com\/index.php\/wp-json\/wp\/v2\/types\/product"}],"replies":[{"embeddable":true,"href":"https:\/\/oanhbeautyspa.com\/index.php\/wp-json\/wp\/v2\/comments?post=1099"}],"wp:featuredmedia":[{"embeddable":true,"href":"https:\/\/oanhbeautyspa.com\/index.php\/wp-json\/wp\/v2\/media\/1261"}],"wp:attachment":[{"href":"https:\/\/oanhbeautyspa.com\/index.php\/wp-json\/wp\/v2\/media?parent=1099"}],"wp:term":[{"taxonomy":"product_cat","embeddable":true,"href":"https:\/\/oanhbeautyspa.com\/index.php\/wp-json\/wp\/v2\/product_cat?post=1099"},{"taxonomy":"product_tag","embeddable":true,"href":"https:\/\/oanhbeautyspa.com\/index.php\/wp-json\/wp\/v2\/product_tag?post=1099"}],"curies":[{"name":"wp","href":"https:\/\/api.w.org\/{rel}","templated":true}]}}