{"id":1097,"date":"2023-10-10T12:43:45","date_gmt":"2023-10-10T11:43:45","guid":{"rendered":"https:\/\/oanhbeautyspa.com\/?post_type=product&#038;p=1097"},"modified":"2023-10-31T21:38:26","modified_gmt":"2023-10-31T21:38:26","slug":"serum-3r-8ml","status":"publish","type":"product","link":"https:\/\/oanhbeautyspa.com\/index.php\/product\/serum-3r-8ml\/","title":{"rendered":"Serum 3R &#8211; 8ml"},"content":{"rendered":"<p>S\u00e9rum 3R<br \/>\nTinh ch\u1ea5t \u0111\u1eb7c tr\u1ecb l\u00e0m m\u1edbi , t\u00e1i t\u1ea1o v\u00e0 s\u1eeda ch\u1eefa 3R<\/p>\n<p><strong>\u2022 T\u00c1I C\u1ea4U TR\u00daC \u2022 T\u00c1I T\u1ea0O \u2022 T\u00c1I T\u1ea0O\/ L\u00c0M M\u1edaI\/ H\u1ed2I SINH<\/strong><br \/>\nS\u00e9rum 3R l\u00e0m m\u1edbi, t\u00e1i t\u1ea1o v\u00e0 ph\u1ee5c h\u1ed3i, gi\u00fap l\u00e0m ch\u1eadm v\u00e0 ch\u1ed1ng l\u1ea1i c\u00e1c d\u1ea5u hi\u1ec7u l\u00e3o h\u00f3a da. Ba t\u00e1c \u0111\u1ed9ng t\u0103ng c\u01b0\u1eddng hi\u1ec7u \u1ee9ng l\u00e0m s\u0103n ch\u1eafc m\u00e0 n\u00f3 mang l\u1ea1i l\u00e0 kh\u00f4ng th\u1ec3 so s\u00e1nh \u0111\u01b0\u1ee3c. K\u1ebft c\u1ea5u da \u0111\u01b0\u1ee3c tinh ch\u1ebf v\u00e0 l\u00e0n da tr\u1edf n\u00ean \u0111\u1ed3ng \u0111\u1ec1u h\u01a1n.<br \/>\n\u0110\u01b0\u1ee3c khuy\u1ebfn ngh\u1ecb cho c\u00e1c lo\u1ea1i da thi\u1ebfu s\u1ee9c s\u1ed1ng ho\u1eb7c l\u00e3o ho\u00e1.<\/p>\n<p><strong>H\u01af\u1edaNG D\u1eaaN S\u1eec D\u1ee4NG<\/strong><br \/>\nThoa serum l\u00ean kh\u1eafp v\u00f9ng m\u1eb7t, c\u1ed5 v\u00e0 v\u00f9ng da \u0111\u00e3 \u0111\u01b0\u1ee3c l\u00e0m s\u1ea1ch b\u1eb1ng c\u00e1ch s\u1eed d\u1ee5ng c\u00e1c n\u00e9t nh\u1eb9 l\u00ean tr\u00ean cho \u0111\u1ebfn khi s\u1ea3n ph\u1ea9m \u0111\u01b0\u1ee3c h\u1ea5p th\u1ee5 ho\u00e0n to\u00e0n.<\/p>\n<p><strong>TH\u1eacN TR\u1eccNG KHI S\u1eec D\u1ee4NG<\/strong><br \/>\nTr\u00e1nh ti\u1ebfp x\u00fac v\u1edbi \u00e1nh n\u1eafng m\u1eb7t tr\u1eddi ngay sau khi s\u1eed d\u1ee5ng s\u1ea3n ph\u1ea9m.<br \/>\nKh\u00f4ng s\u1eed d\u1ee5ng cho da tr\u1ebb em.<br \/>\nCh\u1ec9 s\u1eed d\u1ee5ng ngo\u00e0i da.<br \/>\nTr\u00e1nh ti\u1ebfp x\u00fac v\u1edbi m\u1eaft.<\/p>\n<p><strong>\u0110\u1ecaNH D\u1ea0NG<\/strong><br \/>\n8ml, 30ml<\/p>\n","protected":false},"excerpt":{"rendered":"<p>S\u00e9rum 3R l\u00e0m m\u1edbi, t\u00e1i t\u1ea1o v\u00e0 ph\u1ee5c h\u1ed3i, gi\u00fap l\u00e0m ch\u1eadm v\u00e0 ch\u1ed1ng l\u1ea1i c\u00e1c d\u1ea5u hi\u1ec7u l\u00e3o h\u00f3a da. Ba t\u00e1c \u0111\u1ed9ng t\u0103ng c\u01b0\u1eddng hi\u1ec7u \u1ee9ng l\u00e0m s\u0103n ch\u1eafc m\u00e0 n\u00f3 mang l\u1ea1i l\u00e0 kh\u00f4ng th\u1ec3 so s\u00e1nh \u0111\u01b0\u1ee3c. K\u1ebft c\u1ea5u da \u0111\u01b0\u1ee3c tinh ch\u1ebf v\u00e0 l\u00e0n da tr\u1edf n\u00ean \u0111\u1ed3ng \u0111\u1ec1u h\u01a1n.<br \/>\n\u0110\u01b0\u1ee3c khuy\u1ebfn ngh\u1ecb cho c\u00e1c lo\u1ea1i da thi\u1ebfu s\u1ee9c s\u1ed1ng ho\u1eb7c l\u00e3o ho\u00e1.<\/p>\n","protected":false},"featured_media":1259,"comment_status":"open","ping_status":"closed","template":"","meta":{"site-sidebar-layout":"default","site-content-layout":"default","ast-global-header-display":"","ast-banner-title-visibility":"","ast-main-header-display":"","ast-hfb-above-header-display":"","ast-hfb-below-header-display":"","ast-hfb-mobile-header-display":"","site-post-title":"","ast-breadcrumbs-content":"","ast-featured-img":"","footer-sml-layout":"","theme-transparent-header-meta":"default","adv-header-id-meta":"","stick-header-meta":"","header-above-stick-meta":"","header-main-stick-meta":"","header-below-stick-meta":""},"product_cat":[35,38],"product_tag":[],"_links":{"self":[{"href":"https:\/\/oanhbeautyspa.com\/index.php\/wp-json\/wp\/v2\/product\/1097"}],"collection":[{"href":"https:\/\/oanhbeautyspa.com\/index.php\/wp-json\/wp\/v2\/product"}],"about":[{"href":"https:\/\/oanhbeautyspa.com\/index.php\/wp-json\/wp\/v2\/types\/product"}],"replies":[{"embeddable":true,"href":"https:\/\/oanhbeautyspa.com\/index.php\/wp-json\/wp\/v2\/comments?post=1097"}],"wp:featuredmedia":[{"embeddable":true,"href":"https:\/\/oanhbeautyspa.com\/index.php\/wp-json\/wp\/v2\/media\/1259"}],"wp:attachment":[{"href":"https:\/\/oanhbeautyspa.com\/index.php\/wp-json\/wp\/v2\/media?parent=1097"}],"wp:term":[{"taxonomy":"product_cat","embeddable":true,"href":"https:\/\/oanhbeautyspa.com\/index.php\/wp-json\/wp\/v2\/product_cat?post=1097"},{"taxonomy":"product_tag","embeddable":true,"href":"https:\/\/oanhbeautyspa.com\/index.php\/wp-json\/wp\/v2\/product_tag?post=1097"}],"curies":[{"name":"wp","href":"https:\/\/api.w.org\/{rel}","templated":true}]}}