{"id":1096,"date":"2023-10-10T12:43:45","date_gmt":"2023-10-10T11:43:45","guid":{"rendered":"https:\/\/oanhbeautyspa.com\/?post_type=product&#038;p=1096"},"modified":"2023-10-31T21:37:39","modified_gmt":"2023-10-31T21:37:39","slug":"oligo-proteines-marines-8ml","status":"publish","type":"product","link":"https:\/\/oanhbeautyspa.com\/index.php\/product\/oligo-proteines-marines-8ml\/","title":{"rendered":"Oligo-Proteines Marines &#8211; 8ml"},"content":{"rendered":"<p>Oligo-Prot\u00e9ines Marines<br \/>\nTinh ch\u1ea5t l\u00e0m s\u00e1ng da v\u00e0 \u0111\u1eb7c tr\u1ecb qu\u1ea7ng th\u00e2m, b\u1ecdng m\u1eaft<\/p>\n<p><strong>\u2022 CH\u1ed0NG QU\u1ea6NG TH\u00c2M M\u1eaeT \u2022 H\u1ed2I SINH S\u1ee8C S\u1ed0NG \u2022 L\u00c0M S\u00c1NG<\/strong><br \/>\nOligo-Prot\u00e9ines Marines l\u00e0 m\u1ed9t lo\u1ea1i huy\u1ebft thanh \u0111\u01b0\u1ee3c thi\u1ebft k\u1ebf \u0111\u1eb7c bi\u1ec7t \u0111\u1ec3 gi\u1ea3m s\u1ef1 xu\u1ea5t hi\u1ec7n c\u1ee7a qu\u1ea7ng th\u00e2m quanh v\u00f9ng vi\u1ec1n m\u1eaft. D\u1ea5u hi\u1ec7u m\u1ec7t m\u1ecfi th\u01b0\u1eddng l\u00e0 k\u1ebft qu\u1ea3 c\u1ee7a vi\u1ec7c l\u01b0u th\u00f4ng m\u00e1u k\u00e9m d\u01b0\u1edbi m\u1eaft l\u00e0 n\u01a1i da m\u1ecfng nh\u1ea5t. Bao g\u1ed3m ph\u1ee9c h\u1ee3p c\u00e1c Protein Oligo Bi\u1ec3n tinh khi\u1ebft, ph\u01b0\u01a1ng ph\u00e1p \u0111i\u1ec1u tr\u1ecb n\u00e0y s\u1ebd l\u00e0m gi\u1ea3m s\u1eafc xanh c\u1ee7a khu v\u1ef1c m\u1ecfng manh n\u00e0y \u0111\u1ec3 c\u00f3 t\u00e1c d\u1ee5ng &#8220;ch\u1ed1ng m\u1ec7t m\u1ecfi&#8221; th\u1ef1c s\u1ef1. L\u00e0n da nh\u01b0 \u0111\u01b0\u1ee3c h\u1ed3i sinh, qu\u1ea7ng th\u00e2m m\u1edd \u0111i tr\u00f4ng th\u1ea5y v\u00e0 da tr\u1edf n\u00ean s\u00e1ng h\u01a1n.<br \/>\nDa c\u00f3 qu\u1ea7ng th\u00e2m m\u1eaft , da m\u1eb7t x\u1ec9n m\u00e0u.<\/p>\n<p><strong>H\u01af\u1edaNG D\u1eaaN S\u1eec D\u1ee4NG<\/strong><br \/>\nThoa 10 gi\u1ecdt huy\u1ebft thanh l\u00ean v\u00f9ng da \u0111\u00e3 l\u00e0m s\u1ea1ch kh\u1eafp m\u1eb7t, c\u1ed5 v\u00e0 v\u00f9ng da ng\u1ef1c theo ph\u01b0\u01a1ng ph\u00e1p massage nh\u1eb9 nh\u00e0ng theo chi\u1ec1u t\u0103ng d\u1ea7n cho \u0111\u1ebfn khi s\u1ea3n ph\u1ea9m \u0111\u01b0\u1ee3c h\u1ea5p th\u1ee5 v\u00e0o da ho\u00e0n to\u00e0n.<\/p>\n<p><strong>TH\u1eacN TR\u1eccNG KHI S\u1eec D\u1ee4NG<\/strong><br \/>\nCh\u1ec9 s\u1eed d\u1ee5ng b\u00ean ngo\u00e0i.<\/p>\n<p><strong>\u0110\u1ecaNH<\/strong> <strong>D\u1ea0NG<\/strong><br \/>\n8ml, 30ml<\/p>\n","protected":false},"excerpt":{"rendered":"<p>Oligo-Prot\u00e9ines Marines l\u00e0 m\u1ed9t lo\u1ea1i huy\u1ebft thanh \u0111\u01b0\u1ee3c thi\u1ebft k\u1ebf \u0111\u1eb7c bi\u1ec7t \u0111\u1ec3 gi\u1ea3m s\u1ef1 xu\u1ea5t hi\u1ec7n c\u1ee7a qu\u1ea7ng th\u00e2m quanh v\u00f9ng vi\u1ec1n m\u1eaft. D\u1ea5u hi\u1ec7u m\u1ec7t m\u1ecfi th\u01b0\u1eddng l\u00e0 k\u1ebft qu\u1ea3 c\u1ee7a vi\u1ec7c l\u01b0u th\u00f4ng m\u00e1u k\u00e9m d\u01b0\u1edbi m\u1eaft l\u00e0 n\u01a1i da m\u1ecfng nh\u1ea5t. Bao g\u1ed3m ph\u1ee9c h\u1ee3p c\u00e1c Protein Oligo Bi\u1ec3n tinh khi\u1ebft, ph\u01b0\u01a1ng ph\u00e1p \u0111i\u1ec1u tr\u1ecb n\u00e0y s\u1ebd l\u00e0m gi\u1ea3m s\u1eafc xanh c\u1ee7a khu v\u1ef1c m\u1ecfng manh n\u00e0y \u0111\u1ec3 c\u00f3 t\u00e1c d\u1ee5ng &#8220;ch\u1ed1ng m\u1ec7t m\u1ecfi&#8221; th\u1ef1c s\u1ef1. L\u00e0n da nh\u01b0 \u0111\u01b0\u1ee3c h\u1ed3i sinh, qu\u1ea7ng th\u00e2m m\u1edd \u0111i tr\u00f4ng th\u1ea5y v\u00e0 da tr\u1edf n\u00ean s\u00e1ng h\u01a1n.<br \/>\nDa c\u00f3 qu\u1ea7ng th\u00e2m m\u1eaft , da m\u1eb7t x\u1ec9n m\u00e0u.<\/p>\n<p>&nbsp;<\/p>\n","protected":false},"featured_media":1257,"comment_status":"open","ping_status":"closed","template":"","meta":{"site-sidebar-layout":"default","site-content-layout":"default","ast-global-header-display":"","ast-banner-title-visibility":"","ast-main-header-display":"","ast-hfb-above-header-display":"","ast-hfb-below-header-display":"","ast-hfb-mobile-header-display":"","site-post-title":"","ast-breadcrumbs-content":"","ast-featured-img":"","footer-sml-layout":"","theme-transparent-header-meta":"default","adv-header-id-meta":"","stick-header-meta":"","header-above-stick-meta":"","header-main-stick-meta":"","header-below-stick-meta":""},"product_cat":[35,38],"product_tag":[],"_links":{"self":[{"href":"https:\/\/oanhbeautyspa.com\/index.php\/wp-json\/wp\/v2\/product\/1096"}],"collection":[{"href":"https:\/\/oanhbeautyspa.com\/index.php\/wp-json\/wp\/v2\/product"}],"about":[{"href":"https:\/\/oanhbeautyspa.com\/index.php\/wp-json\/wp\/v2\/types\/product"}],"replies":[{"embeddable":true,"href":"https:\/\/oanhbeautyspa.com\/index.php\/wp-json\/wp\/v2\/comments?post=1096"}],"wp:featuredmedia":[{"embeddable":true,"href":"https:\/\/oanhbeautyspa.com\/index.php\/wp-json\/wp\/v2\/media\/1257"}],"wp:attachment":[{"href":"https:\/\/oanhbeautyspa.com\/index.php\/wp-json\/wp\/v2\/media?parent=1096"}],"wp:term":[{"taxonomy":"product_cat","embeddable":true,"href":"https:\/\/oanhbeautyspa.com\/index.php\/wp-json\/wp\/v2\/product_cat?post=1096"},{"taxonomy":"product_tag","embeddable":true,"href":"https:\/\/oanhbeautyspa.com\/index.php\/wp-json\/wp\/v2\/product_tag?post=1096"}],"curies":[{"name":"wp","href":"https:\/\/api.w.org\/{rel}","templated":true}]}}