{"id":1092,"date":"2023-10-10T12:43:40","date_gmt":"2023-10-10T11:43:40","guid":{"rendered":"https:\/\/oanhbeautyspa.com\/?post_type=product&#038;p=1092"},"modified":"2023-10-31T21:52:42","modified_gmt":"2023-10-31T21:52:42","slug":"masque-vip-o2","status":"publish","type":"product","link":"https:\/\/oanhbeautyspa.com\/index.php\/product\/masque-vip-o2\/","title":{"rendered":"Masque Vip O2"},"content":{"rendered":"<p>Masque VIP O2<br \/>\nM\u1eb7t n\u1ea1 t\u00e1i t\u1ea1o t\u1ebf b\u00e0o<\/p>\n<p><strong>\u2022 THANH L\u1eccC\/ GI\u1ea2I \u0110\u1ed8C \u2022 D\u01af\u1ee0NG \u1ea8M \u2022 CHUY\u1ec2N HO\u00c1 OXY<\/strong><br \/>\nMasque VIP O2 trung h\u00f2a c\u00e1c ch\u1ea5t \u00f4 nhi\u1ec5m \u0111\u1ec3 ng\u0103n ch\u1eb7n ch\u00fang x\u00e2m nh\u1eadp v\u00e0o c\u00e1c t\u1ebf b\u00e0o da v\u00e0 lo\u1ea1i b\u1ecf ch\u1ea5t th\u1ea3i t\u1ebf b\u00e0o t\u00edch t\u1ee5 do qu\u00e1 tr\u00ecnh oxy h\u00f3a lipid v\u00e0 protein. S\u1ea3n ph\u1ea9m c\u0169ng ch\u1ee9a ho\u1ea1t ch\u1ea5t gi\u1eef \u1ea9m gi\u00fap nu\u00f4i d\u01b0\u1ee1ng l\u00e0n da ti\u1ebfp x\u00fac v\u1edbi \u00f4 nhi\u1ec5m kh\u00f4ng kh\u00ed c\u1ee7a cu\u1ed9c s\u1ed1ng \u0111\u00f4 th\u1ecb. L\u00e0n da \u0111\u01b0\u1ee3c l\u00e0m s\u1ea1ch k\u1ef9 l\u01b0\u1ee1ng s\u1ebd tr\u1edf n\u00ean r\u1ea1ng r\u1ee1 h\u01a1n.<br \/>\n\u0110\u01b0\u1ee3c khuy\u1ebfn ngh\u1ecb cho da m\u1edd v\u00e0 x\u1ec9n m\u00e0u.<\/p>\n<p><strong>H\u01af\u1edaNG D\u1eaaN S\u1eec D\u1ee4NG<\/strong><br \/>\n1. Thoa l\u00ean to\u00e0n b\u1ed9 v\u00f9ng m\u1eb7t, c\u1ed5 v\u00e0 vai.<br \/>\n2. \u0110\u1ec3 y\u00ean trong 15 ph\u00fat.<br \/>\n3. R\u1eeda b\u1eb1ng n\u01b0\u1edbc l\u1ea1nh<\/p>\n<p><strong>TH\u1eacN TR\u1eccNG KHI S\u1eec D\u1ee4NG<\/strong><br \/>\nKh\u00f4ng s\u1eed d\u1ee5ng cho tr\u1ebb d\u01b0\u1edbi 3 tu\u1ed5i.<br \/>\nTr\u00e1nh ti\u1ebfp x\u00fac v\u1edbi \u00e1nh n\u1eafng ngay sau khi thoa s\u1ea3n ph\u1ea9m.<br \/>\nTr\u00e1nh ti\u1ebfp x\u00fac v\u1edbi m\u1eaft ho\u1eb7c m\u00e0ng nh\u1ea7y.<br \/>\nCh\u1ec9 s\u1eed d\u1ee5ng ngo\u00e0i da.<\/p>\n<p><strong>\u0110\u1ecaNH D\u1ea0NG<\/strong><br \/>\n100 ml<\/p>\n","protected":false},"excerpt":{"rendered":"<p>Masque VIP O2 trung h\u00f2a c\u00e1c ch\u1ea5t \u00f4 nhi\u1ec5m \u0111\u1ec3 ng\u0103n ch\u1eb7n ch\u00fang x\u00e2m nh\u1eadp v\u00e0o c\u00e1c t\u1ebf b\u00e0o da v\u00e0 lo\u1ea1i b\u1ecf ch\u1ea5t th\u1ea3i t\u1ebf b\u00e0o t\u00edch t\u1ee5 do qu\u00e1 tr\u00ecnh oxy h\u00f3a lipid v\u00e0 protein. S\u1ea3n ph\u1ea9m c\u0169ng ch\u1ee9a ho\u1ea1t ch\u1ea5t gi\u1eef \u1ea9m gi\u00fap nu\u00f4i d\u01b0\u1ee1ng l\u00e0n da ti\u1ebfp x\u00fac v\u1edbi \u00f4 nhi\u1ec5m kh\u00f4ng kh\u00ed c\u1ee7a cu\u1ed9c s\u1ed1ng \u0111\u00f4 th\u1ecb. L\u00e0n da \u0111\u01b0\u1ee3c l\u00e0m s\u1ea1ch k\u1ef9 l\u01b0\u1ee1ng s\u1ebd tr\u1edf n\u00ean r\u1ea1ng r\u1ee1 h\u01a1n.<\/p>\n","protected":false},"featured_media":1253,"comment_status":"open","ping_status":"closed","template":"","meta":{"site-sidebar-layout":"default","site-content-layout":"default","ast-global-header-display":"","ast-banner-title-visibility":"","ast-main-header-display":"","ast-hfb-above-header-display":"","ast-hfb-below-header-display":"","ast-hfb-mobile-header-display":"","site-post-title":"","ast-breadcrumbs-content":"","ast-featured-img":"","footer-sml-layout":"","theme-transparent-header-meta":"default","adv-header-id-meta":"","stick-header-meta":"","header-above-stick-meta":"","header-main-stick-meta":"","header-below-stick-meta":""},"product_cat":[35,40],"product_tag":[],"_links":{"self":[{"href":"https:\/\/oanhbeautyspa.com\/index.php\/wp-json\/wp\/v2\/product\/1092"}],"collection":[{"href":"https:\/\/oanhbeautyspa.com\/index.php\/wp-json\/wp\/v2\/product"}],"about":[{"href":"https:\/\/oanhbeautyspa.com\/index.php\/wp-json\/wp\/v2\/types\/product"}],"replies":[{"embeddable":true,"href":"https:\/\/oanhbeautyspa.com\/index.php\/wp-json\/wp\/v2\/comments?post=1092"}],"wp:featuredmedia":[{"embeddable":true,"href":"https:\/\/oanhbeautyspa.com\/index.php\/wp-json\/wp\/v2\/media\/1253"}],"wp:attachment":[{"href":"https:\/\/oanhbeautyspa.com\/index.php\/wp-json\/wp\/v2\/media?parent=1092"}],"wp:term":[{"taxonomy":"product_cat","embeddable":true,"href":"https:\/\/oanhbeautyspa.com\/index.php\/wp-json\/wp\/v2\/product_cat?post=1092"},{"taxonomy":"product_tag","embeddable":true,"href":"https:\/\/oanhbeautyspa.com\/index.php\/wp-json\/wp\/v2\/product_tag?post=1092"}],"curies":[{"name":"wp","href":"https:\/\/api.w.org\/{rel}","templated":true}]}}