{"id":1090,"date":"2023-10-10T12:43:40","date_gmt":"2023-10-10T11:43:40","guid":{"rendered":"https:\/\/oanhbeautyspa.com\/?post_type=product&#038;p=1090"},"modified":"2023-10-31T21:43:15","modified_gmt":"2023-10-31T21:43:15","slug":"masque-biofixine","status":"publish","type":"product","link":"https:\/\/oanhbeautyspa.com\/index.php\/product\/masque-biofixine\/","title":{"rendered":"Masque Biofixine"},"content":{"rendered":"<p>Masque Biofixine<br \/>\nM\u1eb7t n\u1ea1 ch\u1ed1ng l\u00e3o h\u00f3a, \u0111\u1eb7c tr\u1ecb n\u1ebfp nh\u0103n v\u00e0 r\u00e3ng g\u1ea5p Biofixine<\/p>\n<p><strong>\u2022 CH\u1ed0NG N\u1ebeP NH\u0102N \u2022 L\u00c0M S\u00c1NG \u2022 T\u00c1I T\u1ea0O<\/strong><br \/>\nS\u1ef1 li\u00ean k\u1ebft ch\u1ed1ng l\u1ea1i c\u00e1c n\u1ebfp nh\u0103n, Masque Biofixine ho\u1ea1t \u0111\u1ed9ng tr\u00ean b\u1ec1 m\u1eb7t v\u00e0 b\u1ec1 ngo\u00e0i c\u1ee7a c\u00e1c n\u1ebfp nh\u0103n, cho d\u00f9 l\u00e0 n\u1ebfp nh\u0103n t\u0129nh (do l\u00e3o h\u00f3a da) hay n\u1ebfp nh\u0103n \u0111\u1ed9ng (do co c\u01a1). Myorelax Peptide \u0111\u01b0\u1ee3c bi\u1ebft \u0111\u1ebfn v\u1edbi t\u00e1c d\u1ee5ng th\u01b0 gi\u00e3n \u0111\u1ed1i v\u1edbi s\u1ef1 c\u0103ng c\u01a1 vi m\u00f4, gi\u00fap ch\u1ec9nh s\u1eeda c\u00e1c \u0111\u01b0\u1eddng bi\u1ec3u c\u1ea3m tr\u00ean khu\u00f4n m\u1eb7t. C\u00e1c ho\u1ea1t ch\u1ea5t d\u01b0\u1ee1ng \u1ea9m v\u00e0 ch\u1ed1ng oxy h\u00f3a c\u1ee7a n\u00f3 t\u1ea1o th\u00e0nh m\u1ed9t l\u1edbp m\u00e0ng b\u1ea3o v\u1ec7 v\u00e0 gi\u00fap duy tr\u00ec t\u00ednh to\u00e0n v\u1eb9n c\u1ee7a h\u00e0ng r\u00e0o b\u1ea3o v\u1ec7 da \u0111\u1ec3 ch\u1ed1ng l\u1ea1i c\u00e1c n\u1ebfp b\u1ecb m\u1ea5t n\u01b0\u1edbc. C\u00e1c n\u1ebfp nh\u0103n m\u1edd \u0111i r\u00f5 r\u1ec7t, l\u00e0n da m\u1ecbn m\u00e0ng h\u01a1n, c\u00e1c \u0111\u01b0\u1eddng n\u00e9t tr\u00ean khu\u00f4n m\u1eb7t \u0111\u01b0\u1ee3c s\u0103n ch\u1eafc.<br \/>\nKhuy\u00ean d\u00f9ng cho da c\u00f3 d\u1ea5u hi\u1ec7u l\u00e3o h\u00f3a b\u1eaft \u0111\u1ea7u h\u00ecnh th\u00e0nh n\u1ebfp nh\u0103n<\/p>\n<p><strong>H\u01af\u1edaNG D\u1eaaN S\u1eec D\u1ee4NG<\/strong><br \/>\n1. Thoa l\u00ean to\u00e0n b\u1ed9 v\u00f9ng m\u1eb7t, c\u1ed5 v\u00e0 vai.<br \/>\n2. \u0110\u1ec3 y\u00ean trong 15 ph\u00fat.<br \/>\n3. R\u1eeda b\u1eb1ng n\u01b0\u1edbc l\u1ea1nh<\/p>\n<p><strong>TH\u1eacN TR\u1eccNG KHI S\u1eec D\u1ee4NG<\/strong><br \/>\nCh\u1ec9 s\u1eed d\u1ee5ng ngo\u00e0i da.<\/p>\n<p><strong>\u0110\u1ecaNH D\u1ea0NG<\/strong><br \/>\n100 ml<\/p>\n","protected":false},"excerpt":{"rendered":"<p>S\u1ef1 li\u00ean k\u1ebft ch\u1ed1ng l\u1ea1i c\u00e1c n\u1ebfp nh\u0103n, Masque Biofixine ho\u1ea1t \u0111\u1ed9ng tr\u00ean b\u1ec1 m\u1eb7t v\u00e0 b\u1ec1 ngo\u00e0i c\u1ee7a c\u00e1c n\u1ebfp nh\u0103n, cho d\u00f9 l\u00e0 n\u1ebfp nh\u0103n t\u0129nh (do l\u00e3o h\u00f3a da) hay n\u1ebfp nh\u0103n \u0111\u1ed9ng (do co c\u01a1). Myorelax Peptide \u0111\u01b0\u1ee3c bi\u1ebft \u0111\u1ebfn v\u1edbi t\u00e1c d\u1ee5ng th\u01b0 gi\u00e3n \u0111\u1ed1i v\u1edbi s\u1ef1 c\u0103ng c\u01a1 vi m\u00f4, gi\u00fap ch\u1ec9nh s\u1eeda c\u00e1c \u0111\u01b0\u1eddng bi\u1ec3u c\u1ea3m tr\u00ean khu\u00f4n m\u1eb7t. C\u00e1c ho\u1ea1t ch\u1ea5t d\u01b0\u1ee1ng \u1ea9m v\u00e0 ch\u1ed1ng oxy h\u00f3a c\u1ee7a n\u00f3 t\u1ea1o th\u00e0nh m\u1ed9t l\u1edbp m\u00e0ng b\u1ea3o v\u1ec7 v\u00e0 gi\u00fap duy tr\u00ec t\u00ednh to\u00e0n v\u1eb9n c\u1ee7a h\u00e0ng r\u00e0o b\u1ea3o v\u1ec7 da \u0111\u1ec3 ch\u1ed1ng l\u1ea1i c\u00e1c n\u1ebfp b\u1ecb m\u1ea5t n\u01b0\u1edbc. C\u00e1c n\u1ebfp nh\u0103n m\u1edd \u0111i r\u00f5 r\u1ec7t, l\u00e0n da m\u1ecbn m\u00e0ng h\u01a1n, c\u00e1c \u0111\u01b0\u1eddng n\u00e9t tr\u00ean khu\u00f4n m\u1eb7t \u0111\u01b0\u1ee3c s\u0103n ch\u1eafc.<\/p>\n","protected":false},"featured_media":1251,"comment_status":"open","ping_status":"closed","template":"","meta":{"site-sidebar-layout":"default","site-content-layout":"default","ast-global-header-display":"","ast-banner-title-visibility":"","ast-main-header-display":"","ast-hfb-above-header-display":"","ast-hfb-below-header-display":"","ast-hfb-mobile-header-display":"","site-post-title":"","ast-breadcrumbs-content":"","ast-featured-img":"","footer-sml-layout":"","theme-transparent-header-meta":"default","adv-header-id-meta":"","stick-header-meta":"","header-above-stick-meta":"","header-main-stick-meta":"","header-below-stick-meta":""},"product_cat":[35,40],"product_tag":[],"_links":{"self":[{"href":"https:\/\/oanhbeautyspa.com\/index.php\/wp-json\/wp\/v2\/product\/1090"}],"collection":[{"href":"https:\/\/oanhbeautyspa.com\/index.php\/wp-json\/wp\/v2\/product"}],"about":[{"href":"https:\/\/oanhbeautyspa.com\/index.php\/wp-json\/wp\/v2\/types\/product"}],"replies":[{"embeddable":true,"href":"https:\/\/oanhbeautyspa.com\/index.php\/wp-json\/wp\/v2\/comments?post=1090"}],"wp:featuredmedia":[{"embeddable":true,"href":"https:\/\/oanhbeautyspa.com\/index.php\/wp-json\/wp\/v2\/media\/1251"}],"wp:attachment":[{"href":"https:\/\/oanhbeautyspa.com\/index.php\/wp-json\/wp\/v2\/media?parent=1090"}],"wp:term":[{"taxonomy":"product_cat","embeddable":true,"href":"https:\/\/oanhbeautyspa.com\/index.php\/wp-json\/wp\/v2\/product_cat?post=1090"},{"taxonomy":"product_tag","embeddable":true,"href":"https:\/\/oanhbeautyspa.com\/index.php\/wp-json\/wp\/v2\/product_tag?post=1090"}],"curies":[{"name":"wp","href":"https:\/\/api.w.org\/{rel}","templated":true}]}}