{"id":1089,"date":"2023-10-10T12:43:40","date_gmt":"2023-10-10T11:43:40","guid":{"rendered":"https:\/\/oanhbeautyspa.com\/?post_type=product&#038;p=1089"},"modified":"2023-10-31T21:42:49","modified_gmt":"2023-10-31T21:42:49","slug":"masque-bain-de-plantes","status":"publish","type":"product","link":"https:\/\/oanhbeautyspa.com\/index.php\/product\/masque-bain-de-plantes\/","title":{"rendered":"Masque Bain De Plantes"},"content":{"rendered":"<p>Masque Bain de Plantes<br \/>\nM\u1eb7t n\u1ea1 kh\u00e1ng khu\u1ea9n v\u00e0 c\u00e2n b\u1eb1ng \u0111i\u1ec1u ti\u1ebft b\u00e3 nh\u1eddn<\/p>\n<p><strong>\u2022 THANH L\u1eccC TINH KHI\u1ebeT \u2022 THANH L\u1eccC \u2022 \u0110I\u1ec0U CH\u1ec8NH, GI\u1ea2M TI\u1ebeT B\u00c3 NH\u1edcN<\/strong><br \/>\nM\u1eb7t n\u1ea1 Bain de Plantes \u0111\u01b0\u1ee3c thi\u1ebft k\u1ebf \u0111\u1ec3 s\u1eed d\u1ee5ng tr\u00ean m\u1eb7t, c\u01a1 th\u1ec3 v\u00e0 t\u00f3c. C\u00f4ng th\u1ee9c v\u1edbi c\u00e1c ho\u1ea1t ch\u1ea5t \u0111i\u1ec1u h\u00f2a v\u00e0 l\u00e0m s\u1ea1ch, n\u00f3 gi\u00fap lo\u1ea1i b\u1ecf b\u00e3 nh\u1eddn d\u01b0 th\u1eeba tr\u00ean b\u1ec1 m\u1eb7t bi\u1ec3u b\u00ec v\u00e0 da \u0111\u1ea7u, \u0111\u1ed3ng th\u1eddi \u0111i\u1ec1u ch\u1ec9nh t\u1ed1c \u0111\u1ed9 b\u00e0i ti\u1ebft m\u00e0 kh\u00f4ng g\u00e2y k\u00edch \u1ee9ng ho\u1eb7c m\u1ea5t n\u01b0\u1edbc cho da. Da d\u1ea7u \u0111\u01b0\u1ee3c c\u00e2n b\u1eb1ng l\u1ea1i v\u00e0 l\u00e0m s\u1ea1ch.<br \/>\n\u0110\u01b0\u1ee3c khuy\u1ebfn ngh\u1ecb cho c\u00e1c lo\u1ea1i da c\u00f3 d\u1ea7u v\u00e0 b\u00e3 nh\u1eddn.<\/p>\n<p><strong>H\u01af\u1edaNG D\u1eaaN S\u1eec D\u1ee4NG<\/strong><br \/>\n1. Thoa l\u00ean to\u00e0n b\u1ed9 v\u00f9ng m\u1eb7t, c\u1ed5 v\u00e0 vai.<br \/>\n2. \u0110\u1ec3 y\u00ean trong 15 ph\u00fat.<br \/>\n3. R\u1eeda b\u1eb1ng n\u01b0\u1edbc l\u1ea1nh \u1ea9m.<\/p>\n<p><strong>TH\u1eacN TR\u1eccNG KHI S\u1eec D\u1ee4NG<\/strong><br \/>\nTr\u00e1nh ti\u1ebfp x\u00fac v\u1edbi m\u1eaft ho\u1eb7c m\u00e0ng nh\u1ea7y.<br \/>\nTrong tr\u01b0\u1eddng h\u1ee3p ti\u1ebfp x\u00fac v\u1edbi m\u1eaft, r\u1eeda k\u1ef9 b\u1eb1ng n\u01b0\u1edbc s\u1ea1ch.<br \/>\nTr\u00e1nh v\u00f9ng quanh m\u1eaft.<br \/>\nKh\u00f4ng s\u1eed d\u1ee5ng tr\u00ean t\u00f3c t\u1ea9y tr\u1eafng.<br \/>\nCh\u1ec9 s\u1eed d\u1ee5ng ngo\u00e0i da.<\/p>\n<p><strong>\u0110\u1ecaNH D\u1ea0NG<\/strong><br \/>\n100 ml<\/p>\n","protected":false},"excerpt":{"rendered":"<p>M\u1eb7t n\u1ea1 Bain de Plantes \u0111\u01b0\u1ee3c thi\u1ebft k\u1ebf \u0111\u1ec3 s\u1eed d\u1ee5ng tr\u00ean m\u1eb7t, c\u01a1 th\u1ec3 v\u00e0 t\u00f3c. C\u00f4ng th\u1ee9c v\u1edbi c\u00e1c ho\u1ea1t ch\u1ea5t \u0111i\u1ec1u h\u00f2a v\u00e0 l\u00e0m s\u1ea1ch, n\u00f3 gi\u00fap lo\u1ea1i b\u1ecf b\u00e3 nh\u1eddn d\u01b0 th\u1eeba tr\u00ean b\u1ec1 m\u1eb7t bi\u1ec3u b\u00ec v\u00e0 da \u0111\u1ea7u, \u0111\u1ed3ng th\u1eddi \u0111i\u1ec1u ch\u1ec9nh t\u1ed1c \u0111\u1ed9 b\u00e0i ti\u1ebft m\u00e0 kh\u00f4ng g\u00e2y k\u00edch \u1ee9ng ho\u1eb7c m\u1ea5t n\u01b0\u1edbc cho da. Da d\u1ea7u \u0111\u01b0\u1ee3c c\u00e2n b\u1eb1ng l\u1ea1i v\u00e0 l\u00e0m s\u1ea1ch.<\/p>\n","protected":false},"featured_media":1250,"comment_status":"open","ping_status":"closed","template":"","meta":{"site-sidebar-layout":"default","site-content-layout":"default","ast-global-header-display":"","ast-banner-title-visibility":"","ast-main-header-display":"","ast-hfb-above-header-display":"","ast-hfb-below-header-display":"","ast-hfb-mobile-header-display":"","site-post-title":"","ast-breadcrumbs-content":"","ast-featured-img":"","footer-sml-layout":"","theme-transparent-header-meta":"default","adv-header-id-meta":"","stick-header-meta":"","header-above-stick-meta":"","header-main-stick-meta":"","header-below-stick-meta":""},"product_cat":[35,40],"product_tag":[],"_links":{"self":[{"href":"https:\/\/oanhbeautyspa.com\/index.php\/wp-json\/wp\/v2\/product\/1089"}],"collection":[{"href":"https:\/\/oanhbeautyspa.com\/index.php\/wp-json\/wp\/v2\/product"}],"about":[{"href":"https:\/\/oanhbeautyspa.com\/index.php\/wp-json\/wp\/v2\/types\/product"}],"replies":[{"embeddable":true,"href":"https:\/\/oanhbeautyspa.com\/index.php\/wp-json\/wp\/v2\/comments?post=1089"}],"wp:featuredmedia":[{"embeddable":true,"href":"https:\/\/oanhbeautyspa.com\/index.php\/wp-json\/wp\/v2\/media\/1250"}],"wp:attachment":[{"href":"https:\/\/oanhbeautyspa.com\/index.php\/wp-json\/wp\/v2\/media?parent=1089"}],"wp:term":[{"taxonomy":"product_cat","embeddable":true,"href":"https:\/\/oanhbeautyspa.com\/index.php\/wp-json\/wp\/v2\/product_cat?post=1089"},{"taxonomy":"product_tag","embeddable":true,"href":"https:\/\/oanhbeautyspa.com\/index.php\/wp-json\/wp\/v2\/product_tag?post=1089"}],"curies":[{"name":"wp","href":"https:\/\/api.w.org\/{rel}","templated":true}]}}