{"id":1088,"date":"2023-10-10T12:43:40","date_gmt":"2023-10-10T11:43:40","guid":{"rendered":"https:\/\/oanhbeautyspa.com\/?post_type=product&#038;p=1088"},"modified":"2023-10-31T21:51:33","modified_gmt":"2023-10-31T21:51:33","slug":"lotion-p50w-50ml","status":"publish","type":"product","link":"https:\/\/oanhbeautyspa.com\/index.php\/product\/lotion-p50w-50ml\/","title":{"rendered":"Lotion P50W &#8211; 50ml"},"content":{"rendered":"<p>Lotion P50W<br \/>\nDung d\u1ecbch t\u1ea9y da cheeys nh\u1eb9 nh\u00e0ng thanh l\u1ecdc, l\u00e0m m\u1ecbn, d\u01b0\u1ee1ng \u1ea9m v\u00e0 c\u00e2n b\u1eb1ng \u0111\u1ed9 PH<\/p>\n<p><strong>\u2022 T\u1ea8Y DA CH\u1ebeT \u2022 D\u01af\u1ee0NG \u1ea8M \u2022 L\u00c0M TINH KHI\u1ebeT\/ THANH L\u1eccC<\/strong><br \/>\nLotion P50W l\u00e0 m\u1ed9t lo\u1ea1i t\u1ea9y da ch\u1ebft gi\u00e0u vitamin r\u1ea5t nh\u1eb9 nh\u00e0ng gi\u00fap thanh l\u1ecdc, l\u00e0m m\u1ecbn, gi\u1eef \u1ea9m v\u00e0 gi\u00fap duy tr\u00ec \u0111\u1ed9 pH c\u00e2n b\u1eb1ng trong l\u1edbp bi\u1ec3u b\u00ec.<br \/>\n\u0110\u01b0\u1ee3c khuy\u1ebfn ngh\u1ecb cho c\u00e1c lo\u1ea1i da m\u1ecfng ho\u1eb7c nh\u1ea1y c\u1ea3m.<\/p>\n<p><strong>H\u01af\u1edaNG D\u1eaaN S\u1eec D\u1ee4NG<\/strong><br \/>\n1,Tu\u1ea7n \u0111\u1ea7u ti\u00ean: Th\u1ea5m 7-10 gi\u1ecdt Lotion v\u1edbi m\u1ed9t mi\u1ebfng b\u00f4ng \u1ea9m, thoa l\u00ean m\u1eb7t, c\u1ed5 v\u00e0 vai b\u1eb1ng c\u00e1ch vu\u1ed1t l\u00ean.<br \/>\n2. Nh\u1eefng ng\u00e0y sau: Th\u1ea5m \u0111\u1ec1u Lotion ra mi\u1ebfng b\u00f4ng kh\u00f4<\/p>\n<p><strong>TH\u1eacN TR\u1eccNG KHI S\u1eec D\u1ee4NG<\/strong><br \/>\nKh\u00f4ng s\u1eed d\u1ee5ng cho tr\u1ebb em, c\u0169ng nh\u01b0 tr\u00ean da b\u1ecb tr\u1ea7y x\u01b0\u1edbc ho\u1eb7c b\u1ecb k\u00edch th\u00edch, c\u0169ng nh\u01b0 trong khi \u0110\u1eb6C TR\u1eca b\u1eb1ng axit retinoic.<br \/>\nTr\u00e1nh ti\u1ebfp x\u00fac v\u1edbi m\u1eaft v\u00e0 khu v\u1ef1c xung quanh m\u1eaft.<br \/>\nN\u1ebfu s\u1ea3n ph\u1ea9m d\u00ednh v\u00e0o m\u1eaft, r\u1eeda k\u1ef9 b\u1eb1ng n\u01b0\u1edbc s\u1ea1ch trong 1 \u0111\u1ebfn 2 ph\u00fat.<br \/>\nTr\u00e1nh ph\u01a1i n\u1eafng ngay sau khi thoa s\u1ea3n ph\u1ea9m.<br \/>\nCh\u1ec9 s\u1eed d\u1ee5ng ngo\u00e0i da.<\/p>\n<p><strong>\u0110\u1ecaNH D\u1ea0NG<\/strong><br \/>\n50ml, 150ml, 250ml<\/p>\n","protected":false},"excerpt":{"rendered":"<p>Lotion P50W l\u00e0 m\u1ed9t lo\u1ea1i t\u1ea9y da ch\u1ebft gi\u00e0u vitamin r\u1ea5t nh\u1eb9 nh\u00e0ng gi\u00fap thanh l\u1ecdc, l\u00e0m m\u1ecbn, gi\u1eef \u1ea9m v\u00e0 gi\u00fap duy tr\u00ec \u0111\u1ed9 pH c\u00e2n b\u1eb1ng trong l\u1edbp bi\u1ec3u b\u00ec.<br \/>\n\u0110\u01b0\u1ee3c khuy\u1ebfn ngh\u1ecb cho c\u00e1c lo\u1ea1i da m\u1ecfng ho\u1eb7c nh\u1ea1y c\u1ea3m.<\/p>\n","protected":false},"featured_media":1249,"comment_status":"open","ping_status":"closed","template":"","meta":{"site-sidebar-layout":"default","site-content-layout":"default","ast-global-header-display":"","ast-banner-title-visibility":"","ast-main-header-display":"","ast-hfb-above-header-display":"","ast-hfb-below-header-display":"","ast-hfb-mobile-header-display":"","site-post-title":"","ast-breadcrumbs-content":"","ast-featured-img":"","footer-sml-layout":"","theme-transparent-header-meta":"default","adv-header-id-meta":"","stick-header-meta":"","header-above-stick-meta":"","header-main-stick-meta":"","header-below-stick-meta":""},"product_cat":[35,45],"product_tag":[],"_links":{"self":[{"href":"https:\/\/oanhbeautyspa.com\/index.php\/wp-json\/wp\/v2\/product\/1088"}],"collection":[{"href":"https:\/\/oanhbeautyspa.com\/index.php\/wp-json\/wp\/v2\/product"}],"about":[{"href":"https:\/\/oanhbeautyspa.com\/index.php\/wp-json\/wp\/v2\/types\/product"}],"replies":[{"embeddable":true,"href":"https:\/\/oanhbeautyspa.com\/index.php\/wp-json\/wp\/v2\/comments?post=1088"}],"wp:featuredmedia":[{"embeddable":true,"href":"https:\/\/oanhbeautyspa.com\/index.php\/wp-json\/wp\/v2\/media\/1249"}],"wp:attachment":[{"href":"https:\/\/oanhbeautyspa.com\/index.php\/wp-json\/wp\/v2\/media?parent=1088"}],"wp:term":[{"taxonomy":"product_cat","embeddable":true,"href":"https:\/\/oanhbeautyspa.com\/index.php\/wp-json\/wp\/v2\/product_cat?post=1088"},{"taxonomy":"product_tag","embeddable":true,"href":"https:\/\/oanhbeautyspa.com\/index.php\/wp-json\/wp\/v2\/product_tag?post=1088"}],"curies":[{"name":"wp","href":"https:\/\/api.w.org\/{rel}","templated":true}]}}