{"id":1086,"date":"2023-10-10T12:43:40","date_gmt":"2023-10-10T11:43:40","guid":{"rendered":"https:\/\/oanhbeautyspa.com\/?post_type=product&#038;p=1086"},"modified":"2023-10-31T21:51:56","modified_gmt":"2023-10-31T21:51:56","slug":"lotion-p50t-150ml","status":"publish","type":"product","link":"https:\/\/oanhbeautyspa.com\/index.php\/product\/lotion-p50t-150ml\/","title":{"rendered":"Lotion P50T- 150ml"},"content":{"rendered":"<p>Lotion P50T<br \/>\nDung d\u1ecbch c\u00e2n b\u1eb1ng v\u00e0 t\u00e1i t\u1ea1o da P50T<\/p>\n<p><strong>\u2022 T\u1ea8Y DA CH\u1ebeT \u2022 L\u00c0M TINH KHI\u1ebeT\/ THANH L\u1eccC \u2022 L\u00c0M S\u0102N CH\u1eaeC<\/strong><br \/>\nLotion P50T l\u00e0 m\u1ed9t lo\u1ea1i lotion t\u1ea9y da ch\u1ee9a vitamin, gi\u00fap l\u00e0m s\u1ea1ch da m\u1ed9t c\u00e1ch nh\u1eb9 nh\u00e0ng v\u00e0 \u0111i\u1ec1u ch\u1ec9nh d\u1ea7u th\u1eeba b\u1ec1 m\u1eb7t. N\u00f3 gi\u00fap l\u00e0m s\u1ea1ch s\u1eebng ch\u1ebft , cung c\u1ea5p \u0111\u1ed9 \u1ea9m v\u00e0 duy tr\u00ec \u0111\u1ed9 pH axit c\u1ee7a bi\u1ec3u b\u00ec.<br \/>\n\u0110\u01b0\u1ee3c khuy\u1ebfn ngh\u1ecb cho da d\u1ea7u, \u0111\u1eb7c bi\u1ec7t l\u00e0 da d\u1ea7u d\u1ec5 b\u1ecb vi\u00eam nhi\u1ec5m.<\/p>\n<p><strong>H\u01af\u1edaNG D\u1eaaN S\u1eec D\u1ee4NG<\/strong><br \/>\n1,Tu\u1ea7n \u0111\u1ea7u ti\u00ean: Th\u1ea5m 7-10 gi\u1ecdt Lotion v\u1edbi m\u1ed9t mi\u1ebfng b\u00f4ng \u1ea9m, thoa l\u00ean m\u1eb7t, c\u1ed5 v\u00e0 vai b\u1eb1ng c\u00e1ch vu\u1ed1t l\u00ean.<br \/>\n2. Nh\u1eefng ng\u00e0y sau: Th\u1ea5m \u0111\u1ec1u Lotion ra mi\u1ebfng b\u00f4ng kh\u00f4<\/p>\n<p><strong>TH\u1eacN TR\u1eccNG KHI S\u1eec D\u1ee4NG<\/strong><br \/>\nTr\u00e1nh ti\u1ebfp x\u00fac v\u1edbi m\u1eaft.<br \/>\nKh\u00f4ng ph\u00f9 h\u1ee3p cho tr\u1ebb em.<br \/>\nKh\u00f4ng s\u1eed d\u1ee5ng c\u00f9ng v\u1edbi li\u1ec7u tr\u00ecnh axit retinoic ho\u1eb7c s\u1ea3n ph\u1ea9m ch\u1ee9a Alpha-Hydroxy-Acids (AHA).<br \/>\nCh\u1ec9 s\u1eed d\u1ee5ng b\u00ean ngo\u00e0i.<br \/>\nTr\u00e1nh ti\u1ebfp x\u00fac tr\u1ef1c ti\u1ebfp v\u1edbi \u00e1nh n\u1eafng m\u1eb7t tr\u1eddi sau khi s\u1eed d\u1ee5ng s\u1ea3n ph\u1ea9m.<\/p>\n","protected":false},"excerpt":{"rendered":"<p>Lotion P50T l\u00e0 m\u1ed9t lo\u1ea1i lotion t\u1ea9y da ch\u1ee9a vitamin, gi\u00fap l\u00e0m s\u1ea1ch da m\u1ed9t c\u00e1ch nh\u1eb9 nh\u00e0ng v\u00e0 \u0111i\u1ec1u ch\u1ec9nh d\u1ea7u th\u1eeba b\u1ec1 m\u1eb7t. N\u00f3 gi\u00fap l\u00e0m s\u1ea1ch s\u1eebng ch\u1ebft , cung c\u1ea5p \u0111\u1ed9 \u1ea9m v\u00e0 duy tr\u00ec \u0111\u1ed9 pH axit c\u1ee7a bi\u1ec3u b\u00ec.<br \/>\n\u0110\u01b0\u1ee3c khuy\u1ebfn ngh\u1ecb cho da d\u1ea7u, \u0111\u1eb7c bi\u1ec7t l\u00e0 da d\u1ea7u d\u1ec5 b\u1ecb vi\u00eam nhi\u1ec5m.<\/p>\n","protected":false},"featured_media":1247,"comment_status":"open","ping_status":"closed","template":"","meta":{"site-sidebar-layout":"default","site-content-layout":"default","ast-global-header-display":"","ast-banner-title-visibility":"","ast-main-header-display":"","ast-hfb-above-header-display":"","ast-hfb-below-header-display":"","ast-hfb-mobile-header-display":"","site-post-title":"","ast-breadcrumbs-content":"","ast-featured-img":"","footer-sml-layout":"","theme-transparent-header-meta":"default","adv-header-id-meta":"","stick-header-meta":"","header-above-stick-meta":"","header-main-stick-meta":"","header-below-stick-meta":""},"product_cat":[35,45],"product_tag":[],"_links":{"self":[{"href":"https:\/\/oanhbeautyspa.com\/index.php\/wp-json\/wp\/v2\/product\/1086"}],"collection":[{"href":"https:\/\/oanhbeautyspa.com\/index.php\/wp-json\/wp\/v2\/product"}],"about":[{"href":"https:\/\/oanhbeautyspa.com\/index.php\/wp-json\/wp\/v2\/types\/product"}],"replies":[{"embeddable":true,"href":"https:\/\/oanhbeautyspa.com\/index.php\/wp-json\/wp\/v2\/comments?post=1086"}],"wp:featuredmedia":[{"embeddable":true,"href":"https:\/\/oanhbeautyspa.com\/index.php\/wp-json\/wp\/v2\/media\/1247"}],"wp:attachment":[{"href":"https:\/\/oanhbeautyspa.com\/index.php\/wp-json\/wp\/v2\/media?parent=1086"}],"wp:term":[{"taxonomy":"product_cat","embeddable":true,"href":"https:\/\/oanhbeautyspa.com\/index.php\/wp-json\/wp\/v2\/product_cat?post=1086"},{"taxonomy":"product_tag","embeddable":true,"href":"https:\/\/oanhbeautyspa.com\/index.php\/wp-json\/wp\/v2\/product_tag?post=1086"}],"curies":[{"name":"wp","href":"https:\/\/api.w.org\/{rel}","templated":true}]}}