{"id":1083,"date":"2023-10-10T12:43:40","date_gmt":"2023-10-10T11:43:40","guid":{"rendered":"https:\/\/oanhbeautyspa.com\/?post_type=product&#038;p=1083"},"modified":"2023-10-10T16:56:26","modified_gmt":"2023-10-10T15:56:26","slug":"lotion-p50-pigm-400-150ml","status":"publish","type":"product","link":"https:\/\/oanhbeautyspa.com\/index.php\/product\/lotion-p50-pigm-400-150ml\/","title":{"rendered":"Lotion P50 Pigm 400 &#8211; 150ml"},"content":{"rendered":"<p>Lotion P50 PIGM 400<br \/>\nDung d\u1ecbch c\u00e2n b\u1eb1ng v\u00e0 t\u00e1i t\u1ea1o da s\u1ea1m n\u00e1m, t\u00e0n nhang<\/p>\n<p>\u2022 CH\u1ed0NG N\u00c1M, S\u1ea0M DA \u2022 T\u1ea8Y DA CH\u1ebeT \u2022 L\u00c0M TINH KHI\u1ebeT\/ THANH L\u1eccC<br \/>\nLotion P50 PIGM 400 l\u00e0 m\u1ed9t lo\u1ea1i kem t\u1ea9y da ch\u1ebft gi\u00e0u vitamin, nh\u1eb9 nh\u00e0ng thanh l\u1ecdc, l\u00e0m s\u00e1ng da v\u00e0 gi\u00fap l\u00e0m m\u1edd d\u1ea7n c\u00e1c \u0111\u1ed1m s\u1eafc t\u1ed1.<br \/>\n\u0110\u01b0\u1ee3c khuy\u1ebfn ngh\u1ecb cho c\u00e1c lo\u1ea1i da x\u1ec9n m\u00e0u v\u1edbi s\u1eafc t\u1ed1 kh\u00f4ng \u0111\u1ed3ng \u0111\u1ec1u.<\/p>\n<p>H\u01af\u1edaNG D\u1eaaN S\u1eec D\u1ee4NG<br \/>\n1,Tu\u1ea7n \u0111\u1ea7u ti\u00ean: Th\u1ea5m 7-10 gi\u1ecdt Lotion v\u1edbi m\u1ed9t mi\u1ebfng b\u00f4ng \u1ea9m, thoa l\u00ean m\u1eb7t, c\u1ed5 v\u00e0 vai b\u1eb1ng c\u00e1ch vu\u1ed1t l\u00ean.<br \/>\n2. Nh\u1eefng ng\u00e0y sau: Th\u1ea5m \u0111\u1ec1u lotion ra mi\u1ebfng b\u00f4ng kh\u00f4<br \/>\nTH\u1eacN TR\u1eccNG KHI S\u1eec D\u1ee4NG<br \/>\nKh\u00f4ng s\u1eed d\u1ee5ng cho tr\u1ebb em d\u01b0\u1edbi 3 tu\u1ed5i, c\u0169ng kh\u00f4ng b\u1ecb tr\u1ea7y x\u01b0\u1edbc ho\u1eb7c da b\u1ecb k\u00edch th\u00edch, c\u0169ng nh\u01b0 trong qu\u00e1 tr\u00ecnh \u0110\u1eb6C TR\u1eca b\u1eb1ng axit retinoic.<br \/>\nTr\u00e1nh ti\u1ebfp x\u00fac v\u1edbi m\u1eaft v\u00e0 khu v\u1ef1c xung quanh m\u1eaft. N\u1ebfu s\u1ea3n ph\u1ea9m d\u00ednh v\u00e0o m\u1eaft, r\u1eeda k\u1ef9 b\u1eb1ng n\u01b0\u1edbc s\u1ea1ch trong 1 \u0111\u1ebfn 2 ph\u00fat. Tr\u00e1nh ph\u01a1i n\u1eafng ngay sau khi thoa s\u1ea3n ph\u1ea9m.<br \/>\nCh\u1ec9 s\u1eed d\u1ee5ng ngo\u00e0i da.<\/p>\n<p>\u0110\u1ecaNH D\u1ea0NG<br \/>\n50ml, 150ml, 250ml<\/p>\n","protected":false},"excerpt":{"rendered":"<p>Lotion P50 PIGM 400 Dung d\u1ecbch c\u00e2n b\u1eb1ng v\u00e0 t\u00e1i t\u1ea1o da s\u1ea1m n\u00e1m, t\u00e0n nhang \u2022 CH\u1ed0NG N\u00c1M, S\u1ea0M DA \u2022 T\u1ea8Y DA CH\u1ebeT \u2022 L\u00c0M TINH KHI\u1ebeT\/ THANH L\u1eccC Lotion P50 PIGM 400 l\u00e0 m\u1ed9t lo\u1ea1i kem t\u1ea9y da ch\u1ebft gi\u00e0u vitamin, nh\u1eb9 nh\u00e0ng thanh l\u1ecdc, l\u00e0m s\u00e1ng da v\u00e0 gi\u00fap l\u00e0m m\u1edd &hellip;<\/p>\n<p class=\"read-more\"> <a class=\"\" href=\"https:\/\/oanhbeautyspa.com\/index.php\/product\/lotion-p50-pigm-400-150ml\/\"> <span class=\"screen-reader-text\">Lotion P50 Pigm 400 &#8211; 150ml<\/span> Read More &raquo;<\/a><\/p>\n","protected":false},"featured_media":1242,"comment_status":"open","ping_status":"closed","template":"","meta":{"site-sidebar-layout":"default","site-content-layout":"default","ast-global-header-display":"","ast-banner-title-visibility":"","ast-main-header-display":"","ast-hfb-above-header-display":"","ast-hfb-below-header-display":"","ast-hfb-mobile-header-display":"","site-post-title":"","ast-breadcrumbs-content":"","ast-featured-img":"","footer-sml-layout":"","theme-transparent-header-meta":"default","adv-header-id-meta":"","stick-header-meta":"","header-above-stick-meta":"","header-main-stick-meta":"","header-below-stick-meta":""},"product_cat":[35,45],"product_tag":[],"_links":{"self":[{"href":"https:\/\/oanhbeautyspa.com\/index.php\/wp-json\/wp\/v2\/product\/1083"}],"collection":[{"href":"https:\/\/oanhbeautyspa.com\/index.php\/wp-json\/wp\/v2\/product"}],"about":[{"href":"https:\/\/oanhbeautyspa.com\/index.php\/wp-json\/wp\/v2\/types\/product"}],"replies":[{"embeddable":true,"href":"https:\/\/oanhbeautyspa.com\/index.php\/wp-json\/wp\/v2\/comments?post=1083"}],"wp:featuredmedia":[{"embeddable":true,"href":"https:\/\/oanhbeautyspa.com\/index.php\/wp-json\/wp\/v2\/media\/1242"}],"wp:attachment":[{"href":"https:\/\/oanhbeautyspa.com\/index.php\/wp-json\/wp\/v2\/media?parent=1083"}],"wp:term":[{"taxonomy":"product_cat","embeddable":true,"href":"https:\/\/oanhbeautyspa.com\/index.php\/wp-json\/wp\/v2\/product_cat?post=1083"},{"taxonomy":"product_tag","embeddable":true,"href":"https:\/\/oanhbeautyspa.com\/index.php\/wp-json\/wp\/v2\/product_tag?post=1083"}],"curies":[{"name":"wp","href":"https:\/\/api.w.org\/{rel}","templated":true}]}}