{"id":1082,"date":"2023-10-10T12:43:40","date_gmt":"2023-10-10T11:43:40","guid":{"rendered":"https:\/\/oanhbeautyspa.com\/?post_type=product&#038;p=1082"},"modified":"2023-10-10T16:55:51","modified_gmt":"2023-10-10T15:55:51","slug":"lotion-p50-50-ml","status":"publish","type":"product","link":"https:\/\/oanhbeautyspa.com\/index.php\/product\/lotion-p50-50-ml\/","title":{"rendered":"Lotion P50 &#8211; 50 ml"},"content":{"rendered":"<p>Lotion P50<br \/>\nDung d\u1ecbch c\u00e2n b\u1eb1ng v\u00e0 t\u00e1i t\u1ea1o da ti\u1ebft nhi\u1ec1u b\u00e3 nh\u1eddn v\u00e0 b\u1ecb s\u1eebng h\u00f3a<\/p>\n<p>\u2022 T\u1ea8Y DA CH\u1ebeT \u2022 L\u00c0M S\u1ea0CH \u2022 L\u00c0M TINH KHI\u1ebeT\/ THANH L\u1eccC<br \/>\nM\u1ed9t n\u1ec1n t\u1ea3ng c\u1ee7a ph\u01b0\u01a1ng ph\u00e1p Biologique Recherche, ph\u1ee5c h\u1ed3i bi\u1ec3u b\u00ec, Lotion P50 l\u00e0 m\u1ed9t ch\u1ea5t l\u1ecfng \u0111a ch\u1ee9c n\u0103ng gi\u00fap t\u1ea9y t\u1ebf b\u00e0o ch\u1ebft, l\u00e0m s\u1ea1ch v\u00e0 thanh l\u1ecdc l\u1edbp bi\u1ec3u b\u00ec, gi\u00fap n\u00f3 duy tr\u00ec c\u00e2n b\u1eb1ng pH axit. V\u1edbi s\u1ef1 thanh l\u1ecdc nh\u1eb9 nh\u00e0ng h\u00e0ng ng\u00e0y, l\u00e0n da tr\u1edf n\u00ean m\u1ecbn m\u00e0ng v\u00e0 \u0111\u01b0\u1ee3c t\u00e1i t\u1ea1o.<br \/>\nPh\u00f9 h\u1ee3p da d\u1ea7u, d\u00e0y s\u1eebng, t\u1ed1i x\u1ec9n, da kh\u1ecfe<br \/>\nH\u01af\u1edaNG D\u1eaaN S\u1eec D\u1ee4NG<br \/>\n1,Tu\u1ea7n \u0111\u1ea7u ti\u00ean: Th\u1ea5m 7-10 gi\u1ecdt Lotion v\u1edbi m\u1ed9t mi\u1ebfng b\u00f4ng \u1ea9m, thoa l\u00ean m\u1eb7t, c\u1ed5 v\u00e0 vai b\u1eb1ng c\u00e1ch vu\u1ed1t l\u00ean.<br \/>\n2. Nh\u1eefng ng\u00e0y sau: Th\u1ea5m \u0111\u1ec1u Lotion ra mi\u1ebfng b\u00f4ng kh\u00f4<br \/>\nTH\u1eacN TR\u1eccNG KHI S\u1eec D\u1ee4NG<br \/>\nKh\u00f4ng s\u1eed d\u1ee5ng cho tr\u1ebb em d\u01b0\u1edbi 3 tu\u1ed5i, c\u0169ng kh\u00f4ng b\u1ecb tr\u1ea7y x\u01b0\u1edbc ho\u1eb7c da b\u1ecb k\u00edch th\u00edch, c\u0169ng nh\u01b0 trong qu\u00e1 tr\u00ecnh \u0110\u1eb6C TR\u1eca b\u1eb1ng axit retinoic.<\/p>\n<p>Ch\u1ec9 s\u1eed d\u1ee5ng ngo\u00e0i da. Tr\u00e1nh ti\u1ebfp x\u00fac v\u1edbi m\u1eaft v\u00e0 khu v\u1ef1c xung quanh m\u1eaft.<br \/>\nN\u1ebfu s\u1ea3n ph\u1ea9m d\u00ednh v\u00e0o m\u1eaft, r\u1eeda k\u1ef9 b\u1eb1ng n\u01b0\u1edbc s\u1ea1ch trong 1 \u0111\u1ebfn 2 ph\u00fat.<\/p>\n<p>\u0110\u1ecaNH D\u1ea0NG<br \/>\n50ml, 150ml, 250ml<\/p>\n","protected":false},"excerpt":{"rendered":"<p>Lotion P50 Dung d\u1ecbch c\u00e2n b\u1eb1ng v\u00e0 t\u00e1i t\u1ea1o da ti\u1ebft nhi\u1ec1u b\u00e3 nh\u1eddn v\u00e0 b\u1ecb s\u1eebng h\u00f3a \u2022 T\u1ea8Y DA CH\u1ebeT \u2022 L\u00c0M S\u1ea0CH \u2022 L\u00c0M TINH KHI\u1ebeT\/ THANH L\u1eccC M\u1ed9t n\u1ec1n t\u1ea3ng c\u1ee7a ph\u01b0\u01a1ng ph\u00e1p Biologique Recherche, ph\u1ee5c h\u1ed3i bi\u1ec3u b\u00ec, Lotion P50 l\u00e0 m\u1ed9t ch\u1ea5t l\u1ecfng \u0111a ch\u1ee9c n\u0103ng gi\u00fap t\u1ea9y t\u1ebf &hellip;<\/p>\n<p class=\"read-more\"> <a class=\"\" href=\"https:\/\/oanhbeautyspa.com\/index.php\/product\/lotion-p50-50-ml\/\"> <span class=\"screen-reader-text\">Lotion P50 &#8211; 50 ml<\/span> Read More &raquo;<\/a><\/p>\n","protected":false},"featured_media":1241,"comment_status":"open","ping_status":"closed","template":"","meta":{"site-sidebar-layout":"default","site-content-layout":"default","ast-global-header-display":"","ast-banner-title-visibility":"","ast-main-header-display":"","ast-hfb-above-header-display":"","ast-hfb-below-header-display":"","ast-hfb-mobile-header-display":"","site-post-title":"","ast-breadcrumbs-content":"","ast-featured-img":"","footer-sml-layout":"","theme-transparent-header-meta":"default","adv-header-id-meta":"","stick-header-meta":"","header-above-stick-meta":"","header-main-stick-meta":"","header-below-stick-meta":""},"product_cat":[35,45],"product_tag":[],"_links":{"self":[{"href":"https:\/\/oanhbeautyspa.com\/index.php\/wp-json\/wp\/v2\/product\/1082"}],"collection":[{"href":"https:\/\/oanhbeautyspa.com\/index.php\/wp-json\/wp\/v2\/product"}],"about":[{"href":"https:\/\/oanhbeautyspa.com\/index.php\/wp-json\/wp\/v2\/types\/product"}],"replies":[{"embeddable":true,"href":"https:\/\/oanhbeautyspa.com\/index.php\/wp-json\/wp\/v2\/comments?post=1082"}],"wp:featuredmedia":[{"embeddable":true,"href":"https:\/\/oanhbeautyspa.com\/index.php\/wp-json\/wp\/v2\/media\/1241"}],"wp:attachment":[{"href":"https:\/\/oanhbeautyspa.com\/index.php\/wp-json\/wp\/v2\/media?parent=1082"}],"wp:term":[{"taxonomy":"product_cat","embeddable":true,"href":"https:\/\/oanhbeautyspa.com\/index.php\/wp-json\/wp\/v2\/product_cat?post=1082"},{"taxonomy":"product_tag","embeddable":true,"href":"https:\/\/oanhbeautyspa.com\/index.php\/wp-json\/wp\/v2\/product_tag?post=1082"}],"curies":[{"name":"wp","href":"https:\/\/api.w.org\/{rel}","templated":true}]}}