{"id":1077,"date":"2023-10-10T12:43:39","date_gmt":"2023-10-10T11:43:39","guid":{"rendered":"https:\/\/oanhbeautyspa.com\/?post_type=product&#038;p=1077"},"modified":"2023-10-31T21:57:13","modified_gmt":"2023-10-31T21:57:13","slug":"leauxygenante-150ml-xit-khoang","status":"publish","type":"product","link":"https:\/\/oanhbeautyspa.com\/index.php\/product\/leauxygenante-150ml-xit-khoang\/","title":{"rendered":"L&#8217;Eauxygenante &#8211; 150ml (X\u1ecbt Kho\u00e1ng)"},"content":{"rendered":"<p>L&#8217;Eauxygenante<br \/>\n<strong>Dung d\u1ecbch x\u1ecbt d\u01b0\u1ee1ng c\u00e2n b\u1eb1ng da<\/strong><\/p>\n<p>\u2022L\u2019Eauxyg\u00e9nante gi\u00fap l\u00e0m d\u1ecbu da, Mang l\u1ea1i m\u1ed9t l\u00e0n da r\u1ea1ng r\u1ee1 v\u00e0 duy tr\u00ec l\u1edbp trang \u0111i\u1ec3m l\u00e2u tr\u00f4i. Dung d\u1ecbch d\u1ea1ng x\u1ecbt n\u00e0y b\u1ed5 sung \u0111\u1ed9 \u1ea9m, ch\u1ed1ng oxi h\u00f3a v\u00e0 t\u0103ng c\u01b0\u1eddng oxi k\u00edch th\u00edch l\u1edbp bi\u1ec3u b\u00ec v\u00e0 bao b\u1ecdc m\u00e0ng b\u1ea3o v\u1ec7 c\u1ee7a da.<\/p>\n<p>\u2022 Dung d\u1ecbch d\u1ea1ng x\u1ecbt n\u00e0y ch\u1ee9a chi\u1ebft xu\u1ea5t hoa nhung tuy\u1ebft c\u00f3 kh\u1ea3 n\u0103ng ch\u1ed1ng l\u1ea1i g\u1ed1c t\u1ef1 do cao v\u00e0 ph\u1ee9c h\u1ee3p \u0111\u1ed9c quy\u1ec1n BR (ph\u00e2n t\u1eed O2 nano, d\u1eabn xu\u1ea5t t\u1ebf b\u00e0o g\u1ed1c t\u1eeb th\u1ef1c v\u1eadt). X\u1ecbt s\u1ea3n ph\u1ea9m n\u00e0y l\u00ean to\u00e0n m\u1eb7t \u0111\u1ec3 b\u1ea3o v\u1ec7 t\u00ednh axit PH c\u1ee7a l\u1edbp bi\u1ec3u b\u00ec v\u00e0 c\u00f3 th\u1ec3 s\u1eed d\u1ee5ng cho m\u1ecdi lo\u1ea1i da.<\/p>\n<p>\u2022 C\u1ea3i thi\u1ec7n kh\u1ea3 n\u0103ng th\u00edch \u1ee9ng c\u1ee7a l\u00e0n da v\u1edbi c\u00e1c \u0111i\u1ec1u ki\u1ec7n kh\u00ed h\u1eadu kh\u00e1c nhau.<\/p>\n<p>\u2022T\u0103ng c\u01b0\u1eddng h\u1ec7 th\u1ed1ng ph\u00f2ng v\u1ec7 t\u1ef1 nhi\u00ean c\u1ee7a da ch\u1ed1ng l\u1ea1i c\u00e1c t\u00e1c nh\u00e2n t\u1eeb b\u00ean ngo\u00e0i nh\u1edd \u0111\u1eb7c t\u00ednh ch\u1ed1ng oxi h\u00f3a.<\/p>\n<p>\u2022B\u1ed5 sung n\u0103ng l\u01b0\u1ee3ng l\u1edbp bi\u1ec3u b\u00ec.<\/p>\n<p><strong>H\u01af\u1edaNG D\u1eaaN S\u1eec D\u1ee4NG<\/strong><br \/>\nL\u1eafc \u0111\u1ec1u tr\u01b0\u1edbc khi s\u1eed d\u1ee5ng. \u0110\u1eb7t chai \u1edf kho\u1ea3ng c\u00e1ch 20 \u2013 25cm so v\u1edbi m\u1eb7t v\u00e0 x\u1ecbt l\u00ean nh\u01b0 1 m\u00e0n s\u01b0\u01a1ng<br \/>\n&#8212; Sau khi s\u1eed d\u1ee5ng Lotion P50T gi\u00fap c\u00e2n b\u1eb1ng v\u00e0 l\u1ea5y \u0111i t\u1ebf b\u00e0o da ch\u1ebft<br \/>\n&#8211;\u0110\u1ec3 lo\u1ea1i b\u1ecf ho\u00e0n to\u00e0n Lotion P50T<br \/>\n&#8211;\u0110\u1ec3 b\u1ed5 sung \u0111\u1ed9 \u1ea9m cho da sau khi g\u1ee1 m\u1eb7t n\u1ea1<br \/>\n&#8211;Tr\u01b0\u1edbc v\u00e0\/ho\u1eb7c sau khi s\u1eed d\u1ee5ng kem ho\u1eb7c x\u1ecbt l\u00ean l\u1edbp trang \u0111i\u1ec3m gi\u00fap l\u00e0m s\u00e1ng da<br \/>\n&#8211;\u0110\u1ec3 l\u00e0m t\u01b0\u01a1i m\u1edbi l\u00e0n da m\u1ed7i l\u00fac trong ng\u00e0y<\/p>\n<p><strong>\u0110\u1ecaNH D\u1ea0NG<\/strong><br \/>\n50ml, 150ml<\/p>\n","protected":false},"excerpt":{"rendered":"<p>L\u2019Eauxyg\u00e9nante gi\u00fap l\u00e0m d\u1ecbu da, Mang l\u1ea1i m\u1ed9t l\u00e0n da r\u1ea1ng r\u1ee1 v\u00e0 duy tr\u00ec l\u1edbp trang \u0111i\u1ec3m l\u00e2u tr\u00f4i. Dung d\u1ecbch d\u1ea1ng x\u1ecbt n\u00e0y b\u1ed5 sung \u0111\u1ed9 \u1ea9m, ch\u1ed1ng oxi h\u00f3a v\u00e0 t\u0103ng c\u01b0\u1eddng oxi k\u00edch th\u00edch l\u1edbp bi\u1ec3u b\u00ec v\u00e0 bao b\u1ecdc m\u00e0ng b\u1ea3o v\u1ec7 c\u1ee7a da.<\/p>\n","protected":false},"featured_media":1236,"comment_status":"open","ping_status":"closed","template":"","meta":{"site-sidebar-layout":"default","site-content-layout":"default","ast-global-header-display":"","ast-banner-title-visibility":"","ast-main-header-display":"","ast-hfb-above-header-display":"","ast-hfb-below-header-display":"","ast-hfb-mobile-header-display":"","site-post-title":"","ast-breadcrumbs-content":"","ast-featured-img":"","footer-sml-layout":"","theme-transparent-header-meta":"default","adv-header-id-meta":"","stick-header-meta":"","header-above-stick-meta":"","header-main-stick-meta":"","header-below-stick-meta":""},"product_cat":[35,45],"product_tag":[],"_links":{"self":[{"href":"https:\/\/oanhbeautyspa.com\/index.php\/wp-json\/wp\/v2\/product\/1077"}],"collection":[{"href":"https:\/\/oanhbeautyspa.com\/index.php\/wp-json\/wp\/v2\/product"}],"about":[{"href":"https:\/\/oanhbeautyspa.com\/index.php\/wp-json\/wp\/v2\/types\/product"}],"replies":[{"embeddable":true,"href":"https:\/\/oanhbeautyspa.com\/index.php\/wp-json\/wp\/v2\/comments?post=1077"}],"wp:featuredmedia":[{"embeddable":true,"href":"https:\/\/oanhbeautyspa.com\/index.php\/wp-json\/wp\/v2\/media\/1236"}],"wp:attachment":[{"href":"https:\/\/oanhbeautyspa.com\/index.php\/wp-json\/wp\/v2\/media?parent=1077"}],"wp:term":[{"taxonomy":"product_cat","embeddable":true,"href":"https:\/\/oanhbeautyspa.com\/index.php\/wp-json\/wp\/v2\/product_cat?post=1077"},{"taxonomy":"product_tag","embeddable":true,"href":"https:\/\/oanhbeautyspa.com\/index.php\/wp-json\/wp\/v2\/product_tag?post=1077"}],"curies":[{"name":"wp","href":"https:\/\/api.w.org\/{rel}","templated":true}]}}