{"id":1076,"date":"2023-10-10T12:43:39","date_gmt":"2023-10-10T11:43:39","guid":{"rendered":"https:\/\/oanhbeautyspa.com\/?post_type=product&#038;p=1076"},"modified":"2023-10-31T21:57:56","modified_gmt":"2023-10-31T21:57:56","slug":"le-grand-serum-30ml","status":"publish","type":"product","link":"https:\/\/oanhbeautyspa.com\/index.php\/product\/le-grand-serum-30ml\/","title":{"rendered":"Le Grand Serum &#8211; 30ml"},"content":{"rendered":"<p>Le Grand S\u00e9rum<br \/>\nL\u00e0 th\u1ea7n d\u01b0\u1ee3c tuy\u1ec7t \u0111\u1ed1i, Le Grand S\u00e9rum s\u1ebd gi\u1ea3i quy\u1ebft t\u1ea5t c\u1ea3 c\u00e1c v\u1ea5n \u0111\u1ec1 v\u1ec1 da li\u00ean quan \u0111\u1ebfn tu\u1ed5i t\u00e1c l\u00e0m c\u0103ng , s\u00e1ng v\u00e0 c\u1ea5p \u1ea9m<\/p>\n<p><strong>\u2022 CH\u1ed0NG OXI HO\u00c1 \u2022 CH\u1ed0NG N\u1ebeP NH\u0102N \u2022 S\u0102N CH\u1eaeC<\/strong><br \/>\nT\u00e9lomeractiv b\u1ea3o v\u1ec7 v\u00e0 k\u00edch ho\u1ea1t c\u00e1c y\u1ebfu t\u1ed1 k\u00e9o d\u00e0i tu\u1ed5i th\u1ecd c\u1ee7a t\u1ebf b\u00e0o da.<br \/>\nS\u1ea3n ph\u1ea9m c\u1ea3i thi\u1ec7n \u0111\u1ed9 \u1ed5n \u0111\u1ecbnh v\u00e0 tu\u1ed5i th\u1ecd c\u1ee7a c\u00e1c telomere gi\u00fap ng\u0103n ng\u1eeba s\u1ef1 h\u00ecnh th\u00e0nh kh\u00f4ng th\u1ec3 \u0111\u1ea3o ng\u01b0\u1ee3c c\u1ee7a c\u00e1c d\u1ea5u hi\u1ec7u l\u00e3o h\u00f3a t\u1ebf b\u00e0o.<br \/>\nHo\u1ea1t ch\u1ea5t ch\u1ed1ng l\u00e3o h\u00f3a mang t\u00ednh c\u00e1ch m\u1ea1ng n\u00e0y l\u00e0m ch\u1eadm qu\u00e1 tr\u00ecnh l\u00e3o h\u00f3a c\u1ee7a t\u1ebf b\u00e0o v\u00e0 t\u0103ng s\u1ea3n xu\u1ea5t collagen.<br \/>\nC\u00f4ng th\u1ee9c c\u1ea3i ti\u1ebfn n\u00e0y, t\u1eadp trung v\u00e0o 27 th\u00e0nh ph\u1ea7n ch\u1ed1ng nh\u0103n, ch\u1ed1ng oxy h\u00f3a, l\u00e0m s\u0103n ch\u1eafc v\u00e0 t\u00e1i t\u1ea1o, cho ph\u00e9p l\u00e0n da \u0111\u01b0\u1ee3c b\u1ea3o v\u1ec7 v\u00e0o m\u1ecdi th\u1eddi \u0111i\u1ec3m trong ng\u00e0y. Da \u0111\u01b0\u1ee3c c\u1ea3i thi\u1ec7n, n\u1ebfp nh\u0103n gi\u1ea3m r\u00f5 r\u1ec7t.<br \/>\nKhuy\u1ebfn ngh\u1ecb d\u00f9ng cho da b\u1ecb l\u00e3o h\u00f3a.<\/p>\n<p><strong>H\u01af\u1edaNG D\u1eaaN S\u1eec D\u1ee4NG<\/strong><br \/>\n1. Thoa 4 \u0111\u1ebfn 5 gi\u1ecdt serum ho\u00e0n thi\u1ec7n l\u00ean to\u00e0n b\u1ed9 khu\u00f4n m\u1eb7t, c\u1ed5 v\u00e0 v\u00f9ng vai v\u00e0o bu\u1ed5i s\u00e1ng v\u00e0\/ ho\u1eb7c bu\u1ed5i t\u1ed1i.<br \/>\n2. S\u1ea3n ph\u1ea9m n\u00e0y \u0111\u01b0\u1ee3c s\u1eed d\u1ee5ng nh\u01b0 b\u01b0\u1edbc cu\u1ed1i c\u00f9ng c\u1ee7a ch\u01b0\u01a1ng tr\u00ecnh ch\u0103m s\u00f3c da Biologique Recherche.<\/p>\n<p><strong>TH\u1eacN TR\u1eccNG KHI S\u1eec D\u1ee4NG<\/strong><br \/>\nKh\u00f4ng \u00e1p d\u1ee5ng cho da tr\u1ebb em.<br \/>\nCh\u1ec9 s\u1eed d\u1ee5ng ngo\u00e0i da.<br \/>\nTr\u00e1nh ti\u1ebfp x\u00fac v\u1edbi m\u1eaft.<\/p>\n<p><strong>\u0110\u1ecaNH D\u1ea0NG<\/strong><br \/>\n8ml, 30ml<\/p>\n","protected":false},"excerpt":{"rendered":"<p>T\u00e9lomeractiv b\u1ea3o v\u1ec7 v\u00e0 k\u00edch ho\u1ea1t c\u00e1c y\u1ebfu t\u1ed1 k\u00e9o d\u00e0i tu\u1ed5i th\u1ecd c\u1ee7a t\u1ebf b\u00e0o da.<br \/>\nS\u1ea3n ph\u1ea9m c\u1ea3i thi\u1ec7n \u0111\u1ed9 \u1ed5n \u0111\u1ecbnh v\u00e0 tu\u1ed5i th\u1ecd c\u1ee7a c\u00e1c telomere gi\u00fap ng\u0103n ng\u1eeba s\u1ef1 h\u00ecnh th\u00e0nh kh\u00f4ng th\u1ec3 \u0111\u1ea3o ng\u01b0\u1ee3c c\u1ee7a c\u00e1c d\u1ea5u hi\u1ec7u l\u00e3o h\u00f3a t\u1ebf b\u00e0o.<\/p>\n","protected":false},"featured_media":1235,"comment_status":"open","ping_status":"closed","template":"","meta":{"site-sidebar-layout":"default","site-content-layout":"default","ast-global-header-display":"","ast-banner-title-visibility":"","ast-main-header-display":"","ast-hfb-above-header-display":"","ast-hfb-below-header-display":"","ast-hfb-mobile-header-display":"","site-post-title":"","ast-breadcrumbs-content":"","ast-featured-img":"","footer-sml-layout":"","theme-transparent-header-meta":"default","adv-header-id-meta":"","stick-header-meta":"","header-above-stick-meta":"","header-main-stick-meta":"","header-below-stick-meta":""},"product_cat":[35,38],"product_tag":[],"_links":{"self":[{"href":"https:\/\/oanhbeautyspa.com\/index.php\/wp-json\/wp\/v2\/product\/1076"}],"collection":[{"href":"https:\/\/oanhbeautyspa.com\/index.php\/wp-json\/wp\/v2\/product"}],"about":[{"href":"https:\/\/oanhbeautyspa.com\/index.php\/wp-json\/wp\/v2\/types\/product"}],"replies":[{"embeddable":true,"href":"https:\/\/oanhbeautyspa.com\/index.php\/wp-json\/wp\/v2\/comments?post=1076"}],"wp:featuredmedia":[{"embeddable":true,"href":"https:\/\/oanhbeautyspa.com\/index.php\/wp-json\/wp\/v2\/media\/1235"}],"wp:attachment":[{"href":"https:\/\/oanhbeautyspa.com\/index.php\/wp-json\/wp\/v2\/media?parent=1076"}],"wp:term":[{"taxonomy":"product_cat","embeddable":true,"href":"https:\/\/oanhbeautyspa.com\/index.php\/wp-json\/wp\/v2\/product_cat?post=1076"},{"taxonomy":"product_tag","embeddable":true,"href":"https:\/\/oanhbeautyspa.com\/index.php\/wp-json\/wp\/v2\/product_tag?post=1076"}],"curies":[{"name":"wp","href":"https:\/\/api.w.org\/{rel}","templated":true}]}}