{"id":1073,"date":"2023-10-10T12:43:39","date_gmt":"2023-10-10T11:43:39","guid":{"rendered":"https:\/\/oanhbeautyspa.com\/?post_type=product&#038;p=1073"},"modified":"2023-10-31T21:54:40","modified_gmt":"2023-10-31T21:54:40","slug":"lait-vip-o2-50ml","status":"publish","type":"product","link":"https:\/\/oanhbeautyspa.com\/index.php\/product\/lait-vip-o2-50ml\/","title":{"rendered":"Lait Vip O2 &#8211; 50ml"},"content":{"rendered":"<p>Lait VIP O2<br \/>\nS\u1eefa r\u1eeda m\u1eb7t t\u00e1i t\u1ea1o v\u00e0 thanh l\u1ecdc da<\/p>\n<p><strong>\u2022 L\u00c0M SCAHJ \u2022 CHUY\u1ec2N HO\u00c1 OXY \u2022 L\u00c0M TINH KHI\u1ebeT\/ THANH L\u1eccC<\/strong><br \/>\nLait VIP O2 l\u00e0 s\u1eefa r\u1eeda m\u1eb7t ch\u1ed1ng \u00f4 nhi\u1ec5m, thanh l\u1ecdc l\u00e0n da. T\u00e1c d\u1ee5ng l\u00e0m s\u1ea1ch s\u00e2u c\u1ee7a s\u1ea3n ph\u1ea9m s\u1ebd lo\u1ea1i b\u1ecf c\u00e1c ch\u1ea5t \u00f4 nhi\u1ec5m t\u00edch t\u1ee5 tr\u00ean b\u1ec1 m\u1eb7t da. M\u1ed9t l\u1ea7n n\u1eefa, l\u00e0n da l\u1ea5y l\u1ea1i v\u1ebb r\u1ea1ng r\u1ee1 t\u1ef1 nhi\u00ean nguy\u00ean s\u01a1 v\u00e0 t\u01b0\u01a1i s\u00e1ng l\u00ean tr\u00f4ng th\u1ea5y.<br \/>\n\u0110\u01b0\u1ee3c khuy\u1ebfn ngh\u1ecb cho da nh\u1ee3t nh\u1ea1t v\u00e0 x\u1ec9n m\u00e0u.<\/p>\n<p><strong>H\u01af\u1edaNG D\u1eaaN S\u1eec D\u1ee4NG<\/strong><br \/>\n1. L\u1ea5y 1 l\u01b0\u1ee3ng v\u1eeba \u0111\u1ee7 massage nh\u1eb9 nh\u00e0ng theo chuy\u1ec3n \u0111\u1ed9ng xoay tr\u00f2n cho to\u00e0n b\u1ed9 khu\u00f4n m\u1eb7t v\u00e0 c\u1ed5<br \/>\n2. Lo\u1ea1i b\u1ecf b\u1eb1ng b\u00f4ng \u1ea9m ho\u1eb7c n\u01b0\u1edbc l\u1ea1nh.<br \/>\n3. L\u1eb7p l\u1ea1i cho \u0111\u1ebfn khi t\u1ea5t c\u1ea3 c\u00e1c t\u1ea1p ch\u1ea5t \u0111\u00e3 \u0111\u01b0\u1ee3c lo\u1ea1i b\u1ecf.<br \/>\n4. Lau kh\u00f4 b\u1eb1ng kh\u0103n gi\u1ea5y.<\/p>\n<p><strong>TH\u1eacN TR\u1eccNG KHI S\u1eec D\u1ee4NG<\/strong><br \/>\nKh\u00f4ng s\u1eed d\u1ee5ng cho tr\u1ebb em d\u01b0\u1edbi 3 tu\u1ed5i.<br \/>\nCh\u1ec9 s\u1eed d\u1ee5ng ngo\u00e0i da.<\/p>\n<p><strong>\u0110\u1ecaNH D\u1ea0NG<\/strong><br \/>\n50ml, 150ml, 250ml<\/p>\n","protected":false},"excerpt":{"rendered":"<p>Lait VIP O2 l\u00e0 s\u1eefa r\u1eeda m\u1eb7t ch\u1ed1ng \u00f4 nhi\u1ec5m, thanh l\u1ecdc l\u00e0n da. T\u00e1c d\u1ee5ng l\u00e0m s\u1ea1ch s\u00e2u c\u1ee7a s\u1ea3n ph\u1ea9m s\u1ebd lo\u1ea1i b\u1ecf c\u00e1c ch\u1ea5t \u00f4 nhi\u1ec5m t\u00edch t\u1ee5 tr\u00ean b\u1ec1 m\u1eb7t da. M\u1ed9t l\u1ea7n n\u1eefa, l\u00e0n da l\u1ea5y l\u1ea1i v\u1ebb r\u1ea1ng r\u1ee1 t\u1ef1 nhi\u00ean nguy\u00ean s\u01a1 v\u00e0 t\u01b0\u01a1i s\u00e1ng l\u00ean tr\u00f4ng th\u1ea5y.<br \/>\n\u0110\u01b0\u1ee3c khuy\u1ebfn ngh\u1ecb cho da nh\u1ee3t nh\u1ea1t v\u00e0 x\u1ec9n m\u00e0u.<\/p>\n","protected":false},"featured_media":1232,"comment_status":"open","ping_status":"closed","template":"","meta":{"site-sidebar-layout":"default","site-content-layout":"default","ast-global-header-display":"","ast-banner-title-visibility":"","ast-main-header-display":"","ast-hfb-above-header-display":"","ast-hfb-below-header-display":"","ast-hfb-mobile-header-display":"","site-post-title":"","ast-breadcrumbs-content":"","ast-featured-img":"","footer-sml-layout":"","theme-transparent-header-meta":"default","adv-header-id-meta":"","stick-header-meta":"","header-above-stick-meta":"","header-main-stick-meta":"","header-below-stick-meta":""},"product_cat":[35,44],"product_tag":[],"_links":{"self":[{"href":"https:\/\/oanhbeautyspa.com\/index.php\/wp-json\/wp\/v2\/product\/1073"}],"collection":[{"href":"https:\/\/oanhbeautyspa.com\/index.php\/wp-json\/wp\/v2\/product"}],"about":[{"href":"https:\/\/oanhbeautyspa.com\/index.php\/wp-json\/wp\/v2\/types\/product"}],"replies":[{"embeddable":true,"href":"https:\/\/oanhbeautyspa.com\/index.php\/wp-json\/wp\/v2\/comments?post=1073"}],"wp:featuredmedia":[{"embeddable":true,"href":"https:\/\/oanhbeautyspa.com\/index.php\/wp-json\/wp\/v2\/media\/1232"}],"wp:attachment":[{"href":"https:\/\/oanhbeautyspa.com\/index.php\/wp-json\/wp\/v2\/media?parent=1073"}],"wp:term":[{"taxonomy":"product_cat","embeddable":true,"href":"https:\/\/oanhbeautyspa.com\/index.php\/wp-json\/wp\/v2\/product_cat?post=1073"},{"taxonomy":"product_tag","embeddable":true,"href":"https:\/\/oanhbeautyspa.com\/index.php\/wp-json\/wp\/v2\/product_tag?post=1073"}],"curies":[{"name":"wp","href":"https:\/\/api.w.org\/{rel}","templated":true}]}}