{"id":1070,"date":"2023-10-10T12:43:39","date_gmt":"2023-10-10T11:43:39","guid":{"rendered":"https:\/\/oanhbeautyspa.com\/?post_type=product&#038;p=1070"},"modified":"2023-10-31T21:53:19","modified_gmt":"2023-10-31T21:53:19","slug":"lait-e-v-150ml","status":"publish","type":"product","link":"https:\/\/oanhbeautyspa.com\/index.php\/product\/lait-e-v-150ml\/","title":{"rendered":"Lait E.V &#8211; 150ml"},"content":{"rendered":"<p>Lait E.V.<br \/>\nS\u1eefa r\u1eeda m\u1eb7t gi\u1eef \u1ea9m cho da kh\u00f4, l\u00e3o h\u00f3a<\/p>\n<p><strong>\u2022 L\u00c0M S\u1ea0CH \u2022 D\u01af\u1ee0NG \u1ea8M \u2022 BAO B\u1eccC, B\u1ea2O V\u1ec6\/ PH\u00d2NG NG\u1eeaA<\/strong><br \/>\nM\u1ed9t lo\u1ea1i ch\u1ebf ph\u1ea9m l\u00e0m s\u1ea1ch c\u00f9ng gi\u1eef \u1ea9m v\u00e0 b\u1ea3o v\u1ec7 ch\u00ednh l\u00e0 Lait E.V. ho\u00e0n to\u00e0n h\u00e0i h\u00f2a v\u1edbi l\u1edbp bi\u1ec3u b\u00ec. C\u00e1c th\u00e0nh ph\u1ea7n ho\u1ea1t \u0111\u1ed9ng c\u1ee7a n\u00f3 duy tr\u00ec t\u00ednh to\u00e0n v\u1eb9n c\u1ee7a ch\u1ee9c n\u0103ng r\u00e0o c\u1ea3n v\u00e0 b\u1ea3o v\u1ec7 da kh\u1ecfi b\u1ecb kh\u00f4 m\u1ea5t n\u01b0\u1edbc sau khi r\u1eeda m\u1eb7t. C\u0169ng nh\u01b0 cung c\u1ea5p cho da dinh d\u01b0\u1ee1ng v\u00e0 s\u1ef1 m\u1ec1m m\u1ea1i, ch\u1ea5t l\u1ecfng nh\u1eb9 nh\u00e0ng lo\u1ea1i b\u1ecf c\u00e1c t\u1ea1p ch\u1ea5t kh\u1ecfi da, nh\u01b0ng v\u1eabn gi\u1eef cho da kh\u00f4 r\u00e1o tho\u00e1ng m\u00e1t. Da \u0111\u01b0\u1ee3c l\u00e0m s\u1ea1ch, tinh khi\u1ebft v\u00e0 kh\u1ecfe m\u1ea1nh.<br \/>\n\u0110\u01b0\u1ee3c khuy\u1ebfn ngh\u1ecb cho da kh\u00f4, l\u00e3o h\u00f3a da b\u1ecb m\u1ea5t n\u01b0\u1edbc v\u00e0 m\u1ea5t s\u1ee9c s\u1ed1ng.<\/p>\n<p><strong>H\u01af\u1edaNG D\u1eaaN S\u1eec D\u1ee4NG<\/strong><br \/>\n1. L\u1ea5y 1 l\u01b0\u1ee3ng v\u1eeba \u0111\u1ee7 massage nh\u1eb9 nh\u00e0ng theo chuy\u1ec3n \u0111\u1ed9ng xoay tr\u00f2n cho to\u00e0n b\u1ed9 khu\u00f4n m\u1eb7t v\u00e0 c\u1ed5<br \/>\n2. Lo\u1ea1i b\u1ecf b\u1eb1ng b\u00f4ng \u1ea9m ho\u1eb7c n\u01b0\u1edbc l\u1ea1nh.<br \/>\n3. L\u1eb7p l\u1ea1i cho \u0111\u1ebfn khi t\u1ea5t c\u1ea3 c\u00e1c t\u1ea1p ch\u1ea5t \u0111\u00e3 \u0111\u01b0\u1ee3c lo\u1ea1i b\u1ecf.<br \/>\n4. Lau kh\u00f4 b\u1eb1ng kh\u0103n gi\u1ea5y.<\/p>\n<p><strong>TH\u1eacN TR\u1eccNG KHI S\u1eec D\u1ee4NG<\/strong><br \/>\nKh\u00f4ng s\u1eed d\u1ee5ng cho tr\u1ebb em d\u01b0\u1edbi 3 tu\u1ed5i.<br \/>\nCh\u1ec9 s\u1eed d\u1ee5ng ngo\u00e0i da.<\/p>\n<p><strong>\u0110\u1ecaNH D\u1ea0NG<\/strong><br \/>\n150ml, 250ml<\/p>\n","protected":false},"excerpt":{"rendered":"<p>M\u1ed9t lo\u1ea1i ch\u1ebf ph\u1ea9m l\u00e0m s\u1ea1ch c\u00f9ng gi\u1eef \u1ea9m v\u00e0 b\u1ea3o v\u1ec7 ch\u00ednh l\u00e0 Lait E.V. ho\u00e0n to\u00e0n h\u00e0i h\u00f2a v\u1edbi l\u1edbp bi\u1ec3u b\u00ec. C\u00e1c th\u00e0nh ph\u1ea7n ho\u1ea1t \u0111\u1ed9ng c\u1ee7a n\u00f3 duy tr\u00ec t\u00ednh to\u00e0n v\u1eb9n c\u1ee7a ch\u1ee9c n\u0103ng r\u00e0o c\u1ea3n v\u00e0 b\u1ea3o v\u1ec7 da kh\u1ecfi b\u1ecb kh\u00f4 m\u1ea5t n\u01b0\u1edbc sau khi r\u1eeda m\u1eb7t. C\u0169ng nh\u01b0 cung c\u1ea5p cho da dinh d\u01b0\u1ee1ng v\u00e0 s\u1ef1 m\u1ec1m m\u1ea1i, ch\u1ea5t l\u1ecfng nh\u1eb9 nh\u00e0ng lo\u1ea1i b\u1ecf c\u00e1c t\u1ea1p ch\u1ea5t kh\u1ecfi da, nh\u01b0ng v\u1eabn gi\u1eef cho da kh\u00f4 r\u00e1o tho\u00e1ng m\u00e1t. Da \u0111\u01b0\u1ee3c l\u00e0m s\u1ea1ch, tinh khi\u1ebft v\u00e0 kh\u1ecfe m\u1ea1nh.<\/p>\n","protected":false},"featured_media":1229,"comment_status":"open","ping_status":"closed","template":"","meta":{"site-sidebar-layout":"default","site-content-layout":"default","ast-global-header-display":"","ast-banner-title-visibility":"","ast-main-header-display":"","ast-hfb-above-header-display":"","ast-hfb-below-header-display":"","ast-hfb-mobile-header-display":"","site-post-title":"","ast-breadcrumbs-content":"","ast-featured-img":"","footer-sml-layout":"","theme-transparent-header-meta":"default","adv-header-id-meta":"","stick-header-meta":"","header-above-stick-meta":"","header-main-stick-meta":"","header-below-stick-meta":""},"product_cat":[35,44],"product_tag":[],"_links":{"self":[{"href":"https:\/\/oanhbeautyspa.com\/index.php\/wp-json\/wp\/v2\/product\/1070"}],"collection":[{"href":"https:\/\/oanhbeautyspa.com\/index.php\/wp-json\/wp\/v2\/product"}],"about":[{"href":"https:\/\/oanhbeautyspa.com\/index.php\/wp-json\/wp\/v2\/types\/product"}],"replies":[{"embeddable":true,"href":"https:\/\/oanhbeautyspa.com\/index.php\/wp-json\/wp\/v2\/comments?post=1070"}],"wp:featuredmedia":[{"embeddable":true,"href":"https:\/\/oanhbeautyspa.com\/index.php\/wp-json\/wp\/v2\/media\/1229"}],"wp:attachment":[{"href":"https:\/\/oanhbeautyspa.com\/index.php\/wp-json\/wp\/v2\/media?parent=1070"}],"wp:term":[{"taxonomy":"product_cat","embeddable":true,"href":"https:\/\/oanhbeautyspa.com\/index.php\/wp-json\/wp\/v2\/product_cat?post=1070"},{"taxonomy":"product_tag","embeddable":true,"href":"https:\/\/oanhbeautyspa.com\/index.php\/wp-json\/wp\/v2\/product_tag?post=1070"}],"curies":[{"name":"wp","href":"https:\/\/api.w.org\/{rel}","templated":true}]}}