{"id":1068,"date":"2023-10-10T12:43:39","date_gmt":"2023-10-10T11:43:39","guid":{"rendered":"https:\/\/oanhbeautyspa.com\/?post_type=product&#038;p=1068"},"modified":"2023-10-31T21:58:18","modified_gmt":"2023-10-31T21:58:18","slug":"iso-placenta-serum-authentique-30ml","status":"publish","type":"product","link":"https:\/\/oanhbeautyspa.com\/index.php\/product\/iso-placenta-serum-authentique-30ml\/","title":{"rendered":"Iso Placenta Serum Authentique &#8211; 30ml"},"content":{"rendered":"<p>Iso-Placenta<br \/>\nTinh ch\u1ea5t t\u00e1i t\u1ea1o, s\u1eeda ch\u1eefa ph\u1ee5c h\u1ed3i da t\u1ed5n th\u01b0\u01a1ng<\/p>\n<p><strong>\u2022 L\u00c0M M\u1ecaN \u2022 T\u00c1I T\u1ea0O \u2022 PH\u1ee4C H\u1ed2I<\/strong><br \/>\nIso-Placenta cung c\u1ea5p s\u1ef1 ch\u0103m s\u00f3c da gi\u00fap t\u00e1i t\u1ea1o m\u1ea1nh m\u1ebd. S\u1ea3n ph\u1ea9m k\u00edch th\u00edch s\u1ea3n sinh t\u00e1i t\u1ea1o t\u1ebf b\u00e0o m\u1edbi , l\u00e0m gi\u1ea3m c\u00e1c khuy\u1ebft \u0111i\u1ec3m do m\u1ee5n g\u00e2y ra \u0111\u00f4ng th\u1eddi nu\u00f4i d\u01b0\u1ee1ng s\u00e2u m\u00f4 da th\u00f4ng qua sinh h\u1ecdc c\u00e1c \u0111\u1eb7c t\u00ednh c\u1ee7a nhau thai. S\u1eb9o m\u1ee5n \u0111\u01b0\u1ee3c ch\u1eefa l\u00e0nh v\u00e0 b\u1ec1 m\u1eb7t da tr\u1edf n\u00ean ph\u1eb3ng m\u1ecbn v\u00e0 gi\u1ea3m \u1eedng \u0111\u1ecf h\u01a1n. S\u1eeda ch\u1eefa t\u00e1i t\u1ea1o ph\u1ee5c h\u1ed3i s\u1ee9c s\u1ed1ng l\u00e0n da.<\/p>\n<p><strong>H\u01af\u1edaNG D\u1eaaN S\u1eec D\u1ee4NG<\/strong><br \/>\nThoa 10 gi\u1ecdt s\u1ea3n ph\u1ea9m v\u00e0o bu\u1ed5i s\u00e1ng v\u00e0\/ ho\u1eb7c v\u00e0o ban \u0111\u00eam cho to\u00e0n b\u1ed9 khu\u00f4n m\u1eb7t.<\/p>\n<p><strong>TH\u1eacN TR\u1eccNG KHI S\u1eec D\u1ee4NG<\/strong><br \/>\nTr\u00e1nh v\u00f9ng quanh m\u1eaft.<br \/>\nCh\u1ec9 s\u1eed d\u1ee5ng ngo\u00e0i da.<\/p>\n<p><strong>\u0110\u1ecaNH D\u1ea0NG<\/strong><br \/>\n8ml 30 ml<\/p>\n","protected":false},"excerpt":{"rendered":"<p>Iso-Placenta cung c\u1ea5p s\u1ef1 ch\u0103m s\u00f3c da gi\u00fap t\u00e1i t\u1ea1o m\u1ea1nh m\u1ebd. S\u1ea3n ph\u1ea9m k\u00edch th\u00edch s\u1ea3n sinh t\u00e1i t\u1ea1o t\u1ebf b\u00e0o m\u1edbi , l\u00e0m gi\u1ea3m c\u00e1c khuy\u1ebft \u0111i\u1ec3m do m\u1ee5n g\u00e2y ra \u0111\u00f4ng th\u1eddi nu\u00f4i d\u01b0\u1ee1ng s\u00e2u m\u00f4 da th\u00f4ng qua sinh h\u1ecdc c\u00e1c \u0111\u1eb7c t\u00ednh c\u1ee7a nhau thai. S\u1eb9o m\u1ee5n \u0111\u01b0\u1ee3c ch\u1eefa l\u00e0nh v\u00e0 b\u1ec1 m\u1eb7t da tr\u1edf n\u00ean ph\u1eb3ng m\u1ecbn v\u00e0 gi\u1ea3m \u1eedng \u0111\u1ecf h\u01a1n. S\u1eeda ch\u1eefa t\u00e1i t\u1ea1o ph\u1ee5c h\u1ed3i s\u1ee9c s\u1ed1ng l\u00e0n da.<\/p>\n","protected":false},"featured_media":1227,"comment_status":"open","ping_status":"closed","template":"","meta":{"site-sidebar-layout":"default","site-content-layout":"default","ast-global-header-display":"","ast-banner-title-visibility":"","ast-main-header-display":"","ast-hfb-above-header-display":"","ast-hfb-below-header-display":"","ast-hfb-mobile-header-display":"","site-post-title":"","ast-breadcrumbs-content":"","ast-featured-img":"","footer-sml-layout":"","theme-transparent-header-meta":"default","adv-header-id-meta":"","stick-header-meta":"","header-above-stick-meta":"","header-main-stick-meta":"","header-below-stick-meta":""},"product_cat":[35,38],"product_tag":[],"_links":{"self":[{"href":"https:\/\/oanhbeautyspa.com\/index.php\/wp-json\/wp\/v2\/product\/1068"}],"collection":[{"href":"https:\/\/oanhbeautyspa.com\/index.php\/wp-json\/wp\/v2\/product"}],"about":[{"href":"https:\/\/oanhbeautyspa.com\/index.php\/wp-json\/wp\/v2\/types\/product"}],"replies":[{"embeddable":true,"href":"https:\/\/oanhbeautyspa.com\/index.php\/wp-json\/wp\/v2\/comments?post=1068"}],"wp:featuredmedia":[{"embeddable":true,"href":"https:\/\/oanhbeautyspa.com\/index.php\/wp-json\/wp\/v2\/media\/1227"}],"wp:attachment":[{"href":"https:\/\/oanhbeautyspa.com\/index.php\/wp-json\/wp\/v2\/media?parent=1068"}],"wp:term":[{"taxonomy":"product_cat","embeddable":true,"href":"https:\/\/oanhbeautyspa.com\/index.php\/wp-json\/wp\/v2\/product_cat?post=1068"},{"taxonomy":"product_tag","embeddable":true,"href":"https:\/\/oanhbeautyspa.com\/index.php\/wp-json\/wp\/v2\/product_tag?post=1068"}],"curies":[{"name":"wp","href":"https:\/\/api.w.org\/{rel}","templated":true}]}}