{"id":1067,"date":"2023-10-10T12:43:39","date_gmt":"2023-10-10T11:43:39","guid":{"rendered":"https:\/\/oanhbeautyspa.com\/?post_type=product&#038;p=1067"},"modified":"2023-10-10T16:42:44","modified_gmt":"2023-10-10T15:42:44","slug":"gel-adn-silkgen-50ml","status":"publish","type":"product","link":"https:\/\/oanhbeautyspa.com\/index.php\/product\/gel-adn-silkgen-50ml\/","title":{"rendered":"Gel ADN Silkgen &#8211; 50ml"},"content":{"rendered":"<p>Gel ADN Silkgen<br \/>\nGel t\u0103ng c\u01b0\u1eddng t\u00e1i t\u1ea1o da Silkgen<br \/>\n\u2022 CH\u1ed0NG OXI HO\u00c1 \u2022 D\u01af\u1ee0NG \u1ea8M &#8211; B\u1ea2O V\u1ec6<br \/>\nGel ADN Silkgen l\u00e0 m\u1ed9t ch\u1ea5t l\u1ecfng gi\u1eef \u1ea9m gi\u00e0u c\u00e1c ho\u1ea1t ch\u1ea5t ch\u1ed1ng oxy h\u00f3a. \u0110\u01b0\u1ee3c l\u00e0m b\u1eb1ng DNA c\u00e1 h\u1ed3i v\u00e0 chi\u1ebft xu\u1ea5t t\u01a1 t\u1eb1m, gi\u00fap gi\u1eef \u0111\u1ed9 \u1ea9m c\u1ee7a l\u1edbp bi\u1ec3u b\u00ec. L\u00e0n da m\u1ec1m m\u01b0\u1ee3t, b\u00f9 n\u01b0\u1edbc v\u00e0 r\u1ea1ng r\u1ee1 v\u1edbi s\u1ee9c s\u1ed1ng.<br \/>\n\u0110\u01b0\u1ee3c khuy\u1ebfn ngh\u1ecb cho c\u00e1c lo\u1ea1i da b\u1ecb m\u1ea5t n\u01b0\u1edbc, da ti\u1ebfp x\u00fac v\u1edbi kh\u00ed h\u1eadu n\u00f3ng.<\/p>\n<p>H\u01af\u1edaNG D\u1eaaN S\u1eec D\u1ee4NG<br \/>\nThoa m\u1ed9t l\u01b0\u1ee3ng v\u1eeba \u0111\u1ee7 s\u1ea3n ph\u1ea9m v\u00e0o bu\u1ed5i s\u00e1ng v\u00e0\/ ho\u1eb7c v\u00e0o ban \u0111\u00eam cho to\u00e0n b\u1ed9 khu\u00f4n m\u1eb7t, c\u1ed5 v\u00e0 vai, sau khi s\u1eed d\u1ee5ng tinh ch\u1ea5t .<br \/>\nTH\u1eacN TR\u1eccNG KHI S\u1eec D\u1ee4NG<br \/>\nCh\u1ec9 s\u1eed d\u1ee5ng ngo\u00e0i da.<\/p>\n<p>\u0110\u1ecaNH D\u1ea0NG<br \/>\n50 ml<\/p>\n","protected":false},"excerpt":{"rendered":"<p>Gel ADN Silkgen Gel t\u0103ng c\u01b0\u1eddng t\u00e1i t\u1ea1o da Silkgen \u2022 CH\u1ed0NG OXI HO\u00c1 \u2022 D\u01af\u1ee0NG \u1ea8M &#8211; B\u1ea2O V\u1ec6 Gel ADN Silkgen l\u00e0 m\u1ed9t ch\u1ea5t l\u1ecfng gi\u1eef \u1ea9m gi\u00e0u c\u00e1c ho\u1ea1t ch\u1ea5t ch\u1ed1ng oxy h\u00f3a. \u0110\u01b0\u1ee3c l\u00e0m b\u1eb1ng DNA c\u00e1 h\u1ed3i v\u00e0 chi\u1ebft xu\u1ea5t t\u01a1 t\u1eb1m, gi\u00fap gi\u1eef \u0111\u1ed9 \u1ea9m c\u1ee7a l\u1edbp bi\u1ec3u b\u00ec. &hellip;<\/p>\n<p class=\"read-more\"> <a class=\"\" href=\"https:\/\/oanhbeautyspa.com\/index.php\/product\/gel-adn-silkgen-50ml\/\"> <span class=\"screen-reader-text\">Gel ADN Silkgen &#8211; 50ml<\/span> Read More &raquo;<\/a><\/p>\n","protected":false},"featured_media":1226,"comment_status":"open","ping_status":"closed","template":"","meta":{"site-sidebar-layout":"default","site-content-layout":"default","ast-global-header-display":"","ast-banner-title-visibility":"","ast-main-header-display":"","ast-hfb-above-header-display":"","ast-hfb-below-header-display":"","ast-hfb-mobile-header-display":"","site-post-title":"","ast-breadcrumbs-content":"","ast-featured-img":"","footer-sml-layout":"","theme-transparent-header-meta":"default","adv-header-id-meta":"","stick-header-meta":"","header-above-stick-meta":"","header-main-stick-meta":"","header-below-stick-meta":""},"product_cat":[35,41],"product_tag":[],"_links":{"self":[{"href":"https:\/\/oanhbeautyspa.com\/index.php\/wp-json\/wp\/v2\/product\/1067"}],"collection":[{"href":"https:\/\/oanhbeautyspa.com\/index.php\/wp-json\/wp\/v2\/product"}],"about":[{"href":"https:\/\/oanhbeautyspa.com\/index.php\/wp-json\/wp\/v2\/types\/product"}],"replies":[{"embeddable":true,"href":"https:\/\/oanhbeautyspa.com\/index.php\/wp-json\/wp\/v2\/comments?post=1067"}],"wp:featuredmedia":[{"embeddable":true,"href":"https:\/\/oanhbeautyspa.com\/index.php\/wp-json\/wp\/v2\/media\/1226"}],"wp:attachment":[{"href":"https:\/\/oanhbeautyspa.com\/index.php\/wp-json\/wp\/v2\/media?parent=1067"}],"wp:term":[{"taxonomy":"product_cat","embeddable":true,"href":"https:\/\/oanhbeautyspa.com\/index.php\/wp-json\/wp\/v2\/product_cat?post=1067"},{"taxonomy":"product_tag","embeddable":true,"href":"https:\/\/oanhbeautyspa.com\/index.php\/wp-json\/wp\/v2\/product_tag?post=1067"}],"curies":[{"name":"wp","href":"https:\/\/api.w.org\/{rel}","templated":true}]}}