{"id":1063,"date":"2023-10-10T12:43:35","date_gmt":"2023-10-10T11:43:35","guid":{"rendered":"https:\/\/oanhbeautyspa.com\/?post_type=product&#038;p=1063"},"modified":"2023-10-31T21:59:20","modified_gmt":"2023-10-31T21:59:20","slug":"emulsion-gel-biosensible-50ml","status":"publish","type":"product","link":"https:\/\/oanhbeautyspa.com\/index.php\/product\/emulsion-gel-biosensible-50ml\/","title":{"rendered":"Emulsion Gel Biosensible &#8211; 50ml"},"content":{"rendered":"<p>Emulsion Gel Biosensible<br \/>\nEmulsion l\u00e0m d\u1ecbu v\u00e0 d\u01b0\u1ee1ng \u1ea9m cho da m\u1eb7t<br \/>\nKem<\/p>\n<p><strong>\u2022 L\u00c0M D\u1ecaU \u2022 D\u01af\u1ee0NG \u1ea8M \u2022 T\u00c1I T\u1ea0O LIPID<\/strong><br \/>\nNh\u1edd c\u00e1c th\u00e0nh ph\u1ea7n ho\u1ea1t t\u00ednh l\u00e0m d\u1ecbu v\u00e0 d\u01b0\u1ee1ng \u1ea9m, Emulsion Gel Biosensible ph\u1ee5c h\u1ed3i v\u00e0 l\u00e0m d\u1ecbu l\u1edbp bi\u1ec3u b\u00ec m\u1ecfng manh. S\u1ef1 k\u00edch \u1ee9ng v\u00e0 c\u1ea3m gi\u00e1c c\u0103ng t\u1ee9c da c\u0169ng \u0111\u1ec1u gi\u1ea3m \u0111i. L\u00e0m cho da tho\u1ea3i m\u00e1i s\u00e2u, da \u0111\u01b0\u1ee3c l\u00e0m d\u1ecbu, b\u1edbt th\u00f4 r\u00e1p v\u00e0 c\u1ea3m gi\u00e1c qu\u00e1 k\u00edch \u1ee9ng da \u0111\u01b0\u1ee3c h\u1ea1n ch\u1ebf.<br \/>\n\u0110\u01b0\u1ee3c khuy\u00ean d\u00f9ng cho da m\u1ecfng v\u00e0 nh\u1ea1y c\u1ea3m<\/p>\n<p><strong>H\u01af\u1edaNG D\u1eaaN S\u1eec D\u1ee4NG<\/strong><br \/>\n1. Thoa s\u1ea3n ph\u1ea9m v\u00e0o m\u1ed7i bu\u1ed5i s\u00e1ng v\u00e0\/ ho\u1eb7c t\u1ed1i l\u00ean da \u0111\u00e3 \u0111\u01b0\u1ee3c l\u00e0m s\u1ea1ch.<br \/>\n2. Nh\u1eb9 nh\u00e0ng m\u00e1t xa s\u1ea3n ph\u1ea9m l\u00ean m\u1eb7t, c\u1ed5 v\u00e0 ng\u1ef1c cho \u0111\u1ebfn khi s\u1ea3n ph\u1ea9m th\u1ea9m th\u1ea5u h\u1ebft.<\/p>\n<p><strong>TH\u1eacN TR\u1eccNG KHI S\u1eec D\u1ee4NG<\/strong><br \/>\nTr\u00e1nh ti\u1ebfp x\u00fac tr\u1ef1c ti\u1ebfp v\u1edbi m\u1eaft.<br \/>\nCh\u1ec9 d\u00f9ng ngo\u00e0i da.<\/p>\n<p><strong>\u0110\u1ecaNH D\u1ea0NG<\/strong><br \/>\n50 ml<\/p>\n","protected":false},"excerpt":{"rendered":"<p>Nh\u1edd c\u00e1c th\u00e0nh ph\u1ea7n ho\u1ea1t t\u00ednh l\u00e0m d\u1ecbu v\u00e0 d\u01b0\u1ee1ng \u1ea9m, Emulsion Gel Biosensible ph\u1ee5c h\u1ed3i v\u00e0 l\u00e0m d\u1ecbu l\u1edbp bi\u1ec3u b\u00ec m\u1ecfng manh. S\u1ef1 k\u00edch \u1ee9ng v\u00e0 c\u1ea3m gi\u00e1c c\u0103ng t\u1ee9c da c\u0169ng \u0111\u1ec1u gi\u1ea3m \u0111i. L\u00e0m cho da tho\u1ea3i m\u00e1i s\u00e2u, da \u0111\u01b0\u1ee3c l\u00e0m d\u1ecbu, b\u1edbt th\u00f4 r\u00e1p v\u00e0 c\u1ea3m gi\u00e1c qu\u00e1 k\u00edch \u1ee9ng da \u0111\u01b0\u1ee3c h\u1ea1n ch\u1ebf.<\/p>\n","protected":false},"featured_media":1222,"comment_status":"open","ping_status":"closed","template":"","meta":{"site-sidebar-layout":"default","site-content-layout":"default","ast-global-header-display":"","ast-banner-title-visibility":"","ast-main-header-display":"","ast-hfb-above-header-display":"","ast-hfb-below-header-display":"","ast-hfb-mobile-header-display":"","site-post-title":"","ast-breadcrumbs-content":"","ast-featured-img":"","footer-sml-layout":"","theme-transparent-header-meta":"default","adv-header-id-meta":"","stick-header-meta":"","header-above-stick-meta":"","header-main-stick-meta":"","header-below-stick-meta":""},"product_cat":[35,41],"product_tag":[],"_links":{"self":[{"href":"https:\/\/oanhbeautyspa.com\/index.php\/wp-json\/wp\/v2\/product\/1063"}],"collection":[{"href":"https:\/\/oanhbeautyspa.com\/index.php\/wp-json\/wp\/v2\/product"}],"about":[{"href":"https:\/\/oanhbeautyspa.com\/index.php\/wp-json\/wp\/v2\/types\/product"}],"replies":[{"embeddable":true,"href":"https:\/\/oanhbeautyspa.com\/index.php\/wp-json\/wp\/v2\/comments?post=1063"}],"wp:featuredmedia":[{"embeddable":true,"href":"https:\/\/oanhbeautyspa.com\/index.php\/wp-json\/wp\/v2\/media\/1222"}],"wp:attachment":[{"href":"https:\/\/oanhbeautyspa.com\/index.php\/wp-json\/wp\/v2\/media?parent=1063"}],"wp:term":[{"taxonomy":"product_cat","embeddable":true,"href":"https:\/\/oanhbeautyspa.com\/index.php\/wp-json\/wp\/v2\/product_cat?post=1063"},{"taxonomy":"product_tag","embeddable":true,"href":"https:\/\/oanhbeautyspa.com\/index.php\/wp-json\/wp\/v2\/product_tag?post=1063"}],"curies":[{"name":"wp","href":"https:\/\/api.w.org\/{rel}","templated":true}]}}