{"id":1062,"date":"2023-10-10T12:43:35","date_gmt":"2023-10-10T11:43:35","guid":{"rendered":"https:\/\/oanhbeautyspa.com\/?post_type=product&#038;p=1062"},"modified":"2023-10-31T21:58:53","modified_gmt":"2023-10-31T21:58:53","slug":"elastine-8ml","status":"publish","type":"product","link":"https:\/\/oanhbeautyspa.com\/index.php\/product\/elastine-8ml\/","title":{"rendered":"Elastine &#8211; 8ml"},"content":{"rendered":"<p>Elastine<br \/>\nTinh ch\u1ea5t d\u01b0\u1ee1ng \u1ea9m, ng\u0103n ng\u1eeba h\u00ecnh th\u00e0nh n\u1ebfp nh\u0103n, r\u00e3nh g\u1ea5p<\/p>\n<p><strong>\u2022 CH\u1ed0NG N\u1ebeP NH\u0102N \u2022 L\u00c0M M\u01af\u1ee2T M\u1ecaN<\/strong><br \/>\n\u0110\u01b0\u1ee3c ph\u00e1t tri\u1ec3n nh\u01b0 m\u1ed9t ph\u01b0\u01a1ng ph\u00e1p \u0111\u1eb7c tr\u1ecb ch\u1ed1ng n\u1ebfp nh\u0103n m\u1ea1nh m\u1ebd, Elastine serum k\u00edch th\u00edch s\u1ef1 t\u1ed5ng h\u1ee3p elastin, protein ph\u1ee5 tr\u00e1ch cho s\u1ef1 \u0111\u00e0n h\u1ed3i c\u1ee7a m\u00f4 da. N\u00f3 gi\u00fap l\u00e0m m\u1edd c\u00e1c n\u1ebfp nh\u0103n v\u00e0 r\u00e3nh g\u1ea5p , v\u00e0 ng\u0103n ch\u1eb7n nh\u1eefng n\u1ebfp nh\u0103n m\u1edbi h\u00ecnh th\u00e0nh. Da tr\u1edf n\u00ean m\u1ecbn m\u00e0ng r\u00f5 r\u1ec7t v\u00e0 \u0111\u01b0\u1ee3c ph\u1ee5c h\u1ed3i.<br \/>\n\u0110\u01b0\u1ee3c khuy\u1ebfn ngh\u1ecb cho c\u00e1c lo\u1ea1i da c\u00f3 n\u1ebfp nh\u0103n, da l\u00e3o h\u00f3a.<\/p>\n<p><strong>H\u01af\u1edaNG D\u1eaaN S\u1eec D\u1ee4NG<\/strong><br \/>\n1. Thoa 10 gi\u1ecdt serum ban ng\u00e0y v\u00e0\/ ho\u1eb7c ban \u0111\u00eam cho to\u00e0n b\u1ed9 v\u00f9ng m\u1eb7t, c\u1ed5 v\u00e0 vai<br \/>\n2. Massage h\u01b0\u1edbng l\u00ean tr\u00ean \u0111\u1ebfn khi s\u1ea3n ph\u1ea9m \u0111\u01b0\u1ee3c h\u1ea5p th\u1ee5 ho\u00e0n to\u00e0n<\/p>\n<p><strong>TH\u1eacN TR\u1eccNG KHI S\u1eec D\u1ee4NG<\/strong><br \/>\nTr\u00e1nh ti\u1ebfp x\u00fac v\u1edbi m\u1eaft.<br \/>\nCh\u1ec9 s\u1eed d\u1ee5ng ngo\u00e0i da.<\/p>\n<p><strong>\u0110\u1ecaNH D\u1ea0NG<\/strong><br \/>\n8ml, 30ml<\/p>\n","protected":false},"excerpt":{"rendered":"<p>\u0110\u01b0\u1ee3c ph\u00e1t tri\u1ec3n nh\u01b0 m\u1ed9t ph\u01b0\u01a1ng ph\u00e1p \u0111\u1eb7c tr\u1ecb ch\u1ed1ng n\u1ebfp nh\u0103n m\u1ea1nh m\u1ebd, Elastine serum k\u00edch th\u00edch s\u1ef1 t\u1ed5ng h\u1ee3p elastin, protein ph\u1ee5 tr\u00e1ch cho s\u1ef1 \u0111\u00e0n h\u1ed3i c\u1ee7a m\u00f4 da. N\u00f3 gi\u00fap l\u00e0m m\u1edd c\u00e1c n\u1ebfp nh\u0103n v\u00e0 r\u00e3nh g\u1ea5p , v\u00e0 ng\u0103n ch\u1eb7n nh\u1eefng n\u1ebfp nh\u0103n m\u1edbi h\u00ecnh th\u00e0nh. Da tr\u1edf n\u00ean m\u1ecbn m\u00e0ng r\u00f5 r\u1ec7t v\u00e0 \u0111\u01b0\u1ee3c ph\u1ee5c h\u1ed3i.<\/p>\n","protected":false},"featured_media":1221,"comment_status":"open","ping_status":"closed","template":"","meta":{"site-sidebar-layout":"default","site-content-layout":"default","ast-global-header-display":"","ast-banner-title-visibility":"","ast-main-header-display":"","ast-hfb-above-header-display":"","ast-hfb-below-header-display":"","ast-hfb-mobile-header-display":"","site-post-title":"","ast-breadcrumbs-content":"","ast-featured-img":"","footer-sml-layout":"","theme-transparent-header-meta":"default","adv-header-id-meta":"","stick-header-meta":"","header-above-stick-meta":"","header-main-stick-meta":"","header-below-stick-meta":""},"product_cat":[35,38],"product_tag":[],"_links":{"self":[{"href":"https:\/\/oanhbeautyspa.com\/index.php\/wp-json\/wp\/v2\/product\/1062"}],"collection":[{"href":"https:\/\/oanhbeautyspa.com\/index.php\/wp-json\/wp\/v2\/product"}],"about":[{"href":"https:\/\/oanhbeautyspa.com\/index.php\/wp-json\/wp\/v2\/types\/product"}],"replies":[{"embeddable":true,"href":"https:\/\/oanhbeautyspa.com\/index.php\/wp-json\/wp\/v2\/comments?post=1062"}],"wp:featuredmedia":[{"embeddable":true,"href":"https:\/\/oanhbeautyspa.com\/index.php\/wp-json\/wp\/v2\/media\/1221"}],"wp:attachment":[{"href":"https:\/\/oanhbeautyspa.com\/index.php\/wp-json\/wp\/v2\/media?parent=1062"}],"wp:term":[{"taxonomy":"product_cat","embeddable":true,"href":"https:\/\/oanhbeautyspa.com\/index.php\/wp-json\/wp\/v2\/product_cat?post=1062"},{"taxonomy":"product_tag","embeddable":true,"href":"https:\/\/oanhbeautyspa.com\/index.php\/wp-json\/wp\/v2\/product_tag?post=1062"}],"curies":[{"name":"wp","href":"https:\/\/api.w.org\/{rel}","templated":true}]}}