{"id":1060,"date":"2023-10-10T12:43:34","date_gmt":"2023-10-10T11:43:34","guid":{"rendered":"https:\/\/oanhbeautyspa.com\/?post_type=product&#038;p=1060"},"modified":"2023-10-31T22:04:10","modified_gmt":"2023-10-31T22:04:10","slug":"eau-micellare-biosensible-250ml","status":"publish","type":"product","link":"https:\/\/oanhbeautyspa.com\/index.php\/product\/eau-micellare-biosensible-250ml\/","title":{"rendered":"Eau Micellare Biosensible &#8211; 250ml"},"content":{"rendered":"<p>Eau Micellaire Biosensible<br \/>\nN\u01b0\u1edbc t\u1ea9y trang m\u1eb7t v\u00e0 m\u00f4i d\u00e0nh cho da kh\u00f4, nh\u1ea1y c\u1ea3m<\/p>\n<p><strong>\u2022 T\u1ea8Y TRANG \u2022 D\u01af\u1ee0NG \u1ea8M<\/strong><br \/>\nEau micellaire Biosensible k\u1ebft h\u1ee3p c\u00e1c \u0111\u1eb7c t\u00ednh gi\u1eef \u1ea9m, l\u00e0m d\u1ecbu da v\u1edbi hi\u1ec7u qu\u1ea3 l\u00e0m s\u1ea1ch nh\u1eb9 nh\u00e0ng, \u0111\u1ec3 lo\u1ea1i b\u1ecf l\u1edbp trang \u0111i\u1ec3m v\u00e0 t\u1ea1p ch\u1ea5t m\u00e0 kh\u00f4ng l\u00e0m m\u1ea5t \u1ed5n \u0111\u1ecbnh m\u00e0ng phim Hydrolipidic tr\u00ean da.<br \/>\n\u0110\u01b0\u1ee3c khuy\u1ebfn ngh\u1ecb cho m\u1ecdi lo\u1ea1i da.<\/p>\n<p><strong>H\u01af\u1edaNG D\u1eaaN S\u1eec D\u1ee4NG<\/strong><br \/>\n1. Thoa l\u00ean m\u1eb7t, c\u1ed5 v\u00e0 vai.<br \/>\n2. Lau kh\u00f4 b\u1eb1ng kh\u0103n gi\u1ea5y.<\/p>\n<p><strong>TH\u1eacN TR\u1eccNG KHI S\u1eec D\u1ee4NG<\/strong><br \/>\nCh\u1ec9 s\u1eed d\u1ee5ng ngo\u00e0i da.<\/p>\n<p><strong>\u0110\u1ecaNH D\u1ea0NG<\/strong><br \/>\n100 ml, 250 ml<\/p>\n","protected":false},"excerpt":{"rendered":"<p>Eau micellaire Biosensible k\u1ebft h\u1ee3p c\u00e1c \u0111\u1eb7c t\u00ednh gi\u1eef \u1ea9m, l\u00e0m d\u1ecbu da v\u1edbi hi\u1ec7u qu\u1ea3 l\u00e0m s\u1ea1ch nh\u1eb9 nh\u00e0ng, \u0111\u1ec3 lo\u1ea1i b\u1ecf l\u1edbp trang \u0111i\u1ec3m v\u00e0 t\u1ea1p ch\u1ea5t m\u00e0 kh\u00f4ng l\u00e0m m\u1ea5t \u1ed5n \u0111\u1ecbnh m\u00e0ng phim Hydrolipidic tr\u00ean da.<br \/>\n\u0110\u01b0\u1ee3c khuy\u1ebfn ngh\u1ecb cho m\u1ecdi lo\u1ea1i da.<\/p>\n","protected":false},"featured_media":1219,"comment_status":"open","ping_status":"closed","template":"","meta":{"site-sidebar-layout":"default","site-content-layout":"default","ast-global-header-display":"","ast-banner-title-visibility":"","ast-main-header-display":"","ast-hfb-above-header-display":"","ast-hfb-below-header-display":"","ast-hfb-mobile-header-display":"","site-post-title":"","ast-breadcrumbs-content":"","ast-featured-img":"","footer-sml-layout":"","theme-transparent-header-meta":"default","adv-header-id-meta":"","stick-header-meta":"","header-above-stick-meta":"","header-main-stick-meta":"","header-below-stick-meta":""},"product_cat":[35,43],"product_tag":[],"_links":{"self":[{"href":"https:\/\/oanhbeautyspa.com\/index.php\/wp-json\/wp\/v2\/product\/1060"}],"collection":[{"href":"https:\/\/oanhbeautyspa.com\/index.php\/wp-json\/wp\/v2\/product"}],"about":[{"href":"https:\/\/oanhbeautyspa.com\/index.php\/wp-json\/wp\/v2\/types\/product"}],"replies":[{"embeddable":true,"href":"https:\/\/oanhbeautyspa.com\/index.php\/wp-json\/wp\/v2\/comments?post=1060"}],"wp:featuredmedia":[{"embeddable":true,"href":"https:\/\/oanhbeautyspa.com\/index.php\/wp-json\/wp\/v2\/media\/1219"}],"wp:attachment":[{"href":"https:\/\/oanhbeautyspa.com\/index.php\/wp-json\/wp\/v2\/media?parent=1060"}],"wp:term":[{"taxonomy":"product_cat","embeddable":true,"href":"https:\/\/oanhbeautyspa.com\/index.php\/wp-json\/wp\/v2\/product_cat?post=1060"},{"taxonomy":"product_tag","embeddable":true,"href":"https:\/\/oanhbeautyspa.com\/index.php\/wp-json\/wp\/v2\/product_tag?post=1060"}],"curies":[{"name":"wp","href":"https:\/\/api.w.org\/{rel}","templated":true}]}}