{"id":1056,"date":"2023-10-10T12:43:34","date_gmt":"2023-10-10T11:43:34","guid":{"rendered":"https:\/\/oanhbeautyspa.com\/?post_type=product&#038;p=1056"},"modified":"2023-10-31T22:02:32","modified_gmt":"2023-10-31T22:02:32","slug":"creme-vip-o2-50ml","status":"publish","type":"product","link":"https:\/\/oanhbeautyspa.com\/index.php\/product\/creme-vip-o2-50ml\/","title":{"rendered":"Creme Vip O2 &#8211; 50ml"},"content":{"rendered":"<p>Cr\u00e8me VIP O2<br \/>\nKem t\u0103ng c\u01b0\u1eddng l\u00e0m s\u00e1ng v\u00e0 ch\u1ed1ng \u00f4 nhi\u1ec5m v\u00e0 c\u0103ng da<\/p>\n<p><strong>\u2022 CH\u1ed0NG \u00d4 NHI\u1ec4M \u2022 CHUY\u1ec2N HO\u00c1 OXY \u2022 L\u00c0M S\u00c1NG<\/strong><br \/>\nCr\u00e8me VIP 02 r\u1ea5t gi\u00e0u ho\u1ea1t ch\u1ea5t ch\u1ed1ng l\u1ea1i h\u01b0 h\u1ea1i do \u00f4 nhi\u1ec5m b\u1eb1ng c\u00e1ch l\u1ea5y \u0111i c\u00e1c t\u00e1c nh\u00e2n g\u00e2y \u00f4 nhi\u1ec5m tr\u00ean l\u1edbp bi\u1ec3u b\u00ec. N\u00f3 b\u1ea3o v\u1ec7 da kh\u1ecfi stress, oxy h\u00f3a. Kem ph\u1ee5c h\u1ed3i s\u1ef1 r\u1ea1ng r\u1ee1 v\u00e0 \u0111\u1ed9 s\u00e1ng cho l\u00e0n da x\u1ec9n m\u00e0u, \u0111\u1ed3ng th\u1eddi t\u00e1i t\u1ea1o l\u1edbp bi\u1ec3u b\u00ec.<br \/>\n\u0110\u01b0\u1ee3c khuy\u1ebfn ngh\u1ecb cho da nh\u1ee3t nh\u1ea1t, x\u1ec9n m\u00e0u do t\u00e1c \u0111\u1ed9ng c\u1ee7a m\u00f4i tr\u01b0\u1eddng b\u1ecb \u00f4 nhi\u1ec5m.<\/p>\n<p><strong>H\u01af\u1edaNG D\u1eaaN S\u1eec D\u1ee4NG<\/strong><br \/>\nThoa m\u1ed9t l\u01b0\u1ee3ng v\u1eeba \u0111\u1ee7 s\u1ea3n ph\u1ea9m v\u00e0o bu\u1ed5i s\u00e1ng v\u00e0\/ ho\u1eb7c v\u00e0o ban \u0111\u00eam cho to\u00e0n b\u1ed9 khu\u00f4n m\u1eb7t, c\u1ed5 v\u00e0 vai, sau khi s\u1eed d\u1ee5ng tinh ch\u1ea5t.<br \/>\n<strong><br \/>\nTH\u1eacN TR\u1eccNG KHI S\u1eec D\u1ee4NG<\/strong><br \/>\nKh\u00f4ng s\u1eed d\u1ee5ng cho tr\u1ebb em d\u01b0\u1edbi 3 tu\u1ed5i.<br \/>\nCh\u1ec9 s\u1eed d\u1ee5ng ngo\u00e0i da.<\/p>\n<p><strong>\u0110\u1ecaNH D\u1ea0NG<\/strong><br \/>\n50 ml<\/p>\n","protected":false},"excerpt":{"rendered":"<p>Cr\u00e8me VIP 02 r\u1ea5t gi\u00e0u ho\u1ea1t ch\u1ea5t ch\u1ed1ng l\u1ea1i h\u01b0 h\u1ea1i do \u00f4 nhi\u1ec5m b\u1eb1ng c\u00e1ch l\u1ea5y \u0111i c\u00e1c t\u00e1c nh\u00e2n g\u00e2y \u00f4 nhi\u1ec5m tr\u00ean l\u1edbp bi\u1ec3u b\u00ec. N\u00f3 b\u1ea3o v\u1ec7 da kh\u1ecfi stress, oxy h\u00f3a. Kem ph\u1ee5c h\u1ed3i s\u1ef1 r\u1ea1ng r\u1ee1 v\u00e0 \u0111\u1ed9 s\u00e1ng cho l\u00e0n da x\u1ec9n m\u00e0u, \u0111\u1ed3ng th\u1eddi t\u00e1i t\u1ea1o l\u1edbp bi\u1ec3u b\u00ec.<br \/>\n\u0110\u01b0\u1ee3c khuy\u1ebfn ngh\u1ecb cho da nh\u1ee3t nh\u1ea1t, x\u1ec9n m\u00e0u do t\u00e1c \u0111\u1ed9ng c\u1ee7a m\u00f4i tr\u01b0\u1eddng b\u1ecb \u00f4 nhi\u1ec5m.<\/p>\n","protected":false},"featured_media":1215,"comment_status":"open","ping_status":"closed","template":"","meta":{"site-sidebar-layout":"default","site-content-layout":"default","ast-global-header-display":"","ast-banner-title-visibility":"","ast-main-header-display":"","ast-hfb-above-header-display":"","ast-hfb-below-header-display":"","ast-hfb-mobile-header-display":"","site-post-title":"","ast-breadcrumbs-content":"","ast-featured-img":"","footer-sml-layout":"","theme-transparent-header-meta":"default","adv-header-id-meta":"","stick-header-meta":"","header-above-stick-meta":"","header-main-stick-meta":"","header-below-stick-meta":""},"product_cat":[35,41],"product_tag":[],"_links":{"self":[{"href":"https:\/\/oanhbeautyspa.com\/index.php\/wp-json\/wp\/v2\/product\/1056"}],"collection":[{"href":"https:\/\/oanhbeautyspa.com\/index.php\/wp-json\/wp\/v2\/product"}],"about":[{"href":"https:\/\/oanhbeautyspa.com\/index.php\/wp-json\/wp\/v2\/types\/product"}],"replies":[{"embeddable":true,"href":"https:\/\/oanhbeautyspa.com\/index.php\/wp-json\/wp\/v2\/comments?post=1056"}],"wp:featuredmedia":[{"embeddable":true,"href":"https:\/\/oanhbeautyspa.com\/index.php\/wp-json\/wp\/v2\/media\/1215"}],"wp:attachment":[{"href":"https:\/\/oanhbeautyspa.com\/index.php\/wp-json\/wp\/v2\/media?parent=1056"}],"wp:term":[{"taxonomy":"product_cat","embeddable":true,"href":"https:\/\/oanhbeautyspa.com\/index.php\/wp-json\/wp\/v2\/product_cat?post=1056"},{"taxonomy":"product_tag","embeddable":true,"href":"https:\/\/oanhbeautyspa.com\/index.php\/wp-json\/wp\/v2\/product_tag?post=1056"}],"curies":[{"name":"wp","href":"https:\/\/api.w.org\/{rel}","templated":true}]}}