{"id":1055,"date":"2023-10-10T12:43:34","date_gmt":"2023-10-10T11:43:34","guid":{"rendered":"https:\/\/oanhbeautyspa.com\/?post_type=product&#038;p=1055"},"modified":"2023-10-31T22:02:12","modified_gmt":"2023-10-31T22:02:12","slug":"creme-verte-espoir-a-r-50ml","status":"publish","type":"product","link":"https:\/\/oanhbeautyspa.com\/index.php\/product\/creme-verte-espoir-a-r-50ml\/","title":{"rendered":"Creme Verte Espoir A.R &#8211; 50ml"},"content":{"rendered":"<p>Cr\u00e8me Verte Espoir A.R.<br \/>\nKem \u0111\u1eb7c tr\u1ecb nh\u1ea1y c\u1ea3m, k\u00edch \u1ee9ng<\/p>\n<p><strong>\u2022 CH\u1ed0NG M\u1ea8N \u0110\u1ece \u2022 BAO B\u1eccC, B\u1ea2O V\u1ec6\/PH\u00d2NG NG\u1eeaA \u2022 T\u00c1I T\u1ea0O LIPID<\/strong><br \/>\nS\u1ea3n ph\u1ea9m l\u00fd t\u01b0\u1edfng \u0111\u1ec3 kh\u1eafc ph\u1ee5c v\u1ebft \u0111\u1ecf tr\u00ean m\u1eb7t, Cr\u00e8me Verte Espoir A.R. ng\u0103n ng\u1eeba v\u00e0 l\u00e0m gi\u1ea3m c\u00e1c d\u1ea5u hi\u1ec7u c\u1ee7a b\u1ec7nh h\u1ed3ng ban. N\u00f3 ho\u1ea1t \u0111\u1ed9ng tr\u00ean c\u00e1c mao m\u1ea1ch b\u1ecb v\u1ee1, gi\u1ea3m r\u00f5 r\u1ec7t s\u1ef1 xu\u1ea5t hi\u1ec7n c\u1ee7a ch\u00fang \u0111\u1ec3 gi\u1ea3m m\u1ee9c \u0111\u1ed9 v\u00e0 c\u01b0\u1eddng \u0111\u1ed9 c\u1ee7a \u0111\u1ecf m\u00e3n t\u00ednh. C\u00e1c ph\u1ea3n \u1ee9ng da nh\u1ea1y c\u1ea3m g\u00e2y ra c\u00e1c m\u1ea3ng \u0111\u1ecf th\u01b0\u1eddng xuy\u00ean c\u0169ng s\u1ebd \u0111\u01b0\u1ee3c kh\u1eafc ph\u1ee5c. L\u00e0n da m\u1ecfng manh v\u00e0 nh\u1ea1y c\u1ea3m s\u1ebd \u0111\u01b0\u1ee3c l\u00e0m d\u1ecbu ngay l\u1eadp t\u1ee9c, v\u00e0 l\u00e0n da l\u1ea5y l\u1ea1i v\u1ebb ngo\u00e0i \u0111\u1ed3ng \u0111\u1ec1u h\u01a1n.<br \/>\n\u0110\u01b0\u1ee3c khuy\u1ebfn ngh\u1ecb cho c\u00e1c s\u1ea3n ph\u1ea9m ch\u0103m s\u00f3c da v\u1edbi h\u1ed3ng ban.<\/p>\n<p><strong>H\u01af\u1edaNG D\u1eaaN S\u1eec D\u1ee4NG<\/strong><br \/>\nThoa m\u1ed9t l\u01b0\u1ee3ng v\u1eeba \u0111\u1ee7 s\u1ea3n ph\u1ea9m v\u00e0o bu\u1ed5i s\u00e1ng v\u00e0\/ ho\u1eb7c v\u00e0o ban \u0111\u00eam cho to\u00e0n b\u1ed9 khu\u00f4n m\u1eb7t, c\u1ed5 v\u00e0 vai, sau khi s\u1eed d\u1ee5ng tinh ch\u1ea5t.<\/p>\n<p><strong>TH\u1eacN TR\u1eccNG KHI S\u1eec D\u1ee4NG<\/strong><br \/>\nTr\u00e1nh v\u00f9ng quanh m\u1eaft.<br \/>\nCh\u1ec9 s\u1eed d\u1ee5ng ngo\u00e0i da.<\/p>\n<p><strong>\u0110\u1ecaNH D\u1ea0NG<\/strong><br \/>\n50ml<\/p>\n","protected":false},"excerpt":{"rendered":"<p>S\u1ea3n ph\u1ea9m l\u00fd t\u01b0\u1edfng \u0111\u1ec3 kh\u1eafc ph\u1ee5c v\u1ebft \u0111\u1ecf tr\u00ean m\u1eb7t, Cr\u00e8me Verte Espoir A.R. ng\u0103n ng\u1eeba v\u00e0 l\u00e0m gi\u1ea3m c\u00e1c d\u1ea5u hi\u1ec7u c\u1ee7a b\u1ec7nh h\u1ed3ng ban. N\u00f3 ho\u1ea1t \u0111\u1ed9ng tr\u00ean c\u00e1c mao m\u1ea1ch b\u1ecb v\u1ee1, gi\u1ea3m r\u00f5 r\u1ec7t s\u1ef1 xu\u1ea5t hi\u1ec7n c\u1ee7a ch\u00fang \u0111\u1ec3 gi\u1ea3m m\u1ee9c \u0111\u1ed9 v\u00e0 c\u01b0\u1eddng \u0111\u1ed9 c\u1ee7a \u0111\u1ecf m\u00e3n t\u00ednh. C\u00e1c ph\u1ea3n \u1ee9ng da nh\u1ea1y c\u1ea3m g\u00e2y ra c\u00e1c m\u1ea3ng \u0111\u1ecf th\u01b0\u1eddng xuy\u00ean c\u0169ng s\u1ebd \u0111\u01b0\u1ee3c kh\u1eafc ph\u1ee5c. L\u00e0n da m\u1ecfng manh v\u00e0 nh\u1ea1y c\u1ea3m s\u1ebd \u0111\u01b0\u1ee3c l\u00e0m d\u1ecbu ngay l\u1eadp t\u1ee9c, v\u00e0 l\u00e0n da l\u1ea5y l\u1ea1i v\u1ebb ngo\u00e0i \u0111\u1ed3ng \u0111\u1ec1u h\u01a1n.<\/p>\n","protected":false},"featured_media":1214,"comment_status":"open","ping_status":"closed","template":"","meta":{"site-sidebar-layout":"default","site-content-layout":"default","ast-global-header-display":"","ast-banner-title-visibility":"","ast-main-header-display":"","ast-hfb-above-header-display":"","ast-hfb-below-header-display":"","ast-hfb-mobile-header-display":"","site-post-title":"","ast-breadcrumbs-content":"","ast-featured-img":"","footer-sml-layout":"","theme-transparent-header-meta":"default","adv-header-id-meta":"","stick-header-meta":"","header-above-stick-meta":"","header-main-stick-meta":"","header-below-stick-meta":""},"product_cat":[35,41],"product_tag":[],"_links":{"self":[{"href":"https:\/\/oanhbeautyspa.com\/index.php\/wp-json\/wp\/v2\/product\/1055"}],"collection":[{"href":"https:\/\/oanhbeautyspa.com\/index.php\/wp-json\/wp\/v2\/product"}],"about":[{"href":"https:\/\/oanhbeautyspa.com\/index.php\/wp-json\/wp\/v2\/types\/product"}],"replies":[{"embeddable":true,"href":"https:\/\/oanhbeautyspa.com\/index.php\/wp-json\/wp\/v2\/comments?post=1055"}],"wp:featuredmedia":[{"embeddable":true,"href":"https:\/\/oanhbeautyspa.com\/index.php\/wp-json\/wp\/v2\/media\/1214"}],"wp:attachment":[{"href":"https:\/\/oanhbeautyspa.com\/index.php\/wp-json\/wp\/v2\/media?parent=1055"}],"wp:term":[{"taxonomy":"product_cat","embeddable":true,"href":"https:\/\/oanhbeautyspa.com\/index.php\/wp-json\/wp\/v2\/product_cat?post=1055"},{"taxonomy":"product_tag","embeddable":true,"href":"https:\/\/oanhbeautyspa.com\/index.php\/wp-json\/wp\/v2\/product_tag?post=1055"}],"curies":[{"name":"wp","href":"https:\/\/api.w.org\/{rel}","templated":true}]}}