{"id":1053,"date":"2023-10-10T12:43:34","date_gmt":"2023-10-10T11:43:34","guid":{"rendered":"https:\/\/oanhbeautyspa.com\/?post_type=product&#038;p=1053"},"modified":"2023-10-31T22:01:39","modified_gmt":"2023-10-31T22:01:39","slug":"creme-pigm-400-50ml","status":"publish","type":"product","link":"https:\/\/oanhbeautyspa.com\/index.php\/product\/creme-pigm-400-50ml\/","title":{"rendered":"Creme Pigm 400 &#8211; 50ml"},"content":{"rendered":"<p>Cr\u00e8me PIGM 400<br \/>\nKem \u0111\u1eb7c tr\u1ecb n\u00e1m, l\u00e0m s\u00e1ng da v\u00e0 \u0111i\u1ec1u ch\u1ec9nh s\u1eafc t\u1ed1<\/p>\n<p><strong>\u2022 CH\u1ed0NG N\u00c1M, S\u1ea0M DA \u2022 BAO B\u1eccC, B\u1ea2O V\u1ec6\/PH\u00d2NG NG\u1eeaA \u2022 L\u00c0M S\u00c1NG<\/strong><br \/>\nCr\u00e8me PIGM 400 l\u00e0 m\u1ed9t t\u1eadp trung c\u1ee7a c\u00e1c ho\u1ea1t ch\u1ea5t l\u00e0m s\u00e1ng v\u00e0 b\u1ea3o v\u1ec7 da, \u0111\u1ed3ng th\u1eddi l\u00e0m gi\u1ea3m s\u1ef1 xu\u1ea5t hi\u1ec7n c\u1ee7a c\u00e1c \u0111\u1ed1m n\u00e2u. N\u00f3 \u0111\u01b0\u1ee3c \u0111\u1eb7c ch\u1ebf nh\u01b0 l\u00e0 m\u1ed9t \u0111i\u1ec1u tr\u1ecb ph\u00f2ng ng\u1eeba v\u00e0 kh\u1eafc ph\u1ee5c, gi\u00fap gi\u1ea3m c\u01b0\u1eddng \u0111\u1ed9 c\u1ee7a c\u00e1c \u0111\u1ed1m s\u1eafc t\u1ed1 v\u00e0 ng\u0103n ng\u1eeba s\u1ef1 xu\u1ea5t hi\u1ec7n c\u00e1c nh\u01b0\u1ee3c \u0111i\u1ec3m m\u1edbi. L\u00e0n da tr\u1edf n\u00ean r\u1ea1ng r\u1ee1 h\u01a1n, l\u00e0n da tr\u1edf n\u00ean \u0111\u1ed3ng \u0111\u1ec1u h\u01a1n.<br \/>\n\u0110\u01b0\u1ee3c khuy\u1ebfn ngh\u1ecb cho c\u00e1c lo\u1ea1i da x\u1ec9n m\u00e0u v\u1edbi s\u1eafc t\u1ed1 kh\u00f4ng \u0111\u1ed3ng \u0111\u1ec1u.<\/p>\n<p><strong>H\u01af\u1edaNG D\u1eaaN S\u1eec D\u1ee4NG<\/strong><br \/>\nThoa m\u1ed9t l\u01b0\u1ee3ng v\u1eeba \u0111\u1ee7 s\u1ea3n ph\u1ea9m v\u00e0o bu\u1ed5i s\u00e1ng v\u00e0\/ ho\u1eb7c v\u00e0o ban \u0111\u00eam cho to\u00e0n b\u1ed9 khu\u00f4n m\u1eb7t, c\u1ed5 v\u00e0 vai, sau khi s\u1eed d\u1ee5ng tinh ch\u1ea5t<\/p>\n<p><strong>TH\u1eacN TR\u1eccNG KHI S\u1eec D\u1ee4NG<\/strong><br \/>\nB\u1ea3o v\u1ec7 da kh\u1ecfi \u00e1nh n\u1eafng m\u1eb7t tr\u1eddi trong khi s\u1eed d\u1ee5ng s\u1ea3n ph\u1ea9m.<br \/>\nCh\u1ec9 s\u1eed d\u1ee5ng ngo\u00e0i da.<\/p>\n<p><strong>\u0110\u1ecaNH D\u1ea0NG<\/strong><br \/>\n50 ml<\/p>\n","protected":false},"excerpt":{"rendered":"<p>Cr\u00e8me PIGM 400 l\u00e0 m\u1ed9t t\u1eadp trung c\u1ee7a c\u00e1c ho\u1ea1t ch\u1ea5t l\u00e0m s\u00e1ng v\u00e0 b\u1ea3o v\u1ec7 da, \u0111\u1ed3ng th\u1eddi l\u00e0m gi\u1ea3m s\u1ef1 xu\u1ea5t hi\u1ec7n c\u1ee7a c\u00e1c \u0111\u1ed1m n\u00e2u. N\u00f3 \u0111\u01b0\u1ee3c \u0111\u1eb7c ch\u1ebf nh\u01b0 l\u00e0 m\u1ed9t \u0111i\u1ec1u tr\u1ecb ph\u00f2ng ng\u1eeba v\u00e0 kh\u1eafc ph\u1ee5c, gi\u00fap gi\u1ea3m c\u01b0\u1eddng \u0111\u1ed9 c\u1ee7a c\u00e1c \u0111\u1ed1m s\u1eafc t\u1ed1 v\u00e0 ng\u0103n ng\u1eeba s\u1ef1 xu\u1ea5t hi\u1ec7n c\u00e1c nh\u01b0\u1ee3c \u0111i\u1ec3m m\u1edbi. L\u00e0n da tr\u1edf n\u00ean r\u1ea1ng r\u1ee1 h\u01a1n, l\u00e0n da tr\u1edf n\u00ean \u0111\u1ed3ng \u0111\u1ec1u h\u01a1n.<\/p>\n","protected":false},"featured_media":1211,"comment_status":"open","ping_status":"closed","template":"","meta":{"site-sidebar-layout":"default","site-content-layout":"default","ast-global-header-display":"","ast-banner-title-visibility":"","ast-main-header-display":"","ast-hfb-above-header-display":"","ast-hfb-below-header-display":"","ast-hfb-mobile-header-display":"","site-post-title":"","ast-breadcrumbs-content":"","ast-featured-img":"","footer-sml-layout":"","theme-transparent-header-meta":"default","adv-header-id-meta":"","stick-header-meta":"","header-above-stick-meta":"","header-main-stick-meta":"","header-below-stick-meta":""},"product_cat":[35,41],"product_tag":[],"_links":{"self":[{"href":"https:\/\/oanhbeautyspa.com\/index.php\/wp-json\/wp\/v2\/product\/1053"}],"collection":[{"href":"https:\/\/oanhbeautyspa.com\/index.php\/wp-json\/wp\/v2\/product"}],"about":[{"href":"https:\/\/oanhbeautyspa.com\/index.php\/wp-json\/wp\/v2\/types\/product"}],"replies":[{"embeddable":true,"href":"https:\/\/oanhbeautyspa.com\/index.php\/wp-json\/wp\/v2\/comments?post=1053"}],"wp:featuredmedia":[{"embeddable":true,"href":"https:\/\/oanhbeautyspa.com\/index.php\/wp-json\/wp\/v2\/media\/1211"}],"wp:attachment":[{"href":"https:\/\/oanhbeautyspa.com\/index.php\/wp-json\/wp\/v2\/media?parent=1053"}],"wp:term":[{"taxonomy":"product_cat","embeddable":true,"href":"https:\/\/oanhbeautyspa.com\/index.php\/wp-json\/wp\/v2\/product_cat?post=1053"},{"taxonomy":"product_tag","embeddable":true,"href":"https:\/\/oanhbeautyspa.com\/index.php\/wp-json\/wp\/v2\/product_tag?post=1053"}],"curies":[{"name":"wp","href":"https:\/\/api.w.org\/{rel}","templated":true}]}}