{"id":1049,"date":"2023-10-10T12:43:34","date_gmt":"2023-10-10T11:43:34","guid":{"rendered":"https:\/\/oanhbeautyspa.com\/?post_type=product&#038;p=1049"},"modified":"2023-10-31T23:00:45","modified_gmt":"2023-10-31T23:00:45","slug":"creme-hydravits-50ml","status":"publish","type":"product","link":"https:\/\/oanhbeautyspa.com\/index.php\/product\/creme-hydravits-50ml\/","title":{"rendered":"Creme Hydravit&#8217;S &#8211; 50ml"},"content":{"rendered":"<p>Cr\u00e8me Hydravit\u2019S<br \/>\nKem d\u01b0\u1ee1ng b\u1ed5 sung \u0111\u1ed9 \u1ea9m v\u00e0 l\u00e0m s\u00e1ng da t\u1ed1i x\u1ec9n<\/p>\n<p><strong>\u2022 D\u01af\u1ee0NG \u1ea8M \u2022 H\u1ed2I SINH \u2022 K\u00cdCH TH\u00cdCH C\u0102NG B\u00d3NG<\/strong><br \/>\nCr\u00e8me Hydravit&#8217;S l\u00e0 s\u1ea3n ph\u1ea9m ch\u0103m s\u00f3c da t\u1ed1i \u01b0u. S\u1ea3n ph\u1ea9m ho\u1ea1t \u0111\u1ed9ng tr\u00ean nhi\u1ec1u c\u1ea5p \u0111\u1ed9 \u0111\u1ec3 truy\u1ec1n v\u00e0o l\u1edbp bi\u1ec3u b\u00ec v\u1edbi s\u1ef1 d\u01b0\u1ee1ng \u1ea9m s\u00e2u, t\u1ee9c th\u00ec nh\u01b0ng k\u00e9o d\u00e0i. C\u00e1c th\u00e0nh ph\u1ea7n ho\u1ea1t \u0111\u1ed9ng h\u1ed3i sinh c\u1ee7a n\u00f3 th\u00fac \u0111\u1ea9y t\u00e1i t\u1ea1o t\u1ebf b\u00e0o \u0111\u1ec3 t\u00e1i t\u1ea1o da v\u00e0 n\u1ea1p l\u1ea1i n\u0103ng l\u01b0\u1ee3ng. Da \u0111\u01b0\u1ee3c l\u00e0m d\u1ecbu v\u00e0 c\u1ea3m th\u1ea5y tho\u1ea3i m\u00e1i h\u01a1n, l\u00e0n da tr\u1edf n\u00ean t\u01b0\u01a1i s\u00e1ng h\u01a1n.<br \/>\n\u0110\u01b0\u1ee3c khuy\u1ebfn ngh\u1ecb cho c\u00e1c da b\u1ecb m\u1ea5t n\u01b0\u1edbc v\u00e0 m\u1ea5t s\u1ee9c s\u1ed1ng.<\/p>\n<p><strong>H\u01af\u1edaNG D\u1eaaN S\u1eec D\u1ee4NG<\/strong><br \/>\nThoa m\u1ed9t l\u01b0\u1ee3ng v\u1eeba \u0111\u1ee7 s\u1ea3n ph\u1ea9m v\u00e0o bu\u1ed5i s\u00e1ng v\u00e0 v\u00e0o ban \u0111\u00eam cho to\u00e0n b\u1ed9 khu\u00f4n m\u1eb7t, c\u1ed5 v\u00e0 vai, sau khi s\u1eed d\u1ee5ng tinh ch\u1ea5t<\/p>\n<p><strong>TH\u1eacN TR\u1eccNG KHI S\u1eec D\u1ee4NG<\/strong><br \/>\nTr\u00e1nh v\u00f9ng quanh m\u1eaft.<br \/>\nKh\u00f4ng s\u1eed d\u1ee5ng cho tr\u1ebb em d\u01b0\u1edbi 3 tu\u1ed5i.<br \/>\nCh\u1ec9 s\u1eed d\u1ee5ng ngo\u00e0i da.<\/p>\n<p><strong>\u0110\u1ecaNH D\u1ea0NG<\/strong><br \/>\n50 ml<\/p>\n","protected":false},"excerpt":{"rendered":"<p>Cr\u00e8me Hydravit&#8217;S l\u00e0 s\u1ea3n ph\u1ea9m ch\u0103m s\u00f3c da t\u1ed1i \u01b0u. S\u1ea3n ph\u1ea9m ho\u1ea1t \u0111\u1ed9ng tr\u00ean nhi\u1ec1u c\u1ea5p \u0111\u1ed9 \u0111\u1ec3 truy\u1ec1n v\u00e0o l\u1edbp bi\u1ec3u b\u00ec v\u1edbi s\u1ef1 d\u01b0\u1ee1ng \u1ea9m s\u00e2u, t\u1ee9c th\u00ec nh\u01b0ng k\u00e9o d\u00e0i. C\u00e1c th\u00e0nh ph\u1ea7n ho\u1ea1t \u0111\u1ed9ng h\u1ed3i sinh c\u1ee7a n\u00f3 th\u00fac \u0111\u1ea9y t\u00e1i t\u1ea1o t\u1ebf b\u00e0o \u0111\u1ec3 t\u00e1i t\u1ea1o da v\u00e0 n\u1ea1p l\u1ea1i n\u0103ng l\u01b0\u1ee3ng. Da \u0111\u01b0\u1ee3c l\u00e0m d\u1ecbu v\u00e0 c\u1ea3m th\u1ea5y tho\u1ea3i m\u00e1i h\u01a1n, l\u00e0n da tr\u1edf n\u00ean t\u01b0\u01a1i s\u00e1ng h\u01a1n.<\/p>\n","protected":false},"featured_media":1207,"comment_status":"open","ping_status":"closed","template":"","meta":{"site-sidebar-layout":"default","site-content-layout":"default","ast-global-header-display":"","ast-banner-title-visibility":"","ast-main-header-display":"","ast-hfb-above-header-display":"","ast-hfb-below-header-display":"","ast-hfb-mobile-header-display":"","site-post-title":"","ast-breadcrumbs-content":"","ast-featured-img":"","footer-sml-layout":"","theme-transparent-header-meta":"default","adv-header-id-meta":"","stick-header-meta":"","header-above-stick-meta":"","header-main-stick-meta":"","header-below-stick-meta":""},"product_cat":[35,41],"product_tag":[],"_links":{"self":[{"href":"https:\/\/oanhbeautyspa.com\/index.php\/wp-json\/wp\/v2\/product\/1049"}],"collection":[{"href":"https:\/\/oanhbeautyspa.com\/index.php\/wp-json\/wp\/v2\/product"}],"about":[{"href":"https:\/\/oanhbeautyspa.com\/index.php\/wp-json\/wp\/v2\/types\/product"}],"replies":[{"embeddable":true,"href":"https:\/\/oanhbeautyspa.com\/index.php\/wp-json\/wp\/v2\/comments?post=1049"}],"wp:featuredmedia":[{"embeddable":true,"href":"https:\/\/oanhbeautyspa.com\/index.php\/wp-json\/wp\/v2\/media\/1207"}],"wp:attachment":[{"href":"https:\/\/oanhbeautyspa.com\/index.php\/wp-json\/wp\/v2\/media?parent=1049"}],"wp:term":[{"taxonomy":"product_cat","embeddable":true,"href":"https:\/\/oanhbeautyspa.com\/index.php\/wp-json\/wp\/v2\/product_cat?post=1049"},{"taxonomy":"product_tag","embeddable":true,"href":"https:\/\/oanhbeautyspa.com\/index.php\/wp-json\/wp\/v2\/product_tag?post=1049"}],"curies":[{"name":"wp","href":"https:\/\/api.w.org\/{rel}","templated":true}]}}