{"id":1048,"date":"2023-10-10T12:43:34","date_gmt":"2023-10-10T11:43:34","guid":{"rendered":"https:\/\/oanhbeautyspa.com\/?post_type=product&#038;p=1048"},"modified":"2023-10-31T22:01:18","modified_gmt":"2023-10-31T22:01:18","slug":"creme-dermopurifiante-50ml","status":"publish","type":"product","link":"https:\/\/oanhbeautyspa.com\/index.php\/product\/creme-dermopurifiante-50ml\/","title":{"rendered":"Creme Dermopurifiante &#8211; 50ml"},"content":{"rendered":"<p>Cr\u00e8me Dermopurifiante<br \/>\nKem \u0111\u1eb7c tr\u1ecb thanh l\u1ecdc v\u00e0 th\u1ea3i \u0111\u1ed9c da<\/p>\n<p><strong>\u2022 KH\u00c1NG KHU\u1ea8N \u2022 L\u00c0M TINH KHI\u1ebeT\/THANH L\u1eccC \u2022 \u0110I\u1ec0U HO\u00c0, GI\u1ea2M TI\u1ebeT B\u00c3 NH\u1edcN<\/strong><br \/>\nCr\u00e8me Dermopurifiante ng\u0103n ng\u1eeba s\u1ef1u s\u1eebng h\u00f3a nh\u1edd c\u00e1c ho\u1ea1t ch\u1ea5t t\u1ea9y da ch\u1ebft vi m\u00f4. C\u0169ng nh\u01b0 t\u00e1c \u0111\u1ed9ng v\u00e0o vi\u1ec7c s\u1ea3n xu\u1ea5t b\u00e3 nh\u1eddn, n\u00f3 gi\u00fap thanh l\u1ecdc l\u1edbp bi\u1ec3u b\u00ec \u0111\u1ec3 lo\u1ea1i b\u1ecf l\u00e0n da kh\u00f4ng ho\u00e0n h\u1ea3o nh\u01b0 l\u1ed7 ch\u00e2n l\u00f4ng b\u1ecb gi\u00e3n, m\u1ee5n \u0111\u1ea7u \u0111en, vi nang ho\u1eb7c m\u1ee5n \u0111\u1ea7u \u0111en &#8211; v\u00e0 ng\u0103n ch\u00fang xu\u1ea5t hi\u1ec7n tr\u1edf l\u1ea1i. C\u00e1c th\u00e0nh ph\u1ea7n ho\u1ea1t \u0111\u1ed9ng l\u00e0m d\u1ecbu c\u1ee7a n\u00f3 l\u00e0m d\u1ecbu b\u1ea5t k\u1ef3 ch\u1ee9ng vi\u00eam n\u00e0o c\u00f3 th\u1ec3 g\u00e2y \u0111\u1ecf da, mang l\u1ea1i v\u1ebb ngo\u00e0i \u0111\u1ed3ng \u0111\u1ec1u.<br \/>\n\u0110\u01b0\u1ee3c khuy\u1ebfn ngh\u1ecb cho c\u00e1c lo\u1ea1i da d\u1ec5 b\u1ecb vi\u00eam v\u00e0 m\u1ee5n tr\u1ee9ng c\u00e1.<\/p>\n<p><strong>H\u01af\u1edaNG D\u1eaaN S\u1eec D\u1ee4NG<\/strong><br \/>\nThoa m\u1ed9t l\u01b0\u1ee3ng nh\u1ecf s\u1ea3n ph\u1ea9m v\u00e0o bu\u1ed5i s\u00e1ng v\u00e0 v\u00e0o ban \u0111\u00eam cho to\u00e0n b\u1ed9 khu\u00f4n m\u1eb7t, c\u1ed5 v\u00e0 vai, sau khi s\u1eed d\u1ee5ng b\u01b0\u1edbc s\u1eed d\u1ee5ng tinh ch\u1ea5t<br \/>\n<strong><br \/>\nTH\u1eacN TR\u1eccNG KHI S\u1eec D\u1ee4NG<\/strong><br \/>\nKh\u00f4ng s\u1eed d\u1ee5ng cho tr\u1ebb d\u01b0\u1edbi 3 tu\u1ed5i.<\/p>\n<p><strong>\u0110\u1ecaNH D\u1ea0NG<\/strong><br \/>\n50 ml<\/p>\n","protected":false},"excerpt":{"rendered":"<p>Cr\u00e8me Dermopurifiante ng\u0103n ng\u1eeba s\u1ef1u s\u1eebng h\u00f3a nh\u1edd c\u00e1c ho\u1ea1t ch\u1ea5t t\u1ea9y da ch\u1ebft vi m\u00f4. C\u0169ng nh\u01b0 t\u00e1c \u0111\u1ed9ng v\u00e0o vi\u1ec7c s\u1ea3n xu\u1ea5t b\u00e3 nh\u1eddn, n\u00f3 gi\u00fap thanh l\u1ecdc l\u1edbp bi\u1ec3u b\u00ec \u0111\u1ec3 lo\u1ea1i b\u1ecf l\u00e0n da kh\u00f4ng ho\u00e0n h\u1ea3o nh\u01b0 l\u1ed7 ch\u00e2n l\u00f4ng b\u1ecb gi\u00e3n, m\u1ee5n \u0111\u1ea7u \u0111en, vi nang ho\u1eb7c m\u1ee5n \u0111\u1ea7u \u0111en &#8211; v\u00e0 ng\u0103n ch\u00fang xu\u1ea5t hi\u1ec7n tr\u1edf l\u1ea1i. C\u00e1c th\u00e0nh ph\u1ea7n ho\u1ea1t \u0111\u1ed9ng l\u00e0m d\u1ecbu c\u1ee7a n\u00f3 l\u00e0m d\u1ecbu b\u1ea5t k\u1ef3 ch\u1ee9ng vi\u00eam n\u00e0o c\u00f3 th\u1ec3 g\u00e2y \u0111\u1ecf da, mang l\u1ea1i v\u1ebb ngo\u00e0i \u0111\u1ed3ng \u0111\u1ec1u.<\/p>\n","protected":false},"featured_media":1206,"comment_status":"open","ping_status":"closed","template":"","meta":{"site-sidebar-layout":"default","site-content-layout":"default","ast-global-header-display":"","ast-banner-title-visibility":"","ast-main-header-display":"","ast-hfb-above-header-display":"","ast-hfb-below-header-display":"","ast-hfb-mobile-header-display":"","site-post-title":"","ast-breadcrumbs-content":"","ast-featured-img":"","footer-sml-layout":"","theme-transparent-header-meta":"default","adv-header-id-meta":"","stick-header-meta":"","header-above-stick-meta":"","header-main-stick-meta":"","header-below-stick-meta":""},"product_cat":[35,41],"product_tag":[],"_links":{"self":[{"href":"https:\/\/oanhbeautyspa.com\/index.php\/wp-json\/wp\/v2\/product\/1048"}],"collection":[{"href":"https:\/\/oanhbeautyspa.com\/index.php\/wp-json\/wp\/v2\/product"}],"about":[{"href":"https:\/\/oanhbeautyspa.com\/index.php\/wp-json\/wp\/v2\/types\/product"}],"replies":[{"embeddable":true,"href":"https:\/\/oanhbeautyspa.com\/index.php\/wp-json\/wp\/v2\/comments?post=1048"}],"wp:featuredmedia":[{"embeddable":true,"href":"https:\/\/oanhbeautyspa.com\/index.php\/wp-json\/wp\/v2\/media\/1206"}],"wp:attachment":[{"href":"https:\/\/oanhbeautyspa.com\/index.php\/wp-json\/wp\/v2\/media?parent=1048"}],"wp:term":[{"taxonomy":"product_cat","embeddable":true,"href":"https:\/\/oanhbeautyspa.com\/index.php\/wp-json\/wp\/v2\/product_cat?post=1048"},{"taxonomy":"product_tag","embeddable":true,"href":"https:\/\/oanhbeautyspa.com\/index.php\/wp-json\/wp\/v2\/product_tag?post=1048"}],"curies":[{"name":"wp","href":"https:\/\/api.w.org\/{rel}","templated":true}]}}