{"id":1045,"date":"2023-10-10T12:43:34","date_gmt":"2023-10-10T11:43:34","guid":{"rendered":"https:\/\/oanhbeautyspa.com\/?post_type=product&#038;p=1045"},"modified":"2023-10-31T21:59:57","modified_gmt":"2023-10-31T21:59:57","slug":"creme-biofixine-50ml","status":"publish","type":"product","link":"https:\/\/oanhbeautyspa.com\/index.php\/product\/creme-biofixine-50ml\/","title":{"rendered":"Creme Biofixine &#8211; 50ml"},"content":{"rendered":"<p>Cr\u00e8me Biofixine<br \/>\nKem \u0111\u1eb7c tr\u1ecb gi\u1ea3m n\u1ebfp nh\u0103n v\u00e0 r\u00e3nh g\u1ea5p<\/p>\n<p><strong>\u2022 CH\u1ed0NG N\u1ebeP NH\u0102N \u2022 L\u00c0M \u0110\u1ea6Y \u2022 L\u00c0M S\u0102N CH\u1eaeC<\/strong><br \/>\nCr\u00e8me Biofixine thu\u1ed9c th\u1ebf h\u1ec7 m\u1edbi nh\u1ea5t c\u1ee7a c\u00e1c lo\u1ea1i kem ch\u1ed1ng l\u00e3o h\u00f3a. N\u00f3 \u0111\u01b0\u1ee3c b\u1ed5 sung Peptide Myorelax, \u0111\u01b0\u1ee3c bi\u1ebft \u0111\u1ebfn v\u1edbi hi\u1ec7u qu\u1ea3 l\u00e0m d\u1ecbu s\u1ef1 co b\u00f3p nh\u1ecf tr\u00ean da g\u00e2y ra n\u1ebfp nh\u0103n v\u00e0 \u0111\u01b0\u1eddng k\u1ebb nh\u1ecf.<br \/>\n\u0110\u01b0\u1ee3c khuy\u1ebfn ngh\u1ecb cho da b\u1eaft \u0111\u1ea7u xu\u1ea5t hi\u1ec7n n\u1ebfp nh\u0103n.<\/p>\n<p><strong>H\u01af\u1edaNG D\u1eaaN S\u1eec D\u1ee4NG<\/strong><br \/>\nThoa m\u1ed9t l\u01b0\u1ee3ng s\u1ea3n ph\u1ea9m v\u1eeba \u0111\u1ee7 v\u00e0o bu\u1ed5i s\u00e1ng v\u00e0 bu\u1ed5i t\u1ed1i tr\u00ean to\u00e0n b\u1ed9 khu\u00f4n m\u1eb7t, c\u1ed5 v\u00e0 v\u00f9ng c\u1ed5 tr\u01b0\u1edbc ng\u1ef1c, sau khi s\u1eed d\u1ee5ng tinh ch\u1ea5t.<\/p>\n<p><strong>L\u01afU \u00dd KHI S\u1eec D\u1ee4NG<\/strong><br \/>\nKh\u00f4ng s\u1eed d\u1ee5ng cho tr\u1ebb em d\u01b0\u1edbi 3 tu\u1ed5i.<br \/>\nCh\u1ec9 s\u1eed d\u1ee5ng ngo\u00e0i da.<\/p>\n<p><strong>\u0110\u1ecaNH D\u1ea0NG<\/strong><br \/>\n50 ml<\/p>\n","protected":false},"excerpt":{"rendered":"<p>Cr\u00e8me Biofixine thu\u1ed9c th\u1ebf h\u1ec7 m\u1edbi nh\u1ea5t c\u1ee7a c\u00e1c lo\u1ea1i kem ch\u1ed1ng l\u00e3o h\u00f3a. N\u00f3 \u0111\u01b0\u1ee3c b\u1ed5 sung Peptide Myorelax, \u0111\u01b0\u1ee3c bi\u1ebft \u0111\u1ebfn v\u1edbi hi\u1ec7u qu\u1ea3 l\u00e0m d\u1ecbu s\u1ef1 co b\u00f3p nh\u1ecf tr\u00ean da g\u00e2y ra n\u1ebfp nh\u0103n v\u00e0 \u0111\u01b0\u1eddng k\u1ebb nh\u1ecf.<br \/>\n\u0110\u01b0\u1ee3c khuy\u1ebfn ngh\u1ecb cho da b\u1eaft \u0111\u1ea7u xu\u1ea5t hi\u1ec7n n\u1ebfp nh\u0103n.<\/p>\n","protected":false},"featured_media":1203,"comment_status":"open","ping_status":"closed","template":"","meta":{"site-sidebar-layout":"default","site-content-layout":"default","ast-global-header-display":"","ast-banner-title-visibility":"","ast-main-header-display":"","ast-hfb-above-header-display":"","ast-hfb-below-header-display":"","ast-hfb-mobile-header-display":"","site-post-title":"","ast-breadcrumbs-content":"","ast-featured-img":"","footer-sml-layout":"","theme-transparent-header-meta":"default","adv-header-id-meta":"","stick-header-meta":"","header-above-stick-meta":"","header-main-stick-meta":"","header-below-stick-meta":""},"product_cat":[35,41],"product_tag":[],"_links":{"self":[{"href":"https:\/\/oanhbeautyspa.com\/index.php\/wp-json\/wp\/v2\/product\/1045"}],"collection":[{"href":"https:\/\/oanhbeautyspa.com\/index.php\/wp-json\/wp\/v2\/product"}],"about":[{"href":"https:\/\/oanhbeautyspa.com\/index.php\/wp-json\/wp\/v2\/types\/product"}],"replies":[{"embeddable":true,"href":"https:\/\/oanhbeautyspa.com\/index.php\/wp-json\/wp\/v2\/comments?post=1045"}],"wp:featuredmedia":[{"embeddable":true,"href":"https:\/\/oanhbeautyspa.com\/index.php\/wp-json\/wp\/v2\/media\/1203"}],"wp:attachment":[{"href":"https:\/\/oanhbeautyspa.com\/index.php\/wp-json\/wp\/v2\/media?parent=1045"}],"wp:term":[{"taxonomy":"product_cat","embeddable":true,"href":"https:\/\/oanhbeautyspa.com\/index.php\/wp-json\/wp\/v2\/product_cat?post=1045"},{"taxonomy":"product_tag","embeddable":true,"href":"https:\/\/oanhbeautyspa.com\/index.php\/wp-json\/wp\/v2\/product_tag?post=1045"}],"curies":[{"name":"wp","href":"https:\/\/api.w.org\/{rel}","templated":true}]}}