{"id":1044,"date":"2023-10-10T12:43:33","date_gmt":"2023-10-10T11:43:33","guid":{"rendered":"https:\/\/oanhbeautyspa.com\/?post_type=product&#038;p=1044"},"modified":"2023-10-31T22:32:46","modified_gmt":"2023-10-31T22:32:46","slug":"complex-royal-30ml","status":"publish","type":"product","link":"https:\/\/oanhbeautyspa.com\/index.php\/product\/complex-royal-30ml\/","title":{"rendered":"Complex Royal &#8211; 30ml"},"content":{"rendered":"<p>Complexe Royal<br \/>\nTinh ch\u1ea5t ho\u00e0n thi\u1ec7n l\u00e0m c\u0103ng \u0111\u1ea7y da<\/p>\n<p><strong>\u2022T\u0102NG \u0110\u00c0N H\u1ed2I DA \u2022 BAO B\u1eccC, B\u1ea2O V\u1ec6\/PH\u00d2NG NG\u1eeaA \u2022 T\u00c1I T\u1ea0O<\/strong><br \/>\nComplexe Royal ch\u1ee9a m\u1ed9t l\u01b0\u1ee3ng l\u1edbn s\u1eefa ong ch\u00faa, cung c\u1ea5p d\u01b0\u1ee1ng ch\u1ea5t m\u1ea1nh m\u1ebd gi\u00fap t\u00e1i t\u1ea1o h\u00e0ng r\u00e0o b\u1ea3o v\u1ec7 da \u0111\u1ec3 da c\u1ea3m th\u1ea5y tho\u1ea3i m\u00e1i h\u01a1n m\u1ed7i ng\u00e0y. C\u00e1c th\u00e0nh ph\u1ea7n ho\u1ea1t \u0111\u1ed9ng ch\u1ed1ng oxy h\u00f3a c\u1ee7a n\u00f3 c\u0169ng ho\u1ea1t \u0111\u1ed9ng \u0111\u1ec3 b\u1ea3o v\u1ec7 th\u1ef1c s\u1ef1 ch\u1ed1ng l\u1ea1i c\u00e1c g\u1ed1c t\u1ef1 do. L\u1edbp bi\u1ec3u b\u00ec \u0111\u01b0\u1ee3c c\u1ee7ng c\u1ed1 v\u00e0 m\u1ea1nh m\u1ebd h\u01a1n, v\u00e0 l\u00e0n da s\u00e1ng h\u01a1n \u0111\u1ed3ng nh\u1ea5t m\u00e0u da.<\/p>\n<p><strong>H\u01af\u1edaNG D\u1eaaN S\u1eec D\u1ee4NG<\/strong><br \/>\n1. Thoa 4 \u0111\u1ebfn 5 gi\u1ecdt l\u00ean to\u00e0n b\u1ed9 khu\u00f4n m\u1eb7t, c\u1ed5 v\u00e0 vai, v\u00e0o bu\u1ed5i s\u00e1ng v\u00e0 v\u00e0o ban \u0111\u00eam.<br \/>\n2. S\u1ea3n ph\u1ea9m n\u00e0y l\u00e0 b\u01b0\u1edbc ch\u0103m s\u00f3c cu\u1ed1i c\u00f9ng \u0111\u01b0\u1ee3c s\u1eed d\u1ee5ng trong ch\u01b0\u01a1ng tr\u00ecnh ch\u0103m s\u00f3c da Biologique Recherche.<\/p>\n<p><strong>TH\u1eacN TR\u1eccNG KHI S\u1eec D\u1ee4NG<\/strong><br \/>\nKh\u00f4ng s\u1eed d\u1ee5ng cho da tr\u1ebb em.<br \/>\nKh\u00f4ng s\u1eed d\u1ee5ng tr\u00ean da nh\u1ea1y c\u1ea3m, tr\u1ea7y x\u01b0\u1edbc ho\u1eb7c b\u1ecb k\u00edch th\u00edch.<br \/>\nTr\u00e1nh ti\u1ebfp x\u00fac v\u1edbi m\u1eaft.<br \/>\nTr\u00e1nh ph\u01a1i n\u1eafng ngay sau khi thoa s\u1ea3n ph\u1ea9m.<br \/>\nCh\u1ec9 s\u1eed d\u1ee5ng ngo\u00e0i da.<\/p>\n<p><strong>\u0110\u1ecaNH D\u1ea0NG<\/strong><br \/>\n8ml, 30ml<\/p>\n","protected":false},"excerpt":{"rendered":"<p>Complexe Royal ch\u1ee9a m\u1ed9t l\u01b0\u1ee3ng l\u1edbn s\u1eefa ong ch\u00faa, cung c\u1ea5p d\u01b0\u1ee1ng ch\u1ea5t m\u1ea1nh m\u1ebd gi\u00fap t\u00e1i t\u1ea1o h\u00e0ng r\u00e0o b\u1ea3o v\u1ec7 da \u0111\u1ec3 da c\u1ea3m th\u1ea5y tho\u1ea3i m\u00e1i h\u01a1n m\u1ed7i ng\u00e0y. C\u00e1c th\u00e0nh ph\u1ea7n ho\u1ea1t \u0111\u1ed9ng ch\u1ed1ng oxy h\u00f3a c\u1ee7a n\u00f3 c\u0169ng ho\u1ea1t \u0111\u1ed9ng \u0111\u1ec3 b\u1ea3o v\u1ec7 th\u1ef1c s\u1ef1 ch\u1ed1ng l\u1ea1i c\u00e1c g\u1ed1c t\u1ef1 do. L\u1edbp bi\u1ec3u b\u00ec \u0111\u01b0\u1ee3c c\u1ee7ng c\u1ed1 v\u00e0 m\u1ea1nh m\u1ebd h\u01a1n, v\u00e0 l\u00e0n da s\u00e1ng h\u01a1n \u0111\u1ed3ng nh\u1ea5t m\u00e0u da.<\/p>\n","protected":false},"featured_media":1200,"comment_status":"open","ping_status":"closed","template":"","meta":{"site-sidebar-layout":"default","site-content-layout":"default","ast-global-header-display":"","ast-banner-title-visibility":"","ast-main-header-display":"","ast-hfb-above-header-display":"","ast-hfb-below-header-display":"","ast-hfb-mobile-header-display":"","site-post-title":"","ast-breadcrumbs-content":"","ast-featured-img":"","footer-sml-layout":"","theme-transparent-header-meta":"default","adv-header-id-meta":"","stick-header-meta":"","header-above-stick-meta":"","header-main-stick-meta":"","header-below-stick-meta":""},"product_cat":[35,38],"product_tag":[],"_links":{"self":[{"href":"https:\/\/oanhbeautyspa.com\/index.php\/wp-json\/wp\/v2\/product\/1044"}],"collection":[{"href":"https:\/\/oanhbeautyspa.com\/index.php\/wp-json\/wp\/v2\/product"}],"about":[{"href":"https:\/\/oanhbeautyspa.com\/index.php\/wp-json\/wp\/v2\/types\/product"}],"replies":[{"embeddable":true,"href":"https:\/\/oanhbeautyspa.com\/index.php\/wp-json\/wp\/v2\/comments?post=1044"}],"wp:featuredmedia":[{"embeddable":true,"href":"https:\/\/oanhbeautyspa.com\/index.php\/wp-json\/wp\/v2\/media\/1200"}],"wp:attachment":[{"href":"https:\/\/oanhbeautyspa.com\/index.php\/wp-json\/wp\/v2\/media?parent=1044"}],"wp:term":[{"taxonomy":"product_cat","embeddable":true,"href":"https:\/\/oanhbeautyspa.com\/index.php\/wp-json\/wp\/v2\/product_cat?post=1044"},{"taxonomy":"product_tag","embeddable":true,"href":"https:\/\/oanhbeautyspa.com\/index.php\/wp-json\/wp\/v2\/product_tag?post=1044"}],"curies":[{"name":"wp","href":"https:\/\/api.w.org\/{rel}","templated":true}]}}