{"id":1043,"date":"2023-10-10T12:43:33","date_gmt":"2023-10-10T11:43:33","guid":{"rendered":"https:\/\/oanhbeautyspa.com\/?post_type=product&#038;p=1043"},"modified":"2023-10-31T22:33:40","modified_gmt":"2023-10-31T22:33:40","slug":"colostrum-8ml","status":"publish","type":"product","link":"https:\/\/oanhbeautyspa.com\/index.php\/product\/colostrum-8ml\/","title":{"rendered":"Colostrum &#8211; 8ml"},"content":{"rendered":"<p>Colostrum<br \/>\nTinh ch\u1ea5t Colostrum tinh khi\u1ebft d\u01b0\u1ee1ng \u1ea9m v\u00e0 \u0111\u00e1n h\u1ed3i<\/p>\n<p><strong>\u2022 D\u01af\u1ee0NG \u1ea8M \u2022 T\u00c1I T\u1ea0O LIPID, T\u0102NG C\u01af\u1edcNG \u0110\u1ed8 \u0110\u00c0N H\u1ed2I<\/strong><br \/>\nHuy\u1ebft thanh Colostrum l\u00e0 m\u1ed9t li\u1ec7u ph\u00e1p ph\u1ee5c h\u1ed3i lipid chuy\u00ean s\u00e2u ho\u1ea1t \u0111\u1ed9ng nh\u01b0 m\u1ed9t l\u1edbp \u0111\u1ec7m l\u1ecfng gi\u00fap c\u1ee7ng c\u1ed1 h\u00e0ng r\u00e0o b\u1ea3o v\u1ec7 da. C\u00f4ng th\u1ee9c c\u1ed1t l\u00f5i c\u1ee7a s\u1ea3n ph\u1ea9m mang l\u1ea1i c\u00e1c \u0111\u1eb7c t\u00ednh nu\u00f4i d\u01b0\u1ee1ng c\u00f3 m\u1ed9t kh\u00f4ng hai, gi\u00fap gi\u1ea3m kh\u00f4 tr\u00ean b\u1ec1 m\u1eb7t v\u00e0 duy tr\u00ec \u0111\u1ed9 \u1ea9m s\u00e2u cho da. H\u00e0m l\u01b0\u1ee3ng n\u01b0\u1edbc c\u1ee7a l\u1edbp bi\u1ec3u b\u00ec \u0111\u01b0\u1ee3c ph\u1ee5c h\u1ed3i, th\u00fac \u0111\u1ea9y qu\u00e1 tr\u00ecnh t\u00e1i t\u1ea1o l\u1edbp m\u00e0ng b\u1ea3o v\u1ec7 lipid v\u1ed1n \u0111\u00e3 b\u1ecb suy gi\u1ea3m. Da l\u1ea5y l\u1ea1i s\u1ef1 m\u1ec1m m\u1ea1i v\u00e0 tho\u1ea3i m\u00e1i l\u00e2u d\u00e0i.<br \/>\nKhuy\u00ean d\u00f9ng cho da b\u1ecb m\u1ea5t n\u01b0\u1edbc v\u00e0 thi\u1ebfu dinh d\u01b0\u1ee1ng.<\/p>\n<p><strong>H\u01af\u1edaNG D\u1eaaN S\u1eec D\u1ee4NG<\/strong><br \/>\n1. Thoa 10 gi\u1ecdt v\u00e0o bu\u1ed5i s\u00e1ng v\u00e0 bu\u1ed5i t\u1ed1i tr\u00ean m\u1eb7t, v\u00f9ng c\u1ed5 v\u00e0 ng\u1ef1c.<br \/>\n2. Massage nh\u1eb9 theo chi\u1ec1u t\u0103ng d\u1ea7n cho \u0111\u1ebfn khi s\u1ea3n ph\u1ea9m h\u1ea5p th\u1ee5 ho\u00e0n to\u00e0n.<\/p>\n<p><strong>TH\u1eacN TR\u1eccNG KHI S\u1eec D\u1ee4NG<\/strong><br \/>\nCh\u1ec9 s\u1eed d\u1ee5ng ngo\u00e0i da.<\/p>\n<p><strong>\u0110\u1ecaNH D\u1ea0NG<\/strong><br \/>\n8ml, 30ml<\/p>\n","protected":false},"excerpt":{"rendered":"<p>Huy\u1ebft thanh Colostrum l\u00e0 m\u1ed9t li\u1ec7u ph\u00e1p ph\u1ee5c h\u1ed3i lipid chuy\u00ean s\u00e2u ho\u1ea1t \u0111\u1ed9ng nh\u01b0 m\u1ed9t l\u1edbp \u0111\u1ec7m l\u1ecfng gi\u00fap c\u1ee7ng c\u1ed1 h\u00e0ng r\u00e0o b\u1ea3o v\u1ec7 da. C\u00f4ng th\u1ee9c c\u1ed1t l\u00f5i c\u1ee7a s\u1ea3n ph\u1ea9m mang l\u1ea1i c\u00e1c \u0111\u1eb7c t\u00ednh nu\u00f4i d\u01b0\u1ee1ng c\u00f3 m\u1ed9t kh\u00f4ng hai, gi\u00fap gi\u1ea3m kh\u00f4 tr\u00ean b\u1ec1 m\u1eb7t v\u00e0 duy tr\u00ec \u0111\u1ed9 \u1ea9m s\u00e2u cho da. H\u00e0m l\u01b0\u1ee3ng n\u01b0\u1edbc c\u1ee7a l\u1edbp bi\u1ec3u b\u00ec \u0111\u01b0\u1ee3c ph\u1ee5c h\u1ed3i, th\u00fac \u0111\u1ea9y qu\u00e1 tr\u00ecnh t\u00e1i t\u1ea1o l\u1edbp m\u00e0ng b\u1ea3o v\u1ec7 lipid v\u1ed1n \u0111\u00e3 b\u1ecb suy gi\u1ea3m. Da l\u1ea5y l\u1ea1i s\u1ef1 m\u1ec1m m\u1ea1i v\u00e0 tho\u1ea3i m\u00e1i l\u00e2u d\u00e0i.<\/p>\n","protected":false},"featured_media":1199,"comment_status":"open","ping_status":"closed","template":"","meta":{"site-sidebar-layout":"default","site-content-layout":"default","ast-global-header-display":"","ast-banner-title-visibility":"","ast-main-header-display":"","ast-hfb-above-header-display":"","ast-hfb-below-header-display":"","ast-hfb-mobile-header-display":"","site-post-title":"","ast-breadcrumbs-content":"","ast-featured-img":"","footer-sml-layout":"","theme-transparent-header-meta":"default","adv-header-id-meta":"","stick-header-meta":"","header-above-stick-meta":"","header-main-stick-meta":"","header-below-stick-meta":""},"product_cat":[35,38],"product_tag":[],"_links":{"self":[{"href":"https:\/\/oanhbeautyspa.com\/index.php\/wp-json\/wp\/v2\/product\/1043"}],"collection":[{"href":"https:\/\/oanhbeautyspa.com\/index.php\/wp-json\/wp\/v2\/product"}],"about":[{"href":"https:\/\/oanhbeautyspa.com\/index.php\/wp-json\/wp\/v2\/types\/product"}],"replies":[{"embeddable":true,"href":"https:\/\/oanhbeautyspa.com\/index.php\/wp-json\/wp\/v2\/comments?post=1043"}],"wp:featuredmedia":[{"embeddable":true,"href":"https:\/\/oanhbeautyspa.com\/index.php\/wp-json\/wp\/v2\/media\/1199"}],"wp:attachment":[{"href":"https:\/\/oanhbeautyspa.com\/index.php\/wp-json\/wp\/v2\/media?parent=1043"}],"wp:term":[{"taxonomy":"product_cat","embeddable":true,"href":"https:\/\/oanhbeautyspa.com\/index.php\/wp-json\/wp\/v2\/product_cat?post=1043"},{"taxonomy":"product_tag","embeddable":true,"href":"https:\/\/oanhbeautyspa.com\/index.php\/wp-json\/wp\/v2\/product_tag?post=1043"}],"curies":[{"name":"wp","href":"https:\/\/api.w.org\/{rel}","templated":true}]}}