{"id":1037,"date":"2023-10-10T12:43:33","date_gmt":"2023-10-10T11:43:33","guid":{"rendered":"https:\/\/oanhbeautyspa.com\/?post_type=product&#038;p=1037"},"modified":"2023-10-31T22:30:20","modified_gmt":"2023-10-31T22:30:20","slug":"biomagic-mask","status":"publish","type":"product","link":"https:\/\/oanhbeautyspa.com\/index.php\/product\/biomagic-mask\/","title":{"rendered":"Biomagic Mask"},"content":{"rendered":"<p>Biomagic Mask<br \/>\nM\u1eb7t n\u1ea1 n\u00e2ng c\u01a1 v\u00e0 s\u0103n ch\u1eafc da<\/p>\n<p><strong>\u2022 L\u00c0M \u0110\u1ea6Y \u2022C\u0102NG DA \u2022 \u0110\u1ecaNH H\u00ccNH V\u00c0 S\u0102N CH\u1eaeC<\/strong><br \/>\nM\u1eb7t n\u1ea1 Biomagic l\u00e0 m\u1ed9t ph\u01b0\u01a1ng ph\u00e1p \u0111i\u1ec1u tr\u1ecb l\u00e0m m\u1ecbn da m\u1eb7t t\u1ee9c th\u00ec gi\u00fap l\u00e0m c\u0103ng l\u1edbp bi\u1ec3u b\u00ec b\u1eb1ng c\u00e1ch gi\u1ea3m c\u00e1c khuy\u1ebft \u0111i\u1ec3m tr\u00ean da. Ho\u1ea1t ch\u1ea5t ch\u1ed1ng oxy h\u00f3a c\u1ee7a n\u00f3 g\u00f3p ph\u1ea7n b\u1ea3o v\u1ec7 da kh\u1ecfi stress v\u00e0 oxy h\u00f3a. L\u1ed7 ch\u00e2n l\u00f4ng \u0111\u01b0\u1ee3c se kh\u00edt v\u00e0 l\u00e0n da l\u1ea5y l\u1ea1i v\u1ebb r\u1ea1ng r\u1ee1 t\u1ef1 nhi\u00ean.<br \/>\n\u0110\u01b0\u1ee3c khuy\u1ebfn ngh\u1ecb cho da b\u1ecb x\u1ec9n m\u00e0u v\u1edbi l\u1ed7 ch\u00e2n l\u00f4ng b\u1ecb gi\u00e3n c\u00f3 d\u1ea5u hi\u1ec7u l\u00e3o h\u00f3a.<\/p>\n<p><strong>H\u01af\u1edaNG D\u1eaaN S\u1eec D\u1ee4NG<\/strong><br \/>\n1. Thoa l\u00ean to\u00e0n b\u1ed9 v\u00f9ng m\u1eb7t, c\u1ed5 v\u00e0 vai<br \/>\n2. Tr\u00e1nh v\u00f9ng quanh m\u1eaft<br \/>\n3. \u0110\u1ec3 y\u00ean trong 15 ph\u00fat<br \/>\n4. R\u1eeda s\u1ea1ch b\u1eb1ng n\u01b0\u1edbc l\u1ea1nh .<\/p>\n<p><strong>TH\u1eacN TR\u1eccNG KHI S\u1eec D\u1ee4NG<\/strong><br \/>\nTr\u00e1nh ti\u1ebfp x\u00fac v\u1edbi m\u1eaft<br \/>\nCh\u1ec9 s\u1eed d\u1ee5ng ngo\u00e0i da.<\/p>\n<p><strong>\u0110\u1ecaNH D\u1ea0NG<\/strong><br \/>\n100 ml<\/p>\n","protected":false},"excerpt":{"rendered":"<p>M\u1eb7t n\u1ea1 Biomagic l\u00e0 m\u1ed9t ph\u01b0\u01a1ng ph\u00e1p \u0111i\u1ec1u tr\u1ecb l\u00e0m m\u1ecbn da m\u1eb7t t\u1ee9c th\u00ec gi\u00fap l\u00e0m c\u0103ng l\u1edbp bi\u1ec3u b\u00ec b\u1eb1ng c\u00e1ch gi\u1ea3m c\u00e1c khuy\u1ebft \u0111i\u1ec3m tr\u00ean da. Ho\u1ea1t ch\u1ea5t ch\u1ed1ng oxy h\u00f3a c\u1ee7a n\u00f3 g\u00f3p ph\u1ea7n b\u1ea3o v\u1ec7 da kh\u1ecfi stress v\u00e0 oxy h\u00f3a. L\u1ed7 ch\u00e2n l\u00f4ng \u0111\u01b0\u1ee3c se kh\u00edt v\u00e0 l\u00e0n da l\u1ea5y l\u1ea1i v\u1ebb r\u1ea1ng r\u1ee1 t\u1ef1 nhi\u00ean.<\/p>\n","protected":false},"featured_media":1193,"comment_status":"open","ping_status":"closed","template":"","meta":{"site-sidebar-layout":"default","site-content-layout":"default","ast-global-header-display":"","ast-banner-title-visibility":"","ast-main-header-display":"","ast-hfb-above-header-display":"","ast-hfb-below-header-display":"","ast-hfb-mobile-header-display":"","site-post-title":"","ast-breadcrumbs-content":"","ast-featured-img":"","footer-sml-layout":"","theme-transparent-header-meta":"default","adv-header-id-meta":"","stick-header-meta":"","header-above-stick-meta":"","header-main-stick-meta":"","header-below-stick-meta":""},"product_cat":[35,40],"product_tag":[],"_links":{"self":[{"href":"https:\/\/oanhbeautyspa.com\/index.php\/wp-json\/wp\/v2\/product\/1037"}],"collection":[{"href":"https:\/\/oanhbeautyspa.com\/index.php\/wp-json\/wp\/v2\/product"}],"about":[{"href":"https:\/\/oanhbeautyspa.com\/index.php\/wp-json\/wp\/v2\/types\/product"}],"replies":[{"embeddable":true,"href":"https:\/\/oanhbeautyspa.com\/index.php\/wp-json\/wp\/v2\/comments?post=1037"}],"wp:featuredmedia":[{"embeddable":true,"href":"https:\/\/oanhbeautyspa.com\/index.php\/wp-json\/wp\/v2\/media\/1193"}],"wp:attachment":[{"href":"https:\/\/oanhbeautyspa.com\/index.php\/wp-json\/wp\/v2\/media?parent=1037"}],"wp:term":[{"taxonomy":"product_cat","embeddable":true,"href":"https:\/\/oanhbeautyspa.com\/index.php\/wp-json\/wp\/v2\/product_cat?post=1037"},{"taxonomy":"product_tag","embeddable":true,"href":"https:\/\/oanhbeautyspa.com\/index.php\/wp-json\/wp\/v2\/product_tag?post=1037"}],"curies":[{"name":"wp","href":"https:\/\/api.w.org\/{rel}","templated":true}]}}