{"id":1035,"date":"2023-10-10T12:43:33","date_gmt":"2023-10-10T11:43:33","guid":{"rendered":"https:\/\/oanhbeautyspa.com\/?post_type=product&#038;p=1035"},"modified":"2023-10-31T22:09:17","modified_gmt":"2023-10-31T22:09:17","slug":"biokiss","status":"publish","type":"product","link":"https:\/\/oanhbeautyspa.com\/index.php\/product\/biokiss\/","title":{"rendered":"Biokiss"},"content":{"rendered":"<p>Biokiss<br \/>\nSon d\u01b0\u1ee1ng \u1ea9m v\u00e0 l\u00e0m d\u1ecbu m\u00f4i kh\u00f4<\/p>\n<p><strong>\u2022 BAO B\u1eccC, B\u1ea2O V\u1ec6\/PH\u00d2NG NG\u1eeaA \u2022 T\u00c1I T\u1ea0O LIPID \u2022 PH\u1ee4C H\u1ed2I<\/strong><br \/>\nBiokiss l\u00e0 m\u1ed9t lo\u1ea1i son d\u01b0\u1ee1ng t\u00e1i t\u1ea1o \u0111\u1eb7c bi\u1ec7t gi\u00fap nu\u00f4i d\u01b0\u1ee1ng \u0111\u00f4i m\u00f4i kh\u00f4 v\u00e0 l\u00e0m m\u1ecbn m\u00e0ng cho \u0111\u00f4i m\u00f4i d\u1ec5 bong tr\u00f3c. \u0110\u1eb7c t\u00ednh ch\u1ed1ng oxy h\u00f3a v\u00e0 l\u00e0m d\u1ecbu c\u1ee7a n\u00f3 b\u1ea3o v\u1ec7 \u0111\u00f4i m\u00f4i kh\u1ecfi t\u00e1c h\u1ea1i c\u1ee7a m\u00f4i tr\u01b0\u1eddng, gi\u00fap m\u00f4i tho\u1ea3i m\u00e1i v\u00e0 m\u1ec1m m\u1ea1i h\u01a1n ,gi\u00fap m\u00f4i tr\u1edf n\u00ean th\u01b0 gi\u00e3n ngay sau khi s\u1eed d\u1ee5ng.<\/p>\n<p><strong>H\u01af\u1edaNG D\u1eaaN S\u1eec D\u1ee4NG<\/strong><br \/>\nS\u1eed d\u1ee5ng Biokiss th\u01b0\u1eddng xuy\u00ean tr\u00ean v\u00e0 xung quanh \u0111\u00f4i m\u00f4i c\u1ee7a b\u1ea1n<\/p>\n<p><strong>TH\u1eacN TR\u1eccNG KHI S\u1eec D\u1ee4NG<\/strong><br \/>\nCh\u1ec9 s\u1eed d\u1ee5ng ngo\u00e0i da.<\/p>\n<p>\u0110\u1ecaNH D\u1ea0NG<br \/>\n15 ml<\/p>\n","protected":false},"excerpt":{"rendered":"<p>Biokiss l\u00e0 m\u1ed9t lo\u1ea1i son d\u01b0\u1ee1ng t\u00e1i t\u1ea1o \u0111\u1eb7c bi\u1ec7t gi\u00fap nu\u00f4i d\u01b0\u1ee1ng \u0111\u00f4i m\u00f4i kh\u00f4 v\u00e0 l\u00e0m m\u1ecbn m\u00e0ng cho \u0111\u00f4i m\u00f4i d\u1ec5 bong tr\u00f3c. \u0110\u1eb7c t\u00ednh ch\u1ed1ng oxy h\u00f3a v\u00e0 l\u00e0m d\u1ecbu c\u1ee7a n\u00f3 b\u1ea3o v\u1ec7 \u0111\u00f4i m\u00f4i kh\u1ecfi t\u00e1c h\u1ea1i c\u1ee7a m\u00f4i tr\u01b0\u1eddng, gi\u00fap m\u00f4i tho\u1ea3i m\u00e1i v\u00e0 m\u1ec1m m\u1ea1i h\u01a1n ,gi\u00fap m\u00f4i tr\u1edf n\u00ean th\u01b0 gi\u00e3n ngay sau khi s\u1eed d\u1ee5ng.<\/p>\n","protected":false},"featured_media":1191,"comment_status":"open","ping_status":"closed","template":"","meta":{"site-sidebar-layout":"default","site-content-layout":"default","ast-global-header-display":"","ast-banner-title-visibility":"","ast-main-header-display":"","ast-hfb-above-header-display":"","ast-hfb-below-header-display":"","ast-hfb-mobile-header-display":"","site-post-title":"","ast-breadcrumbs-content":"","ast-featured-img":"","footer-sml-layout":"","theme-transparent-header-meta":"default","adv-header-id-meta":"","stick-header-meta":"","header-above-stick-meta":"","header-main-stick-meta":"","header-below-stick-meta":""},"product_cat":[35,39],"product_tag":[],"_links":{"self":[{"href":"https:\/\/oanhbeautyspa.com\/index.php\/wp-json\/wp\/v2\/product\/1035"}],"collection":[{"href":"https:\/\/oanhbeautyspa.com\/index.php\/wp-json\/wp\/v2\/product"}],"about":[{"href":"https:\/\/oanhbeautyspa.com\/index.php\/wp-json\/wp\/v2\/types\/product"}],"replies":[{"embeddable":true,"href":"https:\/\/oanhbeautyspa.com\/index.php\/wp-json\/wp\/v2\/comments?post=1035"}],"wp:featuredmedia":[{"embeddable":true,"href":"https:\/\/oanhbeautyspa.com\/index.php\/wp-json\/wp\/v2\/media\/1191"}],"wp:attachment":[{"href":"https:\/\/oanhbeautyspa.com\/index.php\/wp-json\/wp\/v2\/media?parent=1035"}],"wp:term":[{"taxonomy":"product_cat","embeddable":true,"href":"https:\/\/oanhbeautyspa.com\/index.php\/wp-json\/wp\/v2\/product_cat?post=1035"},{"taxonomy":"product_tag","embeddable":true,"href":"https:\/\/oanhbeautyspa.com\/index.php\/wp-json\/wp\/v2\/product_tag?post=1035"}],"curies":[{"name":"wp","href":"https:\/\/api.w.org\/{rel}","templated":true}]}}