{"id":1034,"date":"2023-10-10T12:43:33","date_gmt":"2023-10-10T11:43:33","guid":{"rendered":"https:\/\/oanhbeautyspa.com\/?post_type=product&#038;p=1034"},"modified":"2023-10-31T22:33:17","modified_gmt":"2023-10-31T22:33:17","slug":"amniotique-8ml","status":"publish","type":"product","link":"https:\/\/oanhbeautyspa.com\/index.php\/product\/amniotique-8ml\/","title":{"rendered":"Amniotique &#8211; 8ml"},"content":{"rendered":"<p>Amniotique VG<br \/>\nTinh ch\u1ea5t d\u01b0\u1ee1ng \u1ea9m c\u01a1 b\u1ea3n, t\u00e1i t\u1ea1o, \u0111\u1ed3ng nh\u1ea5t m\u00e0u da<\/p>\n<p><strong>\u2022 L\u00c0M D\u1ecaU \u2022 D\u01af\u1ee0NG \u1ea8M \u2022 BAO B\u1eccC, B\u1ea2O V\u1ec6\/PH\u00d2NG NG\u1eeaA<\/strong><\/p>\n<p>Amniotique serum l\u00e0 m\u1ed9t ngu\u1ed3n d\u01b0\u1ee1ng \u1ea9m v\u00f4 song \u0111\u1ec3 duy tr\u00ec m\u1ee9c \u0111\u1ed9 \u1ea9m c\u1ee7a da cao nh\u1ea5t c\u00f3 th\u1ec3. C\u00e1c th\u00e0nh ph\u1ea7n ho\u1ea1t \u0111\u1ed9ng c\u1ed1 \u0111\u1ecbnh hydro c\u1ee7a n\u00f3 gi\u00fap c\u00e1c t\u1ebf b\u00e0o thu gi\u1eef n\u01b0\u1edbc v\u00e0 kh\u00f3a n\u00f3 v\u00e0o c\u00e1c l\u1edbp bi\u1ec3u b\u00ec b\u00ean ngo\u00e0i, xua tan s\u1ef1 kh\u00f3 ch\u1ecbu do da kh\u00f4 \u0111\u1ec3 l\u00e0m gi\u1ea3m qu\u00e1 tr\u00ecnh d\u01b0\u1ee1ng \u1ea9m l\u00e2u d\u00e0i. V\u1edbi s\u1ef1 c\u00e2n b\u1eb1ng \u0111\u1ed9 \u1ea9m c\u1ee7a da \u0111\u01b0\u1ee3c t\u1ed1i \u01b0u h\u00f3a, s\u1ea3n ph\u1ea9m gi\u00fap b\u1ea1n c\u1ea3m nh\u1eadn \u0111\u01b0\u1ee3c c\u1ea3m gi\u00e1c tho\u1ea3i m\u00e1i th\u1ef1c s\u1ef1.<br \/>\n\u0110\u01b0\u1ee3c khuy\u1ebfn ngh\u1ecb cho c\u00e1c da kh\u00f4 b\u1ecb m\u1ea5t n\u01b0\u1edbc.<\/p>\n<p><strong>H\u01af\u1edaNG D\u1eaaN S\u1eec D\u1ee4NG<\/strong><br \/>\n1. Thoa l\u00ean to\u00e0n b\u1ed9 v\u00f9ng m\u1eb7t, c\u1ed5 v\u00e0 vai<br \/>\n2. Massage h\u01b0\u1edbng l\u00ean tr\u00ean cho \u0111\u1ebfn khi s\u1ea3n ph\u1ea9m \u0111\u01b0\u1ee3c h\u1ea5p th\u1ee5 ho\u00e0n to\u00e0n<\/p>\n<p><strong>TH\u1eacN TR\u1eccNG KHI S\u1eec D\u1ee4NG<\/strong><br \/>\nTr\u00e1nh ti\u1ebfp x\u00fac v\u1edbi m\u1eaft.<br \/>\nCh\u1ec9 s\u1eed d\u1ee5ng ngo\u00e0i da.<\/p>\n<p><strong>\u0110\u1ecaNH D\u1ea0NG<\/strong><br \/>\n8ml, 30ml<\/p>\n","protected":false},"excerpt":{"rendered":"<p>Amniotique serum l\u00e0 m\u1ed9t ngu\u1ed3n d\u01b0\u1ee1ng \u1ea9m v\u00f4 song \u0111\u1ec3 duy tr\u00ec m\u1ee9c \u0111\u1ed9 \u1ea9m c\u1ee7a da cao nh\u1ea5t c\u00f3 th\u1ec3. C\u00e1c th\u00e0nh ph\u1ea7n ho\u1ea1t \u0111\u1ed9ng c\u1ed1 \u0111\u1ecbnh hydro c\u1ee7a n\u00f3 gi\u00fap c\u00e1c t\u1ebf b\u00e0o thu gi\u1eef n\u01b0\u1edbc v\u00e0 kh\u00f3a n\u00f3 v\u00e0o c\u00e1c l\u1edbp bi\u1ec3u b\u00ec b\u00ean ngo\u00e0i, xua tan s\u1ef1 kh\u00f3 ch\u1ecbu do da kh\u00f4 \u0111\u1ec3 l\u00e0m gi\u1ea3m qu\u00e1 tr\u00ecnh d\u01b0\u1ee1ng \u1ea9m l\u00e2u d\u00e0i. V\u1edbi s\u1ef1 c\u00e2n b\u1eb1ng \u0111\u1ed9 \u1ea9m c\u1ee7a da \u0111\u01b0\u1ee3c t\u1ed1i \u01b0u h\u00f3a, s\u1ea3n ph\u1ea9m gi\u00fap b\u1ea1n c\u1ea3m nh\u1eadn \u0111\u01b0\u1ee3c c\u1ea3m gi\u00e1c tho\u1ea3i m\u00e1i th\u1ef1c s\u1ef1.<\/p>\n","protected":false},"featured_media":1190,"comment_status":"open","ping_status":"closed","template":"","meta":{"site-sidebar-layout":"default","site-content-layout":"default","ast-global-header-display":"","ast-banner-title-visibility":"","ast-main-header-display":"","ast-hfb-above-header-display":"","ast-hfb-below-header-display":"","ast-hfb-mobile-header-display":"","site-post-title":"","ast-breadcrumbs-content":"","ast-featured-img":"","footer-sml-layout":"","theme-transparent-header-meta":"default","adv-header-id-meta":"","stick-header-meta":"","header-above-stick-meta":"","header-main-stick-meta":"","header-below-stick-meta":""},"product_cat":[35,38],"product_tag":[],"_links":{"self":[{"href":"https:\/\/oanhbeautyspa.com\/index.php\/wp-json\/wp\/v2\/product\/1034"}],"collection":[{"href":"https:\/\/oanhbeautyspa.com\/index.php\/wp-json\/wp\/v2\/product"}],"about":[{"href":"https:\/\/oanhbeautyspa.com\/index.php\/wp-json\/wp\/v2\/types\/product"}],"replies":[{"embeddable":true,"href":"https:\/\/oanhbeautyspa.com\/index.php\/wp-json\/wp\/v2\/comments?post=1034"}],"wp:featuredmedia":[{"embeddable":true,"href":"https:\/\/oanhbeautyspa.com\/index.php\/wp-json\/wp\/v2\/media\/1190"}],"wp:attachment":[{"href":"https:\/\/oanhbeautyspa.com\/index.php\/wp-json\/wp\/v2\/media?parent=1034"}],"wp:term":[{"taxonomy":"product_cat","embeddable":true,"href":"https:\/\/oanhbeautyspa.com\/index.php\/wp-json\/wp\/v2\/product_cat?post=1034"},{"taxonomy":"product_tag","embeddable":true,"href":"https:\/\/oanhbeautyspa.com\/index.php\/wp-json\/wp\/v2\/product_tag?post=1034"}],"curies":[{"name":"wp","href":"https:\/\/api.w.org\/{rel}","templated":true}]}}